{"id":704852,"date":"2025-08-27T15:40:10","date_gmt":"2025-08-27T12:40:10","guid":{"rendered":"https:\/\/roveyayinevi.com.tr\/index.php\/urun\/dil-felsefesi-tartismalari\/"},"modified":"2026-04-16T02:13:52","modified_gmt":"2026-04-15T23:13:52","slug":"dil-felsefesi-tartismalari","status":"publish","type":"product","link":"https:\/\/roveyayinevi.com.tr\/index.php\/urun\/dil-felsefesi-tartismalari\/","title":{"rendered":"Dil Felsefesi Tart\u0131\u015fmalar\u0131"},"content":{"rendered":"<p>Dil felsefesindeki \u00e7e\u015fitli sorunlar etraf\u0131nda d\u00fc\u015f\u00fcnce tarihi boyunca filozoflarca \u00f6ne s\u00fcr\u00fclm\u00fc\u015f g\u00f6r\u00fc\u015fler muhteliftir. Bu kitapta, s\u00f6z konusu g\u00f6r\u00fc\u015fler aras\u0131ndaki hararetli tart\u0131\u015fmalar\u0131n Platon\u2019dan Chomsky\u2019ye kadar \u00e7izilmi\u015f bir panoramas\u0131n\u0131 bulacaks\u0131n\u0131z. Retorik, dilin k\u00f6keni, kusursuz dil ideali, dilin ifade g\u00fcc\u00fcn\u00fcn s\u0131n\u0131rlar\u0131, s\u00f6zel davran\u0131\u015f\u0131n kayna\u011f\u0131, d\u00fc\u015f\u00fcnce ile dil aras\u0131ndaki ili\u015fki gibi konulardaki tart\u0131\u015fmalar ve Aristoteles, Descartes, Leibniz, Berkeley, Herder, Renan, Bergson, Austin, Searle ve daha bir\u00e7ok filozofun yakla\u015f\u0131mlar\u0131 kar\u015f\u0131la\u015ft\u0131rmal\u0131 olarak inceleniyor. Kitap bu h\u00e2liyle, dile ve felsefe sorunlar\u0131na merakl\u0131 okurlara, filozoflar\u0131n \u00e7a\u011flar \u00f6ncesinden g\u00fcn\u00fcm\u00fcze uzanan d\u00fc\u015f\u00fcnme davetini tekrarl\u0131yor. \ufffcTan\u0131t\u0131m Metni<\/p>\n","protected":false},"excerpt":{"rendered":"<p>Dil felsefesindeki \u00e7e\u015fitli sorunlar etraf\u0131nda d\u00fc\u015f\u00fcnce tarihi boyunca filozoflarca \u00f6ne s\u00fcr\u00fclm\u00fc\u015f g\u00f6r\u00fc\u015fler muhteliftir. Bu kitapta, s\u00f6z konusu g\u00f6r\u00fc\u015fler aras\u0131ndaki hararetli tart\u0131\u015fmalar\u0131n Platon\u2019dan Chomsky\u2019ye kadar \u00e7izilmi\u015f bir<span class=\"excerpt-hellip\"> [\u2026]<\/span><\/p>\n","protected":false},"featured_media":0,"template":"","meta":{"_monsterinsights_skip_tracking":false,"_monsterinsights_sitenote_active":false,"_monsterinsights_sitenote_note":"","_monsterinsights_sitenote_category":0},"product_brand":[],"product_cat":[12389,12388],"product_tag":[],"class_list":{"0":"post-704852","1":"product","2":"type-product","3":"status-publish","5":"product_cat-diger-felsefe","6":"product_cat-felsefe","7":"pa_tur-kitap","8":"pa_yayinevi-bilge-kultur-sanat","9":"pa_yazar-atakan-altinors","11":"first","12":"instock","13":"sale","14":"shipping-taxable","15":"purchasable","16":"product-type-simple"},"_links":{"self":[{"href":"https:\/\/roveyayinevi.com.tr\/index.php\/wp-json\/wp\/v2\/product\/704852","targetHints":{"allow":["GET"]}}],"collection":[{"href":"https:\/\/roveyayinevi.com.tr\/index.php\/wp-json\/wp\/v2\/product"}],"about":[{"href":"https:\/\/roveyayinevi.com.tr\/index.php\/wp-json\/wp\/v2\/types\/product"}],"wp:attachment":[{"href":"https:\/\/roveyayinevi.com.tr\/index.php\/wp-json\/wp\/v2\/media?parent=704852"}],"wp:term":[{"taxonomy":"product_brand","embeddable":true,"href":"https:\/\/roveyayinevi.com.tr\/index.php\/wp-json\/wp\/v2\/product_brand?post=704852"},{"taxonomy":"product_cat","embeddable":true,"href":"https:\/\/roveyayinevi.com.tr\/index.php\/wp-json\/wp\/v2\/product_cat?post=704852"},{"taxonomy":"product_tag","embeddable":true,"href":"https:\/\/roveyayinevi.com.tr\/index.php\/wp-json\/wp\/v2\/product_tag?post=704852"}],"curies":[{"name":"wp","href":"https:\/\/api.w.org\/{rel}","templated":true}]}}