{"id":704848,"date":"2025-08-27T15:40:08","date_gmt":"2025-08-27T12:40:08","guid":{"rendered":"https:\/\/roveyayinevi.com.tr\/index.php\/urun\/marie-antoinette\/"},"modified":"2026-04-16T02:13:52","modified_gmt":"2026-04-15T23:13:52","slug":"marie-antoinette","status":"publish","type":"product","link":"https:\/\/roveyayinevi.com.tr\/index.php\/urun\/marie-antoinette\/","title":{"rendered":"Marie Antoinette"},"content":{"rendered":"<p>Fransa Kral\u0131 XVI. Louis\u2019nin kar\u0131s\u0131 Marie Antoinette, u\u00e7ar\u0131l\u0131\u011f\u0131, savurganl\u0131\u011f\u0131 ve reform d\u00fc\u015fmanl\u0131\u011f\u0131yla halk\u0131n g\u00f6z\u00fcnde yoz soylu tipinin simgesi olmu\u015f, Frans\u0131z Devrimi\u2019nden sonra ya\u015fam\u0131n\u0131n geri kalan b\u00f6l\u00fcm\u00fcn\u00fc Paris hapishanelerinde ge\u00e7irmi\u015f, 1793\u2019te Devrim Mahkemesi\u2019nce yarg\u0131lanarak giyotinle idam edilmi\u015fti. Tarihsel karakterler \u00fczerine benzersiz biyografileriyle tan\u0131nan Stefan Zweig, Marie Antoinette: Vasat Bir Karakterin Portresi \u2018nde, nesnellikten \u00e7ok sezgiye dayanan bir ya\u015fam\u00f6yk\u00fcs\u00fc sunuyor okurlara. Psikolojiye ve Freud\u2019un \u00f6\u011fretisine duydu\u011fu ilgi sonucunda derin karakter incelemelerinde ustala\u015fan Zweig, Marie Antoinette\u2019in efsanevi ki\u015fili\u011fine bir psikolo\u011fun sezgi g\u00fcc\u00fcyle yakla\u015f\u0131yor. Fransa\u2019n\u0131n son krali\u00e7esinin k\u0131sac\u0131k ya\u015fam\u0131 \u00fcst\u00fcndeki esrar perdesini kald\u0131rarak zoraki bir kahramanl\u0131k trajedisi anlat\u0131yor. T\u00fcrk\u00e7e\u2019de ilk kez yay\u0131nlanan Marie Antoinette\u2018i Tevfik Turan\u2019\u0131n \u00e7evirisiyle sunuyoruz. \ufffc<\/p>\n","protected":false},"excerpt":{"rendered":"<p>Fransa Kral\u0131 XVI. Louis\u2019nin kar\u0131s\u0131 Marie Antoinette, u\u00e7ar\u0131l\u0131\u011f\u0131, savurganl\u0131\u011f\u0131 ve reform d\u00fc\u015fmanl\u0131\u011f\u0131yla halk\u0131n g\u00f6z\u00fcnde yoz soylu tipinin simgesi olmu\u015f, Frans\u0131z Devrimi\u2019nden sonra ya\u015fam\u0131n\u0131n geri kalan b\u00f6l\u00fcm\u00fcn\u00fc<span class=\"excerpt-hellip\"> [\u2026]<\/span><\/p>\n","protected":false},"featured_media":0,"template":"","meta":{"_monsterinsights_skip_tracking":false,"_monsterinsights_sitenote_active":false,"_monsterinsights_sitenote_note":"","_monsterinsights_sitenote_category":0},"product_brand":[],"product_cat":[13946,12304],"product_tag":[],"class_list":{"0":"post-704848","1":"product","2":"type-product","3":"status-publish","5":"product_cat-biyografi-otobiyografi","6":"product_cat-tarih","7":"pa_cilt-ciltsiz","8":"pa_tur-kitap","9":"pa_yayinevi-can-yayinlari","10":"pa_yazar-stefan-zweig","12":"first","13":"instock","14":"sale","15":"shipping-taxable","16":"purchasable","17":"product-type-simple"},"_links":{"self":[{"href":"https:\/\/roveyayinevi.com.tr\/index.php\/wp-json\/wp\/v2\/product\/704848","targetHints":{"allow":["GET"]}}],"collection":[{"href":"https:\/\/roveyayinevi.com.tr\/index.php\/wp-json\/wp\/v2\/product"}],"about":[{"href":"https:\/\/roveyayinevi.com.tr\/index.php\/wp-json\/wp\/v2\/types\/product"}],"wp:attachment":[{"href":"https:\/\/roveyayinevi.com.tr\/index.php\/wp-json\/wp\/v2\/media?parent=704848"}],"wp:term":[{"taxonomy":"product_brand","embeddable":true,"href":"https:\/\/roveyayinevi.com.tr\/index.php\/wp-json\/wp\/v2\/product_brand?post=704848"},{"taxonomy":"product_cat","embeddable":true,"href":"https:\/\/roveyayinevi.com.tr\/index.php\/wp-json\/wp\/v2\/product_cat?post=704848"},{"taxonomy":"product_tag","embeddable":true,"href":"https:\/\/roveyayinevi.com.tr\/index.php\/wp-json\/wp\/v2\/product_tag?post=704848"}],"curies":[{"name":"wp","href":"https:\/\/api.w.org\/{rel}","templated":true}]}}