{"id":704847,"date":"2025-08-27T15:40:08","date_gmt":"2025-08-27T12:40:08","guid":{"rendered":"https:\/\/roveyayinevi.com.tr\/index.php\/urun\/mario-ile-sihirbaz\/"},"modified":"2026-04-16T02:13:52","modified_gmt":"2026-04-15T23:13:52","slug":"mario-ile-sihirbaz","status":"publish","type":"product","link":"https:\/\/roveyayinevi.com.tr\/index.php\/urun\/mario-ile-sihirbaz\/","title":{"rendered":"Mario ile Sihirbaz"},"content":{"rendered":"<p>Hayalperestlere ger\u00e7eklik her zaman hayalden daha hayal\u00ee gelir ve daha derinden ok\u015far gururunu.   Mario ile Sihirbaz, aralar\u0131nda \u00e7ok sevilen ve bu kitaba ad\u0131n\u0131 veren \u201cMario ile Sihirbaz\u201d\u0131n da bulundu\u011fu, Thomas Mann\u2019\u0131n ge\u00e7 d\u00f6nem \u00f6yk\u00fclerini bir araya getiriyor. Bu kitaptaki \u00f6yk\u00fcler, Zor Saat\u2019te yay\u0131mlanan erken d\u00f6nem \u00f6yk\u00fclerinden farkl\u0131 bir izle\u011fe sahip. O \u00f6yk\u00fclerde daha \u00e7ok sanat\u00e7\u0131 sorunsal\u0131na odaklanan yazar, Mario ile Sihirbaz\u2019da g\u00f6zlem g\u00fcc\u00fcn\u00fc bu kez keskin insan\u0131n en derin, en kuytu duygular\u0131n\u0131 betimlemek i\u00e7in kullan\u0131yor.   Mario ile Sihirbaz, kesin, a\u00e7\u0131k ve dolays\u0131z diliyle Alman \u00f6yk\u00fcc\u00fcl\u00fc\u011f\u00fcne yeni bir \u00fcslup getiren Nobel \u00d6d\u00fcll\u00fc Thomas Mann\u2019\u0131n, hayranl\u0131k verici bir olgunluk d\u00f6nemi eseri.   \u201c20. y\u00fczy\u0131l\u0131n en b\u00fcy\u00fck Alman romanc\u0131s\u0131.\u201d The Spectator   #almanedebiyat\u0131 #\u00f6yk\u00fc #alegori #\u015fiddet #insando\u011fas\u0131 #yaln\u0131zl\u0131k <\/p>\n","protected":false},"excerpt":{"rendered":"<p>Hayalperestlere ger\u00e7eklik her zaman hayalden daha hayal\u00ee gelir ve daha derinden ok\u015far gururunu. Mario ile Sihirbaz, aralar\u0131nda \u00e7ok sevilen ve bu kitaba ad\u0131n\u0131 veren \u201cMario ile<span class=\"excerpt-hellip\"> [\u2026]<\/span><\/p>\n","protected":false},"featured_media":0,"template":"","meta":{"_monsterinsights_skip_tracking":false,"_monsterinsights_sitenote_active":false,"_monsterinsights_sitenote_note":"","_monsterinsights_sitenote_category":0},"product_brand":[],"product_cat":[12782,12291],"product_tag":[],"class_list":{"0":"post-704847","1":"product","2":"type-product","3":"status-publish","5":"product_cat-alman-edebiyati","6":"product_cat-edebiyat","7":"pa_cilt-ciltsiz","8":"pa_tur-kitap","9":"pa_yayinevi-can-yayinlari","10":"pa_yazar-thomas-mann","12":"first","13":"instock","14":"sale","15":"shipping-taxable","16":"purchasable","17":"product-type-simple"},"_links":{"self":[{"href":"https:\/\/roveyayinevi.com.tr\/index.php\/wp-json\/wp\/v2\/product\/704847","targetHints":{"allow":["GET"]}}],"collection":[{"href":"https:\/\/roveyayinevi.com.tr\/index.php\/wp-json\/wp\/v2\/product"}],"about":[{"href":"https:\/\/roveyayinevi.com.tr\/index.php\/wp-json\/wp\/v2\/types\/product"}],"wp:attachment":[{"href":"https:\/\/roveyayinevi.com.tr\/index.php\/wp-json\/wp\/v2\/media?parent=704847"}],"wp:term":[{"taxonomy":"product_brand","embeddable":true,"href":"https:\/\/roveyayinevi.com.tr\/index.php\/wp-json\/wp\/v2\/product_brand?post=704847"},{"taxonomy":"product_cat","embeddable":true,"href":"https:\/\/roveyayinevi.com.tr\/index.php\/wp-json\/wp\/v2\/product_cat?post=704847"},{"taxonomy":"product_tag","embeddable":true,"href":"https:\/\/roveyayinevi.com.tr\/index.php\/wp-json\/wp\/v2\/product_tag?post=704847"}],"curies":[{"name":"wp","href":"https:\/\/api.w.org\/{rel}","templated":true}]}}