{"id":704845,"date":"2025-08-27T15:40:07","date_gmt":"2025-08-27T12:40:07","guid":{"rendered":"https:\/\/roveyayinevi.com.tr\/index.php\/urun\/sahnede-yaraticilik-spontanite-tiyatrosu\/"},"modified":"2026-04-16T02:13:52","modified_gmt":"2026-04-15T23:13:52","slug":"sahnede-yaraticilik-spontanite-tiyatrosu","status":"publish","type":"product","link":"https:\/\/roveyayinevi.com.tr\/index.php\/urun\/sahnede-yaraticilik-spontanite-tiyatrosu\/","title":{"rendered":"Sahnede Yarat\u0131c\u0131l\u0131k &#8211; Spontanite Tiyatrosu"},"content":{"rendered":"<p>PLayback Tiyatrosu ve onun bir devam\u0131 olarak psikodrama grup psikoterapisi ve sosyometri sistemi, ya\u015fam\u0131n sahnesini olu\u015fturmay\u0131 hedefleyen bir olu\u015fumdur. Playback sahnesinde her \u015fey yaln\u0131zca bir kez yarat\u0131l\u0131r ve var olur. Yarat\u0131c\u0131l\u0131k \u2018an\u2019 ile s\u0131n\u0131rl\u0131d\u0131r. Seyircilerin duygular\u0131, d\u00fc\u015f\u00fcnceleri ve \u00f6yk\u00fcleri oynan\u0131r ve herkes yarat\u0131c\u0131d\u0131r, herkes kendisinin sanat\u00e7\u0131s\u0131d\u0131r. Kal\u0131pla\u015fm\u0131\u015f olan\u0131n d\u0131\u015f\u0131na \u00e7\u0131k\u0131l\u0131r. B\u00f6ylesine bir yap\u0131 bireylerin ger\u00e7ek bulu\u015fmalar\u0131n\u0131n kap\u0131s\u0131n\u0131 aralar. <\/p>\n","protected":false},"excerpt":{"rendered":"<p>PLayback Tiyatrosu ve onun bir devam\u0131 olarak psikodrama grup psikoterapisi ve sosyometri sistemi, ya\u015fam\u0131n sahnesini olu\u015fturmay\u0131 hedefleyen bir olu\u015fumdur. Playback sahnesinde her \u015fey yaln\u0131zca bir kez<span class=\"excerpt-hellip\"> [\u2026]<\/span><\/p>\n","protected":false},"featured_media":0,"template":"","meta":{"_monsterinsights_skip_tracking":false,"_monsterinsights_sitenote_active":false,"_monsterinsights_sitenote_note":"","_monsterinsights_sitenote_category":0},"product_brand":[],"product_cat":[13021,12408],"product_tag":[],"class_list":{"0":"post-704845","1":"product","2":"type-product","3":"status-publish","5":"product_cat-sahne-sanatlari","6":"product_cat-sanat","7":"pa_cilt-ciltsiz","8":"pa_tur-kitap","9":"pa_yayinevi-epsilon-yayinlari","10":"pa_yazar-deniz-altinay","12":"first","13":"instock","14":"sale","15":"shipping-taxable","16":"purchasable","17":"product-type-simple"},"_links":{"self":[{"href":"https:\/\/roveyayinevi.com.tr\/index.php\/wp-json\/wp\/v2\/product\/704845","targetHints":{"allow":["GET"]}}],"collection":[{"href":"https:\/\/roveyayinevi.com.tr\/index.php\/wp-json\/wp\/v2\/product"}],"about":[{"href":"https:\/\/roveyayinevi.com.tr\/index.php\/wp-json\/wp\/v2\/types\/product"}],"wp:attachment":[{"href":"https:\/\/roveyayinevi.com.tr\/index.php\/wp-json\/wp\/v2\/media?parent=704845"}],"wp:term":[{"taxonomy":"product_brand","embeddable":true,"href":"https:\/\/roveyayinevi.com.tr\/index.php\/wp-json\/wp\/v2\/product_brand?post=704845"},{"taxonomy":"product_cat","embeddable":true,"href":"https:\/\/roveyayinevi.com.tr\/index.php\/wp-json\/wp\/v2\/product_cat?post=704845"},{"taxonomy":"product_tag","embeddable":true,"href":"https:\/\/roveyayinevi.com.tr\/index.php\/wp-json\/wp\/v2\/product_tag?post=704845"}],"curies":[{"name":"wp","href":"https:\/\/api.w.org\/{rel}","templated":true}]}}