{"id":704844,"date":"2025-08-27T15:40:07","date_gmt":"2025-08-27T12:40:07","guid":{"rendered":"https:\/\/roveyayinevi.com.tr\/index.php\/urun\/finansla-yuzlesme\/"},"modified":"2026-04-16T02:13:52","modified_gmt":"2026-04-15T23:13:52","slug":"finansla-yuzlesme","status":"publish","type":"product","link":"https:\/\/roveyayinevi.com.tr\/index.php\/urun\/finansla-yuzlesme\/","title":{"rendered":"Finansla Y\u00fczle\u015fme"},"content":{"rendered":"<p>The Global Labour Column, t\u00fcm d\u00fcnyada \u00e7al\u0131\u015fan kesimi etkileyen mevcut iktisadi e\u011filimlerin analizi i\u00e7in ba\u015fvurulabilecek bir kaynak olmu\u015ftur. Bu makale se\u00e7kisi, farkl\u0131 b\u00f6lgeleri ve \u00e7e\u015fitli perspektifleri kapsayan, farkl\u0131 konulardaki (mali stratejiler, finans politikalar\u0131, sosyal g\u00fcvenlik, istihdam yaratma stratejileri ve daha fazlas\u0131) ele\u015ftirel \u00e7al\u0131\u015fmalar\u0131 bir araya getirmi\u015ftir. <\/p>\n","protected":false},"excerpt":{"rendered":"<p>The Global Labour Column, t\u00fcm d\u00fcnyada \u00e7al\u0131\u015fan kesimi etkileyen mevcut iktisadi e\u011filimlerin analizi i\u00e7in ba\u015fvurulabilecek bir kaynak olmu\u015ftur. Bu makale se\u00e7kisi, farkl\u0131 b\u00f6lgeleri ve \u00e7e\u015fitli perspektifleri<span class=\"excerpt-hellip\"> [\u2026]<\/span><\/p>\n","protected":false},"featured_media":0,"template":"","meta":{"_monsterinsights_skip_tracking":false,"_monsterinsights_sitenote_active":false,"_monsterinsights_sitenote_note":"","_monsterinsights_sitenote_category":0},"product_brand":[],"product_cat":[12573,12566],"product_tag":[],"class_list":{"0":"post-704844","1":"product","2":"type-product","3":"status-publish","5":"product_cat-akademik-kitaplar","6":"product_cat-egitim","7":"pa_tur-kitap","8":"pa_yayinevi-efil-yayinevi","9":"pa_yazar-nicolas-pons-vignon","11":"first","12":"instock","13":"sale","14":"shipping-taxable","15":"purchasable","16":"product-type-simple"},"_links":{"self":[{"href":"https:\/\/roveyayinevi.com.tr\/index.php\/wp-json\/wp\/v2\/product\/704844","targetHints":{"allow":["GET"]}}],"collection":[{"href":"https:\/\/roveyayinevi.com.tr\/index.php\/wp-json\/wp\/v2\/product"}],"about":[{"href":"https:\/\/roveyayinevi.com.tr\/index.php\/wp-json\/wp\/v2\/types\/product"}],"wp:attachment":[{"href":"https:\/\/roveyayinevi.com.tr\/index.php\/wp-json\/wp\/v2\/media?parent=704844"}],"wp:term":[{"taxonomy":"product_brand","embeddable":true,"href":"https:\/\/roveyayinevi.com.tr\/index.php\/wp-json\/wp\/v2\/product_brand?post=704844"},{"taxonomy":"product_cat","embeddable":true,"href":"https:\/\/roveyayinevi.com.tr\/index.php\/wp-json\/wp\/v2\/product_cat?post=704844"},{"taxonomy":"product_tag","embeddable":true,"href":"https:\/\/roveyayinevi.com.tr\/index.php\/wp-json\/wp\/v2\/product_tag?post=704844"}],"curies":[{"name":"wp","href":"https:\/\/api.w.org\/{rel}","templated":true}]}}