{"id":704837,"date":"2025-08-27T15:40:03","date_gmt":"2025-08-27T12:40:03","guid":{"rendered":"https:\/\/roveyayinevi.com.tr\/index.php\/urun\/edebiyat-sozlugu-2\/"},"modified":"2026-04-16T02:13:36","modified_gmt":"2026-04-15T23:13:36","slug":"edebiyat-sozlugu-2","status":"publish","type":"product","link":"https:\/\/roveyayinevi.com.tr\/index.php\/urun\/edebiyat-sozlugu-2\/","title":{"rendered":"Edebiyat S\u00f6zl\u00fc\u011f\u00fc"},"content":{"rendered":"<p>\u201cEdebiyat\u201d, insano\u011flunun g\u00fczel yarat\u0131lar\u0131ndan biridir ve konusu da \u201cinsan\u201dd\u0131r. S\u00f6zl\u00fc ya da yaz\u0131l\u0131 olarak ortaya konur, yani \u201cdil\u201din bir \u00fcr\u00fcn\u00fcd\u00fcr, der Ali P\u00fcsk\u00fcll\u00fco\u011flu.\u00dclkemizin \u00f6nde gelen edebiyat\u00e7\u0131lar\u0131ndan biri olman\u0131n yan\u0131 s\u0131ra T\u00fcrk\u00e7eye \u00e7ok say\u0131da s\u00f6zl\u00fck kazand\u0131ran Ali P\u00fcsk\u00fcll\u00fco\u011flu\u2019nun y\u00fcr\u00fctt\u00fc\u011f\u00fc \u00f6zenli bir \u00e7al\u0131\u015fman\u0131n \u00fcr\u00fcn\u00fc olan bu kitap, edebiyat alan\u0131nda kullan\u0131lan terimlerin T\u00fcrk\u00e7e kar\u015f\u0131l\u0131klar\u0131n\u0131 i\u00e7ermekte, ayr\u0131ca Arap\u00e7a, Fars\u00e7a ve Bat\u0131 dillerinden girmi\u015f olan terimlerin kar\u015f\u0131l\u0131klar\u0131na yer vermektedir.Edebiyat S\u00f6zl\u00fc\u011f\u00fc, herhangi bir seviyedeki \u00f6\u011fretim kurumlar\u0131n\u0131n \u00f6\u011frencileri, \u00f6\u011fretmenler, ara\u015ft\u0131rmac\u0131lar ve hatta edebiyatla ilgilenen t\u00fcm bireyler i\u00e7in \u00f6nemli bir ba\u015fvuru kayna\u011f\u0131 olacak.<\/p>\n","protected":false},"excerpt":{"rendered":"<p>\u201cEdebiyat\u201d, insano\u011flunun g\u00fczel yarat\u0131lar\u0131ndan biridir ve konusu da \u201cinsan\u201dd\u0131r. S\u00f6zl\u00fc ya da yaz\u0131l\u0131 olarak ortaya konur, yani \u201cdil\u201din bir \u00fcr\u00fcn\u00fcd\u00fcr, der Ali P\u00fcsk\u00fcll\u00fco\u011flu.\u00dclkemizin \u00f6nde gelen edebiyat\u00e7\u0131lar\u0131ndan<span class=\"excerpt-hellip\"> [\u2026]<\/span><\/p>\n","protected":false},"featured_media":0,"template":"","meta":{"_monsterinsights_skip_tracking":false,"_monsterinsights_sitenote_active":false,"_monsterinsights_sitenote_note":"","_monsterinsights_sitenote_category":0},"product_brand":[],"product_cat":[12364,16266],"product_tag":[],"class_list":{"0":"post-704837","1":"product","2":"type-product","3":"status-publish","5":"product_cat-genel-konular","6":"product_cat-referans-kaynak-kitap","7":"pa_cilt-ciltsiz","8":"pa_tur-kitap","9":"pa_yayinevi-arkadas-yayinlari","10":"pa_yazar-ali-puskulluoglu","12":"first","13":"instock","14":"sale","15":"shipping-taxable","16":"purchasable","17":"product-type-simple"},"_links":{"self":[{"href":"https:\/\/roveyayinevi.com.tr\/index.php\/wp-json\/wp\/v2\/product\/704837","targetHints":{"allow":["GET"]}}],"collection":[{"href":"https:\/\/roveyayinevi.com.tr\/index.php\/wp-json\/wp\/v2\/product"}],"about":[{"href":"https:\/\/roveyayinevi.com.tr\/index.php\/wp-json\/wp\/v2\/types\/product"}],"wp:attachment":[{"href":"https:\/\/roveyayinevi.com.tr\/index.php\/wp-json\/wp\/v2\/media?parent=704837"}],"wp:term":[{"taxonomy":"product_brand","embeddable":true,"href":"https:\/\/roveyayinevi.com.tr\/index.php\/wp-json\/wp\/v2\/product_brand?post=704837"},{"taxonomy":"product_cat","embeddable":true,"href":"https:\/\/roveyayinevi.com.tr\/index.php\/wp-json\/wp\/v2\/product_cat?post=704837"},{"taxonomy":"product_tag","embeddable":true,"href":"https:\/\/roveyayinevi.com.tr\/index.php\/wp-json\/wp\/v2\/product_tag?post=704837"}],"curies":[{"name":"wp","href":"https:\/\/api.w.org\/{rel}","templated":true}]}}