{"id":704836,"date":"2025-08-27T15:39:20","date_gmt":"2025-08-27T12:39:20","guid":{"rendered":"https:\/\/roveyayinevi.com.tr\/index.php\/urun\/iste-aristoteles\/"},"modified":"2026-04-16T02:13:36","modified_gmt":"2026-04-15T23:13:36","slug":"iste-aristoteles","status":"publish","type":"product","link":"https:\/\/roveyayinevi.com.tr\/index.php\/urun\/iste-aristoteles\/","title":{"rendered":"\u0130\u015f&#8217;te Aristoteles"},"content":{"rendered":"<p>\u0130\u015f d\u00fcnyas\u0131n\u0131 fethetmek ister misiniz, bilmiyoruz; ama ger\u00e7ekten de d\u00fcnyay\u0131 fetheden adam\u0131 yeti\u015ftiren bir \u00f6\u011fretmenden ders almak istemez miydiniz? 2500 y\u0131l kadar \u00f6nce bilinen d\u00fcnyan\u0131n neredeyse t\u00fcm\u00fcn\u00fc fetheden adam\u0131 B\u00fcy\u00fck \u0130skender&#8217;i yeti\u015ftiren bu bilge adam bug\u00fcn ya\u015fasa ve yapt\u0131\u011f\u0131 i\u015flere, bilgi veya uzmanl\u0131k alanlar\u0131na g\u00f6re ona bug\u00fcn bir meslek uygun g\u00f6recek olsak \u015fu uzun listeyi yapmak zorunda kal\u0131rd\u0131k: psikolog, siyaset bilimci, i\u015f s\u00fcreci analizcisi, fizik\u00e7i, kimyager, zoolog ve botanik\u00e7i; mant\u0131k, edebiyat, tarih ve sanat uzman\u0131; kusursuz konu\u015fmac\u0131. Tahmin etti\u011finiz gibi, bu bilge, felsefe tarihinin en b\u00fcy\u00fcklerinden Aristoteles&#8217;ten ba\u015fkas\u0131 de\u011fil. Aristo insanl\u0131\u011f\u0131n kendisini tan\u0131mas\u0131na ve anlamas\u0131na b\u00fcy\u00fck katk\u0131da bulundu. \u0130nsan\u0131n ve evrenin nas\u0131l in\u015fa oldu\u011funu, her \u015feyin nas\u0131l i\u015fledi\u011fini, ya\u015fam\u0131m\u0131z\u0131 ve \u00e7al\u0131\u015fmalar\u0131m\u0131z\u0131 nas\u0131l ilerletebilece\u011fimizi g\u00f6sterdi. Antik bilgelikle tan\u0131\u015fmak ba\u015far\u0131l\u0131, mutlu ve dolu dolu bir ya\u015fam arayan herkese yeni esin kaynaklar\u0131 sa\u011flayacakt\u0131r. Dolay\u0131s\u0131yla i\u015f d\u00fcnyas\u0131ndakiler de ya\u015fam\u0131n\u0131 ve giri\u015fimlerini geli\u015ftirmek isteyen, hedeflerine kilitlenen yat\u0131r\u0131mc\u0131lar ve y\u00f6neticiler de Aristo&#8217;nun felsefesinde \u00e7ok \u015fey bulacakt\u0131r. \u0130\u015fleriniz ister iyi ister k\u00f6t\u00fc olsun, Aristo&#8217;nun g\u00f6r\u00fc\u015fleri, \u00f6nerileri ufkunuzu a\u00e7acak, do\u011fru kararlar vermenize rehberlik edecektir. <\/p>\n","protected":false},"excerpt":{"rendered":"<p>\u0130\u015f d\u00fcnyas\u0131n\u0131 fethetmek ister misiniz, bilmiyoruz; ama ger\u00e7ekten de d\u00fcnyay\u0131 fetheden adam\u0131 yeti\u015ftiren bir \u00f6\u011fretmenden ders almak istemez miydiniz? 2500 y\u0131l kadar \u00f6nce bilinen d\u00fcnyan\u0131n neredeyse<span class=\"excerpt-hellip\"> [\u2026]<\/span><\/p>\n","protected":false},"featured_media":0,"template":"","meta":{"_monsterinsights_skip_tracking":false,"_monsterinsights_sitenote_active":false,"_monsterinsights_sitenote_note":"","_monsterinsights_sitenote_category":0},"product_brand":[],"product_cat":[13043,17647],"product_tag":[],"class_list":{"0":"post-704836","1":"product","2":"type-product","3":"status-publish","5":"product_cat-ekonomi","6":"product_cat-is-dunyasi","7":"pa_tur-kitap","8":"pa_yayinevi-kuraldisi-yayinevi","9":"pa_yazar-christa-mesnaric","11":"first","12":"instock","13":"sale","14":"shipping-taxable","15":"purchasable","16":"product-type-simple"},"_links":{"self":[{"href":"https:\/\/roveyayinevi.com.tr\/index.php\/wp-json\/wp\/v2\/product\/704836","targetHints":{"allow":["GET"]}}],"collection":[{"href":"https:\/\/roveyayinevi.com.tr\/index.php\/wp-json\/wp\/v2\/product"}],"about":[{"href":"https:\/\/roveyayinevi.com.tr\/index.php\/wp-json\/wp\/v2\/types\/product"}],"wp:attachment":[{"href":"https:\/\/roveyayinevi.com.tr\/index.php\/wp-json\/wp\/v2\/media?parent=704836"}],"wp:term":[{"taxonomy":"product_brand","embeddable":true,"href":"https:\/\/roveyayinevi.com.tr\/index.php\/wp-json\/wp\/v2\/product_brand?post=704836"},{"taxonomy":"product_cat","embeddable":true,"href":"https:\/\/roveyayinevi.com.tr\/index.php\/wp-json\/wp\/v2\/product_cat?post=704836"},{"taxonomy":"product_tag","embeddable":true,"href":"https:\/\/roveyayinevi.com.tr\/index.php\/wp-json\/wp\/v2\/product_tag?post=704836"}],"curies":[{"name":"wp","href":"https:\/\/api.w.org\/{rel}","templated":true}]}}