{"id":704835,"date":"2025-08-27T15:39:20","date_gmt":"2025-08-27T12:39:20","guid":{"rendered":"https:\/\/roveyayinevi.com.tr\/index.php\/urun\/kamusal-alanda-basortululer\/"},"modified":"2026-04-16T02:13:36","modified_gmt":"2026-04-15T23:13:36","slug":"kamusal-alanda-basortululer","status":"publish","type":"product","link":"https:\/\/roveyayinevi.com.tr\/index.php\/urun\/kamusal-alanda-basortululer\/","title":{"rendered":"Kamusal Alanda Ba\u015f\u00f6rt\u00fcl\u00fcler"},"content":{"rendered":"<p>G\u00fcn\u00fcm\u00fczde ba\u015f\u00f6rt\u00fcs\u00fcn\u00fc dindar kad\u0131n kimli\u011finin vazge\u00e7ilmez \u00f6zelli\u011fi olarak savunam\u0131yoruz. Hatta \u00f6yle bir duruma gelindi ki ba\u015f\u00f6rt\u00fcs\u00fcn\u00fc , dindar bir kad\u0131n\u0131n k\u0131yafetinin par\u00e7as\u0131 olarak bile alg\u0131layam\u0131yoruz. Oysa yirmi y\u0131l \u00f6nce bu konuda en ufak bir \u015f\u00fcphemiz yoktu. Bug\u00fcn yan\u0131m\u0131zdan ge\u00e7ip giden , v\u00fccudunun b\u00fct\u00fcn hatlar\u0131 meydanda , ka\u015f\u0131 g\u00f6z\u00fc renk renk boyanm\u0131\u015f , ete\u011fi kalkt\u0131k\u00e7a aya\u011f\u0131ndaki hal hal ile dikkat \u00e7eken , t\u0131rnaklar\u0131 boyal\u0131 ba\u015f\u00f6rt\u00fcl\u00fc k\u0131z\/kad\u0131n\u0131 nereye koyaca\u011f\u0131m\u0131z\u0131 bilemiyoruz. Neden ba\u015f\u0131n\u0131 \u00f6rt\u00fcyor ? <\/p>\n","protected":false},"excerpt":{"rendered":"<p>G\u00fcn\u00fcm\u00fczde ba\u015f\u00f6rt\u00fcs\u00fcn\u00fc dindar kad\u0131n kimli\u011finin vazge\u00e7ilmez \u00f6zelli\u011fi olarak savunam\u0131yoruz. Hatta \u00f6yle bir duruma gelindi ki ba\u015f\u00f6rt\u00fcs\u00fcn\u00fc , dindar bir kad\u0131n\u0131n k\u0131yafetinin par\u00e7as\u0131 olarak bile alg\u0131layam\u0131yoruz. Oysa<span class=\"excerpt-hellip\"> [\u2026]<\/span><\/p>\n","protected":false},"featured_media":0,"template":"","meta":{"_monsterinsights_skip_tracking":false,"_monsterinsights_sitenote_active":false,"_monsterinsights_sitenote_note":"","_monsterinsights_sitenote_category":0},"product_brand":[],"product_cat":[12351,12324],"product_tag":[],"class_list":{"0":"post-704835","1":"product","2":"type-product","3":"status-publish","5":"product_cat-siyaset-sosyolojisi","6":"product_cat-sosyoloji","7":"pa_tur-kitap","8":"pa_yayinevi-profil-kitap","9":"pa_yazar-fatma-barbarosoglu","11":"first","12":"instock","13":"sale","14":"shipping-taxable","15":"purchasable","16":"product-type-simple"},"_links":{"self":[{"href":"https:\/\/roveyayinevi.com.tr\/index.php\/wp-json\/wp\/v2\/product\/704835","targetHints":{"allow":["GET"]}}],"collection":[{"href":"https:\/\/roveyayinevi.com.tr\/index.php\/wp-json\/wp\/v2\/product"}],"about":[{"href":"https:\/\/roveyayinevi.com.tr\/index.php\/wp-json\/wp\/v2\/types\/product"}],"wp:attachment":[{"href":"https:\/\/roveyayinevi.com.tr\/index.php\/wp-json\/wp\/v2\/media?parent=704835"}],"wp:term":[{"taxonomy":"product_brand","embeddable":true,"href":"https:\/\/roveyayinevi.com.tr\/index.php\/wp-json\/wp\/v2\/product_brand?post=704835"},{"taxonomy":"product_cat","embeddable":true,"href":"https:\/\/roveyayinevi.com.tr\/index.php\/wp-json\/wp\/v2\/product_cat?post=704835"},{"taxonomy":"product_tag","embeddable":true,"href":"https:\/\/roveyayinevi.com.tr\/index.php\/wp-json\/wp\/v2\/product_tag?post=704835"}],"curies":[{"name":"wp","href":"https:\/\/api.w.org\/{rel}","templated":true}]}}