{"id":704833,"date":"2025-08-27T15:39:19","date_gmt":"2025-08-27T12:39:19","guid":{"rendered":"https:\/\/roveyayinevi.com.tr\/index.php\/urun\/uzuntuyu-birak-yasamaya-bak\/"},"modified":"2026-04-16T02:13:36","modified_gmt":"2026-04-15T23:13:36","slug":"uzuntuyu-birak-yasamaya-bak","status":"publish","type":"product","link":"https:\/\/roveyayinevi.com.tr\/index.php\/urun\/uzuntuyu-birak-yasamaya-bak\/","title":{"rendered":"\u00dcz\u00fcnt\u00fcy\u00fc B\u0131rak Ya\u015famaya Bak"},"content":{"rendered":"<p>Dale Carnegie&#8217;nin d\u00fcnyan\u0131n her yerinde milyonlarca insan taraf\u0131ndan okunan kitab\u0131 \u00dcz\u00fcnt\u00fcy\u00fc B\u0131rak Ya\u015famaya Bak \u00fcz\u00fcnt\u00fc al\u0131\u015fkanl\u0131\u011f\u0131n\u0131n \u00fcstesinden gelmenize yard\u0131mc\u0131 olmay\u0131 ama\u00e7lamaktad\u0131r. Carnegie&#8217;nin form\u00fclleri 2000&#8217;lerin h\u0131zla de\u011fi\u015fen d\u00fcnyas\u0131nda da ger\u00e7ekten \u00e7ok i\u015fe yarayacakt\u0131r. Bu form\u00fclleri uygulayarak; \u0130\u015finizle ilgili \u00fcz\u00fcnt\u00fc ve endi\u015felerinizden hemen kurtulabilirsiniz.Maddi sorunlardan kaynaklanan \u00fcz\u00fcnt\u00fclerinizi en aza indirebilirsiniz. Ele\u015ftirilerden yararlanmay\u0131 \u00f6\u011frenebilirsiniz.Kendinizi fazlas\u0131yla yormaktan ka\u00e7\u0131n\u0131p her zaman gen\u00e7 g\u00f6r\u00fcnmeyi ba\u015farabilirsiniz.Her g\u00fcn uyan\u0131k ge\u00e7irdi\u011finiz saatlere bir saat ekleyebilirsiniz.Kendinizi ke\u015ffedebilir ve kendiniz olabilirsiniz. Unutmay\u0131n; d\u00fcnyada bir e\u015finiz daha yok!(Tan\u0131t\u0131m B\u00fclteninden) <\/p>\n","protected":false},"excerpt":{"rendered":"<p>Dale Carnegie&#8217;nin d\u00fcnyan\u0131n her yerinde milyonlarca insan taraf\u0131ndan okunan kitab\u0131 \u00dcz\u00fcnt\u00fcy\u00fc B\u0131rak Ya\u015famaya Bak \u00fcz\u00fcnt\u00fc al\u0131\u015fkanl\u0131\u011f\u0131n\u0131n \u00fcstesinden gelmenize yard\u0131mc\u0131 olmay\u0131 ama\u00e7lamaktad\u0131r. Carnegie&#8217;nin form\u00fclleri 2000&#8217;lerin h\u0131zla de\u011fi\u015fen<span class=\"excerpt-hellip\"> [\u2026]<\/span><\/p>\n","protected":false},"featured_media":0,"template":"","meta":{"_monsterinsights_skip_tracking":false,"_monsterinsights_sitenote_active":false,"_monsterinsights_sitenote_note":"","_monsterinsights_sitenote_category":0},"product_brand":[],"product_cat":[12364,12376],"product_tag":[],"class_list":{"0":"post-704833","1":"product","2":"type-product","3":"status-publish","5":"product_cat-genel-konular","6":"product_cat-kisisel-gelisim","7":"pa_cilt-ciltsiz","8":"pa_tur-kitap","9":"pa_yayinevi-epsilon-yayinlari","10":"pa_yazar-dale-carnegie","12":"first","13":"instock","14":"sale","15":"shipping-taxable","16":"purchasable","17":"product-type-simple"},"_links":{"self":[{"href":"https:\/\/roveyayinevi.com.tr\/index.php\/wp-json\/wp\/v2\/product\/704833","targetHints":{"allow":["GET"]}}],"collection":[{"href":"https:\/\/roveyayinevi.com.tr\/index.php\/wp-json\/wp\/v2\/product"}],"about":[{"href":"https:\/\/roveyayinevi.com.tr\/index.php\/wp-json\/wp\/v2\/types\/product"}],"wp:attachment":[{"href":"https:\/\/roveyayinevi.com.tr\/index.php\/wp-json\/wp\/v2\/media?parent=704833"}],"wp:term":[{"taxonomy":"product_brand","embeddable":true,"href":"https:\/\/roveyayinevi.com.tr\/index.php\/wp-json\/wp\/v2\/product_brand?post=704833"},{"taxonomy":"product_cat","embeddable":true,"href":"https:\/\/roveyayinevi.com.tr\/index.php\/wp-json\/wp\/v2\/product_cat?post=704833"},{"taxonomy":"product_tag","embeddable":true,"href":"https:\/\/roveyayinevi.com.tr\/index.php\/wp-json\/wp\/v2\/product_tag?post=704833"}],"curies":[{"name":"wp","href":"https:\/\/api.w.org\/{rel}","templated":true}]}}