{"id":704827,"date":"2025-08-27T15:39:17","date_gmt":"2025-08-27T12:39:17","guid":{"rendered":"https:\/\/roveyayinevi.com.tr\/index.php\/urun\/global-sozluk-fransizca-turkce-ve-turkce-fransizca\/"},"modified":"2026-04-16T02:13:36","modified_gmt":"2026-04-15T23:13:36","slug":"global-sozluk-fransizca-turkce-ve-turkce-fransizca","status":"publish","type":"product","link":"https:\/\/roveyayinevi.com.tr\/index.php\/urun\/global-sozluk-fransizca-turkce-ve-turkce-fransizca\/","title":{"rendered":"Global S\u00f6zl\u00fck Frans\u0131zca &#8211; T\u00fcrk\u00e7e ve T\u00fcrk\u00e7e &#8211; Frans\u0131zca"},"content":{"rendered":"<p>A\u00e7\u0131klama : Bu s\u00f6zl\u00fck temel s\u00f6z varl\u0131\u011f\u0131na g\u00f6re haz\u0131rlanm\u0131\u015ft\u0131r. \u0130\u00e7inde en \u00e7ok kullan\u0131lan 90.000 s\u00f6zc\u00fck bulunmkatad\u0131r.Giri\u015flerde Frans\u0131zca dilbilgisinin k\u0131sa bir \u00f6zeti verilmi\u015ftir. S\u00f6zl\u00fck frans\u0131zca -T\u00fcrk\u00e7e ve T\u00fcrk\u00e7eFrans\u0131zca olmak \u00fczere iki b\u00f6l\u00fcmden olu\u015fmaktad\u0131r. Sonda zamanlarda dilimize giren b\u00fct\u00fcn yeni s\u00f6zc\u00fckler ve bilgisayar terimleri bu s\u00f6zl\u00fckte yer almaktad\u0131r. Frans\u0131zca \u00f6\u011frenen ya da frans\u0131zcas\u0131n\u0131 geli\u015ftirmek isteyenlerin her t\u00fcrl\u00fc ihtiyac\u0131n\u0131 kar\u015f\u0131layanniteliktedir . <\/p>\n","protected":false},"excerpt":{"rendered":"<p>A\u00e7\u0131klama : Bu s\u00f6zl\u00fck temel s\u00f6z varl\u0131\u011f\u0131na g\u00f6re haz\u0131rlanm\u0131\u015ft\u0131r. \u0130\u00e7inde en \u00e7ok kullan\u0131lan 90.000 s\u00f6zc\u00fck bulunmkatad\u0131r.Giri\u015flerde Frans\u0131zca dilbilgisinin k\u0131sa bir \u00f6zeti verilmi\u015ftir. S\u00f6zl\u00fck frans\u0131zca -T\u00fcrk\u00e7e ve<span class=\"excerpt-hellip\"> [\u2026]<\/span><\/p>\n","protected":false},"featured_media":0,"template":"","meta":{"_monsterinsights_skip_tracking":false,"_monsterinsights_sitenote_active":false,"_monsterinsights_sitenote_note":"","_monsterinsights_sitenote_category":0},"product_brand":[],"product_cat":[12566,24016,13611],"product_tag":[],"class_list":{"0":"post-704827","1":"product","2":"type-product","3":"status-publish","5":"product_cat-egitim","6":"product_cat-fransizca-sozlukler","7":"product_cat-sozlukler-ve-konusma-kilavuzlari","8":"pa_tur-kitap","9":"pa_yayinevi-engin-yayinevi","10":"pa_yazar-sevgi-turker-terlemez","12":"first","13":"instock","14":"sale","15":"shipping-taxable","16":"purchasable","17":"product-type-simple"},"_links":{"self":[{"href":"https:\/\/roveyayinevi.com.tr\/index.php\/wp-json\/wp\/v2\/product\/704827","targetHints":{"allow":["GET"]}}],"collection":[{"href":"https:\/\/roveyayinevi.com.tr\/index.php\/wp-json\/wp\/v2\/product"}],"about":[{"href":"https:\/\/roveyayinevi.com.tr\/index.php\/wp-json\/wp\/v2\/types\/product"}],"wp:attachment":[{"href":"https:\/\/roveyayinevi.com.tr\/index.php\/wp-json\/wp\/v2\/media?parent=704827"}],"wp:term":[{"taxonomy":"product_brand","embeddable":true,"href":"https:\/\/roveyayinevi.com.tr\/index.php\/wp-json\/wp\/v2\/product_brand?post=704827"},{"taxonomy":"product_cat","embeddable":true,"href":"https:\/\/roveyayinevi.com.tr\/index.php\/wp-json\/wp\/v2\/product_cat?post=704827"},{"taxonomy":"product_tag","embeddable":true,"href":"https:\/\/roveyayinevi.com.tr\/index.php\/wp-json\/wp\/v2\/product_tag?post=704827"}],"curies":[{"name":"wp","href":"https:\/\/api.w.org\/{rel}","templated":true}]}}