{"id":704825,"date":"2025-08-27T15:39:16","date_gmt":"2025-08-27T12:39:16","guid":{"rendered":"https:\/\/roveyayinevi.com.tr\/index.php\/urun\/14-15-asir-osmanli-kultur-tarihi-devlet-duzeni-sosyal-hayat\/"},"modified":"2026-04-16T02:13:36","modified_gmt":"2026-04-15T23:13:36","slug":"14-15-asir-osmanli-kultur-tarihi-devlet-duzeni-sosyal-hayat","status":"publish","type":"product","link":"https:\/\/roveyayinevi.com.tr\/index.php\/urun\/14-15-asir-osmanli-kultur-tarihi-devlet-duzeni-sosyal-hayat\/","title":{"rendered":"14. &#8211; 15. As\u0131r Osmanl\u0131 K\u00fclt\u00fcr Tarihi &#8211; Devlet D\u00fczeni Sosyal Hayat"},"content":{"rendered":"<p>14-15. As\u0131r Osmanl\u0131 K\u00fclt\u00fcr Tarihi adl\u0131 bu eserin kaynak malzemesi, 15. y\u00fczy\u0131l Osmanl\u0131 tarihi kaynaklar\u0131d\u0131r. \u0130ki ana b\u00f6l\u00fcmden (I- Osmanl\u0131 Devlet D\u00fczeni; II- Osmanl\u0131 Sosyal Hayat\u0131) meydana gelen eserde \u00e7ok \u00e7e\u015fitli ve birbirinden ilgin\u00e7 konular ele al\u0131nm\u0131\u015ft\u0131r. Eserde, devlet ve siyaset adaml\u0131\u011f\u0131n\u0131 en y\u00fcksek derecede temsil eden ilk sekiz gazi padi\u015fah\u0131n, adalet, insaf, ho\u015fg\u00f6r\u00fc, istim\u00e2let ilkelerini temel alan bir anlay\u0131\u015fla, ideal bir devlet ve toplum d\u00fczeni (niz\u00e2m-\u0131 \u02bb\u00e2lem) kurmak i\u00e7in b\u00fcy\u00fck \u00e7aba harcad\u0131klar\u0131na vurgu yap\u0131lmaktad\u0131r. Eserin \u201cOsmanl\u0131 Devlet D\u00fczeni\u201d b\u00f6l\u00fcm\u00fcnde saltanat kurumundan me\u015fverete; Bursa Bey Saray\u0131\u2019ndan Topkap\u0131 Saray\u0131\u2019na; cariyelerden i\u00e7 o\u011flanlar\u0131na; adalet ve ho\u015fg\u00f6r\u00fcye dayal\u0131 y\u00f6netim anlay\u0131\u015f\u0131ndan cezalara; e\u011fitim ve bilim kurumlar\u0131ndan sa\u011fl\u0131k kurumlar\u0131na; diplomasiden esir ticaretine, bay\u0131nd\u0131rl\u0131k faaliyetlerinden zanaatlara; andla\u015fmalardan Bat\u0131\u2019n\u0131n T\u00fcrk Korkusu\u2019na kadar birbirinden renkli ve ilgin\u00e7 konular, 15. y\u00fczy\u0131l Osmanl\u0131 tarih metinlerine dayanan yorum ve de\u011ferlendirmelerle anlat\u0131lmaktad\u0131r. Eserin \u201cOsmanl\u0131 Sosyal Hayat\u0131\u201d b\u00f6l\u00fcm\u00fcnde, d\u00fc\u011f\u00fcnlerden efsanelere; \u015fenliklerden ve sohbet meclislerinden afetlere kadar yine ilgi \u00e7ekici konular ak\u0131c\u0131 bir dille anlat\u0131l\u0131r. Bu eserin en ilgin\u00e7 yanlar\u0131ndan biri de, g\u00fcn\u00fcm\u00fcz okurunu 15. y\u00fczy\u0131l Osmanl\u0131 tarih metinleri ile bulu\u015fturmas\u0131d\u0131r. B\u00f6ylece okur, Osmanl\u0131 tarih yazarlar\u0131n\u0131n eserlerinde kulland\u0131klar\u0131 dil ve \u00fcslup ile olaylar\u0131 ele al\u0131\u015f bi\u00e7imleri hakk\u0131nda bir fikir sahibi olabilecektir. 14-15. as\u0131r Osmanl\u0131 K\u00fclt\u00fcr Tarihi (Osmanl\u0131 Devlet D\u00fczeni-Sosyal Hayat\u0131) ile tan\u0131\u015fmak isteyen okurlar\u0131n, \u00e7\u0131kacaklar\u0131 k\u00fclt\u00fcr yolculu\u011funda bu \u00e7al\u0131\u015fmam\u0131z\u0131n kendilerine rehberlik etmesi umulur. <\/p>\n","protected":false},"excerpt":{"rendered":"<p>14-15. As\u0131r Osmanl\u0131 K\u00fclt\u00fcr Tarihi adl\u0131 bu eserin kaynak malzemesi, 15. y\u00fczy\u0131l Osmanl\u0131 tarihi kaynaklar\u0131d\u0131r. \u0130ki ana b\u00f6l\u00fcmden (I- Osmanl\u0131 Devlet D\u00fczeni; II- Osmanl\u0131 Sosyal Hayat\u0131)<span class=\"excerpt-hellip\"> [\u2026]<\/span><\/p>\n","protected":false},"featured_media":0,"template":"","meta":{"_monsterinsights_skip_tracking":false,"_monsterinsights_sitenote_active":false,"_monsterinsights_sitenote_note":"","_monsterinsights_sitenote_category":0},"product_brand":[],"product_cat":[12370,12304],"product_tag":[],"class_list":{"0":"post-704825","1":"product","2":"type-product","3":"status-publish","5":"product_cat-arastirma-inceleme","6":"product_cat-tarih","7":"pa_cilt-ciltsiz","8":"pa_tur-kitap","9":"pa_yayinevi-bilge-kultur-sanat","10":"pa_yazar-necdet-ozturk","12":"first","13":"instock","14":"sale","15":"shipping-taxable","16":"purchasable","17":"product-type-simple"},"_links":{"self":[{"href":"https:\/\/roveyayinevi.com.tr\/index.php\/wp-json\/wp\/v2\/product\/704825","targetHints":{"allow":["GET"]}}],"collection":[{"href":"https:\/\/roveyayinevi.com.tr\/index.php\/wp-json\/wp\/v2\/product"}],"about":[{"href":"https:\/\/roveyayinevi.com.tr\/index.php\/wp-json\/wp\/v2\/types\/product"}],"wp:attachment":[{"href":"https:\/\/roveyayinevi.com.tr\/index.php\/wp-json\/wp\/v2\/media?parent=704825"}],"wp:term":[{"taxonomy":"product_brand","embeddable":true,"href":"https:\/\/roveyayinevi.com.tr\/index.php\/wp-json\/wp\/v2\/product_brand?post=704825"},{"taxonomy":"product_cat","embeddable":true,"href":"https:\/\/roveyayinevi.com.tr\/index.php\/wp-json\/wp\/v2\/product_cat?post=704825"},{"taxonomy":"product_tag","embeddable":true,"href":"https:\/\/roveyayinevi.com.tr\/index.php\/wp-json\/wp\/v2\/product_tag?post=704825"}],"curies":[{"name":"wp","href":"https:\/\/api.w.org\/{rel}","templated":true}]}}