{"id":704823,"date":"2025-08-27T15:39:15","date_gmt":"2025-08-27T12:39:15","guid":{"rendered":"https:\/\/roveyayinevi.com.tr\/index.php\/urun\/arefesinde\/"},"modified":"2026-02-03T02:23:18","modified_gmt":"2026-02-02T23:23:18","slug":"arefesinde","status":"publish","type":"product","link":"https:\/\/roveyayinevi.com.tr\/index.php\/urun\/arefesinde\/","title":{"rendered":"Arefesinde"},"content":{"rendered":"<p>Bir Bulgar devrimciye \u00e2\u015f\u0131k olan Yelena Stahova\u2019n\u0131n hik\u00e2yesi olan Arefesinde, de\u011fi\u015fimin e\u015fi\u011findeki hayatlar\u0131n lirik bir anlat\u0131s\u0131.Konusunu 19. y\u00fczy\u0131l Rus tarihinin d\u00f6n\u00fcm noktalar\u0131ndan birinde ya\u015fanan ger\u00e7ek olaylardan alan Arefesinde, Turgenyev\u2019in ba\u015fyap\u0131t\u0131 Babalar ve O\u011fullar\u2019\u0131 yazmaya giden s\u00fcre\u00e7teki en \u00f6nemli eserlerinden biri. Onun ustal\u0131\u011f\u0131n\u0131, asilzadeleri ve \u201cl\u00fczumsuz adam\u201dlar\u0131n\u0131 yerle\u015ftirdi\u011fi zengin arka planda ve ince mizah duygusunda g\u00f6rmemiz m\u00fcmk\u00fcnd\u00fcr. Arefesinde, bir gen\u00e7 k\u0131z\u0131n Rusya\u2019ya okumaya gelen \u0130nsarov adl\u0131 gen\u00e7 bir Bulgar ba\u011f\u0131ms\u0131zl\u0131k\u00e7\u0131yla ili\u015fkisini, a\u015fk\u0131n\u0131n pe\u015finden gitmek i\u00e7in toplumsal konumunu ve ayr\u0131cal\u0131kl\u0131 hayat\u0131n\u0131 terk edi\u015fini anlatan, kaybolmakta olan bir soylu s\u0131n\u0131f\u0131 resmeden buruk bir hik\u00e2yedir.\u201cArefesinde ad\u0131n\u0131 serflerin \u00f6zg\u00fcrle\u015ftirilmesini zaman\u0131ndan \u00f6nce \u00f6ng\u00f6rerek koydum&#8230; O zamanlar Rusya\u2019da yeni bir hayat ba\u015flam\u0131\u015ft\u0131, Yelena ve \u0130nsarov gibi ki\u015filer bu yeni hayat\u0131n aral\u0131klar\u0131ndan \u00e7\u0131k\u0131yordu.\u201dTURGENYEV<\/p>\n","protected":false},"excerpt":{"rendered":"<p>Bir Bulgar devrimciye \u00e2\u015f\u0131k olan Yelena Stahova\u2019n\u0131n hik\u00e2yesi olan Arefesinde, de\u011fi\u015fimin e\u015fi\u011findeki hayatlar\u0131n lirik bir anlat\u0131s\u0131.Konusunu 19. y\u00fczy\u0131l Rus tarihinin d\u00f6n\u00fcm noktalar\u0131ndan birinde ya\u015fanan ger\u00e7ek olaylardan<span class=\"excerpt-hellip\"> [\u2026]<\/span><\/p>\n","protected":false},"featured_media":0,"template":"","meta":{"_monsterinsights_skip_tracking":false,"_monsterinsights_sitenote_active":false,"_monsterinsights_sitenote_note":"","_monsterinsights_sitenote_category":0},"product_brand":[],"product_cat":[12291,13570],"product_tag":[],"class_list":{"0":"post-704823","1":"product","2":"type-product","3":"status-publish","5":"product_cat-edebiyat","6":"product_cat-rus-edebiyati","7":"pa_cilt-ciltsiz","8":"pa_tur-kitap","9":"pa_yayinevi-iletisim-yayinlari","10":"pa_yazar-ivan-sergeyevic-turgenyev","12":"first","13":"instock","14":"sale","15":"shipping-taxable","16":"purchasable","17":"product-type-simple"},"_links":{"self":[{"href":"https:\/\/roveyayinevi.com.tr\/index.php\/wp-json\/wp\/v2\/product\/704823","targetHints":{"allow":["GET"]}}],"collection":[{"href":"https:\/\/roveyayinevi.com.tr\/index.php\/wp-json\/wp\/v2\/product"}],"about":[{"href":"https:\/\/roveyayinevi.com.tr\/index.php\/wp-json\/wp\/v2\/types\/product"}],"wp:attachment":[{"href":"https:\/\/roveyayinevi.com.tr\/index.php\/wp-json\/wp\/v2\/media?parent=704823"}],"wp:term":[{"taxonomy":"product_brand","embeddable":true,"href":"https:\/\/roveyayinevi.com.tr\/index.php\/wp-json\/wp\/v2\/product_brand?post=704823"},{"taxonomy":"product_cat","embeddable":true,"href":"https:\/\/roveyayinevi.com.tr\/index.php\/wp-json\/wp\/v2\/product_cat?post=704823"},{"taxonomy":"product_tag","embeddable":true,"href":"https:\/\/roveyayinevi.com.tr\/index.php\/wp-json\/wp\/v2\/product_tag?post=704823"}],"curies":[{"name":"wp","href":"https:\/\/api.w.org\/{rel}","templated":true}]}}