{"id":704821,"date":"2025-08-27T15:39:14","date_gmt":"2025-08-27T12:39:14","guid":{"rendered":"https:\/\/roveyayinevi.com.tr\/index.php\/urun\/dilenciler-turkiyede-yoksulluk-ve-dilenme-kulturu\/"},"modified":"2026-04-16T02:13:36","modified_gmt":"2026-04-15T23:13:36","slug":"dilenciler-turkiyede-yoksulluk-ve-dilenme-kulturu","status":"publish","type":"product","link":"https:\/\/roveyayinevi.com.tr\/index.php\/urun\/dilenciler-turkiyede-yoksulluk-ve-dilenme-kulturu\/","title":{"rendered":"Dilenciler: T\u00fcrkiye&#8217;de Yoksulluk ve Dilenme K\u00fclt\u00fcr\u00fc"},"content":{"rendered":"<p>\u201cKimi diyo ki, sen benden daha zenginsin diyo. Kimi, git diyo, k\u00f6r m\u00fcs\u00fcn, \u00e7al\u0131\u015f diyo, elin aya\u011f\u0131n tutuyo, diyo. Kimi diyo, ay\u0131p de\u011fil mi dileniyosun, diyo, terbiyesiz, diyo. Bu \u00e7ocu\u011fu soka\u011fa \u00e7\u0131kart\u0131yosun, diyo.Ben de diyom ki keyfimden \u00e7\u0131karm\u0131yorum ki \u00e7ocu\u011fumu soka\u011fa, diyom.Yoksulluktan \u00e7\u0131kart\u0131yom, diyom.\u201d <\/p>\n","protected":false},"excerpt":{"rendered":"<p>\u201cKimi diyo ki, sen benden daha zenginsin diyo. Kimi, git diyo, k\u00f6r m\u00fcs\u00fcn, \u00e7al\u0131\u015f diyo, elin aya\u011f\u0131n tutuyo, diyo. Kimi diyo, ay\u0131p de\u011fil mi dileniyosun, diyo,<span class=\"excerpt-hellip\"> [\u2026]<\/span><\/p>\n","protected":false},"featured_media":0,"template":"","meta":{"_monsterinsights_skip_tracking":false,"_monsterinsights_sitenote_active":false,"_monsterinsights_sitenote_note":"","_monsterinsights_sitenote_category":0},"product_brand":[],"product_cat":[12312,12304],"product_tag":[],"class_list":{"0":"post-704821","1":"product","2":"type-product","3":"status-publish","5":"product_cat-diger","6":"product_cat-tarih","7":"pa_cilt-ciltsiz","8":"pa_tur-kitap","9":"pa_yayinevi-iletisim-yayinlari","10":"pa_yazar-aslican-kalfa-topates","12":"first","13":"instock","14":"sale","15":"shipping-taxable","16":"purchasable","17":"product-type-simple"},"_links":{"self":[{"href":"https:\/\/roveyayinevi.com.tr\/index.php\/wp-json\/wp\/v2\/product\/704821","targetHints":{"allow":["GET"]}}],"collection":[{"href":"https:\/\/roveyayinevi.com.tr\/index.php\/wp-json\/wp\/v2\/product"}],"about":[{"href":"https:\/\/roveyayinevi.com.tr\/index.php\/wp-json\/wp\/v2\/types\/product"}],"wp:attachment":[{"href":"https:\/\/roveyayinevi.com.tr\/index.php\/wp-json\/wp\/v2\/media?parent=704821"}],"wp:term":[{"taxonomy":"product_brand","embeddable":true,"href":"https:\/\/roveyayinevi.com.tr\/index.php\/wp-json\/wp\/v2\/product_brand?post=704821"},{"taxonomy":"product_cat","embeddable":true,"href":"https:\/\/roveyayinevi.com.tr\/index.php\/wp-json\/wp\/v2\/product_cat?post=704821"},{"taxonomy":"product_tag","embeddable":true,"href":"https:\/\/roveyayinevi.com.tr\/index.php\/wp-json\/wp\/v2\/product_tag?post=704821"}],"curies":[{"name":"wp","href":"https:\/\/api.w.org\/{rel}","templated":true}]}}