{"id":704819,"date":"2025-08-27T15:39:13","date_gmt":"2025-08-27T12:39:13","guid":{"rendered":"https:\/\/roveyayinevi.com.tr\/index.php\/urun\/savas-kuramlari\/"},"modified":"2026-04-16T02:13:36","modified_gmt":"2026-04-15T23:13:36","slug":"savas-kuramlari","status":"publish","type":"product","link":"https:\/\/roveyayinevi.com.tr\/index.php\/urun\/savas-kuramlari\/","title":{"rendered":"Sava\u015f Kuramlar\u0131"},"content":{"rendered":"<p>Uluslararas\u0131 politika disiplininde klasik anlam\u0131yla sava\u015f, devletlerin baz\u0131 ama\u00e7lar\u0131na ula\u015fmak i\u00e7in kulland\u0131klar\u0131 diplomasi\/propaganda, ekonomik y\u00f6ntemler gibi d\u0131\u015f politika ara\u00e7lar\u0131ndan birisi, diplomasiyle birlikte en eskisidir. Tarih boyunca d\u00fc\u015f\u00fcn\u00fcrler, bu do\u011frudan insan ve toplum hayat\u0131n\u0131 tahrip eden arac\u0131n kullan\u0131lmas\u0131n\u0131 genellikle me\u015fruiyet a\u00e7\u0131s\u0131ndan ele alm\u0131\u015flar, kullan\u0131m\u0131n\u0131 tamamen sona erdirmekten \u00e7ok \u201cdo\u011fru\/hakl\u0131\u201d bir amaca y\u00f6nelik olarak kullan\u0131m\u0131n\u0131n ger\u00e7ekle\u015fip ger\u00e7ekle\u015fmedi\u011fi ile ilgilenmi\u015flerdir. Daha yak\u0131n d\u00f6nemlerde ise sava\u015f arac\u0131na ili\u015fkin olarak \u00fczerinde en fazla durulan konu, kullan\u0131m\u0131 tamamen \u00f6nlenemeyen bu arac\u0131n daha \u201cinsanc\u0131lla\u015ft\u0131r\u0131lmas\u0131\u201d, daha az tahripk\u00e2r olmas\u0131n\u0131n sa\u011flanmas\u0131 olmu\u015ftur. G\u00fcn\u00fcm\u00fczde devletlerin d\u0131\u015f politikalar\u0131nda bir ara\u00e7 olarak kullan\u0131m\u0131 \u00e7ok \u00f6zel durumlar d\u0131\u015f\u0131nda me\u015fru g\u00f6r\u00fclmese de, sava\u015f h\u00e2l\u00e2 d\u0131\u015f politika ara\u00e7lar\u0131 a\u00e7\u0131s\u0131ndan [en az\u0131ndan] bir ultima ratio olarak \u00f6nem ta\u015f\u0131maktad\u0131r.De\u011ferli meslekta\u015f\u0131m Prof. Dr. Erhan B\u00fcy\u00fckak\u0131nc\u0131, olduk\u00e7a zorlu bir \u00e7abaya giri\u015ferek, tan\u0131m\u0131ndan tipolojik kategorizasyonuna kadar olduk\u00e7a karma\u015f\u0131k bir g\u00f6r\u00fcn\u00fcm sergileyen bu olguyu, farkl\u0131 d\u00f6nemlerin ve bak\u0131\u015f a\u00e7\u0131lar\u0131n\u0131n \u00f6nde gelen temsilcilerinin g\u00f6r\u00fc\u015flerinin irdelenmesi \u00fczerinden bizlere sunan bir \u00e7al\u0131\u015fmalar dizisini ba\u015far\u0131yla bir araya getirmi\u015ftir. Bunu \u00f6zellikle de gen\u00e7 akademisyenler ve akademisyen adaylar\u0131 arac\u0131l\u0131\u011f\u0131yla ger\u00e7ekle\u015ftirebilmi\u015f olmas\u0131 ise ayr\u0131 bir takdire de\u011ferdir. Kendisini ve yazarlar kadrosunu bu zorlu g\u00f6revi ba\u015far\u0131yla ger\u00e7ekle\u015ftirmi\u015f olmalar\u0131 dolay\u0131s\u0131yla kutluyor, \u00e7al\u0131\u015fman\u0131n konuya ili\u015fkin olarak T\u00fcrk\u00e7e literat\u00fcrde bir bo\u015flu\u011fu dolduraca\u011f\u0131na olan inanc\u0131m\u0131 belirtmek istiyorum.<\/p>\n","protected":false},"excerpt":{"rendered":"<p>Uluslararas\u0131 politika disiplininde klasik anlam\u0131yla sava\u015f, devletlerin baz\u0131 ama\u00e7lar\u0131na ula\u015fmak i\u00e7in kulland\u0131klar\u0131 diplomasi\/propaganda, ekonomik y\u00f6ntemler gibi d\u0131\u015f politika ara\u00e7lar\u0131ndan birisi, diplomasiyle birlikte en eskisidir. Tarih boyunca<span class=\"excerpt-hellip\"> [\u2026]<\/span><\/p>\n","protected":false},"featured_media":0,"template":"","meta":{"_monsterinsights_skip_tracking":false,"_monsterinsights_sitenote_active":false,"_monsterinsights_sitenote_note":"","_monsterinsights_sitenote_category":0},"product_brand":[],"product_cat":[12337,14528],"product_tag":[],"class_list":{"0":"post-704819","1":"product","2":"type-product","3":"status-publish","5":"product_cat-politika-siyaset","6":"product_cat-siyaset-tarihi","7":"pa_cilt-ciltsiz","8":"pa_tur-kitap","9":"pa_yayinevi-adres-yayinlari","10":"pa_yazar-kolektif","12":"first","13":"instock","14":"sale","15":"shipping-taxable","16":"purchasable","17":"product-type-simple"},"_links":{"self":[{"href":"https:\/\/roveyayinevi.com.tr\/index.php\/wp-json\/wp\/v2\/product\/704819","targetHints":{"allow":["GET"]}}],"collection":[{"href":"https:\/\/roveyayinevi.com.tr\/index.php\/wp-json\/wp\/v2\/product"}],"about":[{"href":"https:\/\/roveyayinevi.com.tr\/index.php\/wp-json\/wp\/v2\/types\/product"}],"wp:attachment":[{"href":"https:\/\/roveyayinevi.com.tr\/index.php\/wp-json\/wp\/v2\/media?parent=704819"}],"wp:term":[{"taxonomy":"product_brand","embeddable":true,"href":"https:\/\/roveyayinevi.com.tr\/index.php\/wp-json\/wp\/v2\/product_brand?post=704819"},{"taxonomy":"product_cat","embeddable":true,"href":"https:\/\/roveyayinevi.com.tr\/index.php\/wp-json\/wp\/v2\/product_cat?post=704819"},{"taxonomy":"product_tag","embeddable":true,"href":"https:\/\/roveyayinevi.com.tr\/index.php\/wp-json\/wp\/v2\/product_tag?post=704819"}],"curies":[{"name":"wp","href":"https:\/\/api.w.org\/{rel}","templated":true}]}}