{"id":704818,"date":"2025-08-27T15:39:13","date_gmt":"2025-08-27T12:39:13","guid":{"rendered":"https:\/\/roveyayinevi.com.tr\/index.php\/urun\/psikodramada-secme-konular\/"},"modified":"2026-04-16T02:13:36","modified_gmt":"2026-04-15T23:13:36","slug":"psikodramada-secme-konular","status":"publish","type":"product","link":"https:\/\/roveyayinevi.com.tr\/index.php\/urun\/psikodramada-secme-konular\/","title":{"rendered":"Psikodramada Se\u00e7me Konular"},"content":{"rendered":"<p>Psikodrama ve sosyodrama, g\u00fcn\u00fcm\u00fczde hayat\u0131n her alan\u0131nda kullan\u0131lmaya ba\u015flarken, psikodramatik ve sosyodramatik yollarla uygulanan tedavi ve e\u011fitim sistemleri de kendi i\u00e7inde daha alt alanlarda uzmanla\u015fmaya y\u00f6nelmi\u015ftir. Bu alanlarda meydana gelen geli\u015fmeleri etrafl\u0131ca anlatmay\u0131 ve sergilemeyi ama\u00e7layan bu kitaptaki metinlerde, deprem ve benzeri afetler, duygusal travmalar, aile ve \u00e7iftler aras\u0131ndaki sorunlar ve farkl\u0131 geli\u015fenlerin tedavisi gibi konularda psikodraman\u0131n bir tedavi y\u00f6ntemi olarak nas\u0131l kullan\u0131ld\u0131\u011f\u0131n\u0131 ve etkili oldu\u011funu g\u00f6rebilirsiniz. <\/p>\n","protected":false},"excerpt":{"rendered":"<p>Psikodrama ve sosyodrama, g\u00fcn\u00fcm\u00fczde hayat\u0131n her alan\u0131nda kullan\u0131lmaya ba\u015flarken, psikodramatik ve sosyodramatik yollarla uygulanan tedavi ve e\u011fitim sistemleri de kendi i\u00e7inde daha alt alanlarda uzmanla\u015fmaya y\u00f6nelmi\u015ftir.<span class=\"excerpt-hellip\"> [\u2026]<\/span><\/p>\n","protected":false},"featured_media":0,"template":"","meta":{"_monsterinsights_skip_tracking":false,"_monsterinsights_sitenote_active":false,"_monsterinsights_sitenote_note":"","_monsterinsights_sitenote_category":0},"product_brand":[],"product_cat":[12357],"product_tag":[],"class_list":{"0":"post-704818","1":"product","2":"type-product","3":"status-publish","5":"product_cat-psikoloji","6":"pa_cilt-ciltsiz","7":"pa_tur-kitap","8":"pa_yayinevi-epsilon-yayinlari","9":"pa_yazar-deniz-altinay","11":"first","12":"instock","13":"sale","14":"shipping-taxable","15":"purchasable","16":"product-type-simple"},"_links":{"self":[{"href":"https:\/\/roveyayinevi.com.tr\/index.php\/wp-json\/wp\/v2\/product\/704818","targetHints":{"allow":["GET"]}}],"collection":[{"href":"https:\/\/roveyayinevi.com.tr\/index.php\/wp-json\/wp\/v2\/product"}],"about":[{"href":"https:\/\/roveyayinevi.com.tr\/index.php\/wp-json\/wp\/v2\/types\/product"}],"wp:attachment":[{"href":"https:\/\/roveyayinevi.com.tr\/index.php\/wp-json\/wp\/v2\/media?parent=704818"}],"wp:term":[{"taxonomy":"product_brand","embeddable":true,"href":"https:\/\/roveyayinevi.com.tr\/index.php\/wp-json\/wp\/v2\/product_brand?post=704818"},{"taxonomy":"product_cat","embeddable":true,"href":"https:\/\/roveyayinevi.com.tr\/index.php\/wp-json\/wp\/v2\/product_cat?post=704818"},{"taxonomy":"product_tag","embeddable":true,"href":"https:\/\/roveyayinevi.com.tr\/index.php\/wp-json\/wp\/v2\/product_tag?post=704818"}],"curies":[{"name":"wp","href":"https:\/\/api.w.org\/{rel}","templated":true}]}}