{"id":704817,"date":"2025-08-27T15:39:13","date_gmt":"2025-08-27T12:39:13","guid":{"rendered":"https:\/\/roveyayinevi.com.tr\/index.php\/urun\/yerli-sosyoloji\/"},"modified":"2026-04-16T02:13:36","modified_gmt":"2026-04-15T23:13:36","slug":"yerli-sosyoloji","status":"publish","type":"product","link":"https:\/\/roveyayinevi.com.tr\/index.php\/urun\/yerli-sosyoloji\/","title":{"rendered":"Yerli Sosyoloji"},"content":{"rendered":"<p>Yerli Sosyoloji: Do\u011fu-Bat\u0131 \u00c7at\u0131\u015fmas\u0131 Teorisinin Ana Hatlar\u0131 isimli bu kitap, yerli sosyolojinin ustalar\u0131 Kemal Tahir ve Baykan Sezer taraf\u0131ndan in\u015fa edilen, Ertan E\u011fribel, H. Bayram Ka\u00e7mazo\u011flu, Ufuk \u00d6zcan ve Sezgin K\u0131z\u0131l\u00e7elik taraf\u0131ndan geli\u015ftirilip devam ettirilen, sosyolojide kendi s\u00f6z\u00fcm\u00fcz olan Do\u011fu-Bat\u0131 \u00e7at\u0131\u015fmas\u0131 teorisine odaklanm\u0131\u015ft\u0131r. Bu metinde, T\u00fcrkiye ger\u00e7e\u011fine Bat\u0131 sosyolojisinin penceresinden bakmayan, bir yan\u0131yla bu \u00fclkenin ger\u00e7eklerini a\u00e7\u0131klama, memleketi tan\u0131ma ve tarihi do\u011fru okuma tasas\u0131 ta\u015f\u0131yan, insan\u0131m\u0131za temas eden, onun ana \u00f6zelliklerini, dramlar\u0131n\u0131 ve sorunlar\u0131n\u0131 anlamaya \u00e7al\u0131\u015fan, toplum ve tarih bilincini \u00f6nemseyen, T\u00fcrk tarihini kendisine mesken edinen, T\u00fcrkiye&#8217;nin ruhunu arayan, di\u011fer yan\u0131yla Bat\u0131 toplumlar\u0131n\u0131 ve Bat\u0131 insan\u0131n\u0131 anlamaya \u00e7al\u0131\u015fan, Bat\u0131 tarihine e\u011filen, Bat\u0131 uygarl\u0131\u011f\u0131n\u0131n s\u0131k\u0131nt\u0131lar\u0131n\u0131 derinli\u011fine analiz eden, k\u0131saca T\u00fcrk toplumunun, Do\u011fu uygarl\u0131\u011f\u0131n\u0131n ve Bat\u0131 uygarl\u0131\u011f\u0131n\u0131n temel meselelerine Do\u011fu-Bat\u0131 \u00e7at\u0131\u015fmas\u0131 teorisinin \u0131\u015f\u0131\u011f\u0131yla bakan evrensel bir sosyoloji olarak yerli sosyoloji ana hatlar\u0131yla tart\u0131\u015f\u0131lmaktad\u0131r. Yerli sosyologlar\u0131m\u0131z\u0131n geli\u015ftirdi\u011fi evrensel bir sosyolojik teori olan \u201cDo\u011fu-Bat\u0131 \u00e7at\u0131\u015fmas\u0131 teorisi\u201dni merak edenlere\u2026 D\u00fcnyan\u0131n temel meselelerine do\u011fru \u00e7\u00f6z\u00fcmler \u00fcretmeyi arzulayanlara\u2026 Sosyolojide kendi s\u00f6z\u00fcm\u00fcz\u00fcn oldu\u011funu duymak isteyenlere\u2026 Sosyolojide yerli ve mill\u00ee olmay\u0131 \u00f6nemseyenlere\u2026<\/p>\n","protected":false},"excerpt":{"rendered":"<p>Yerli Sosyoloji: Do\u011fu-Bat\u0131 \u00c7at\u0131\u015fmas\u0131 Teorisinin Ana Hatlar\u0131 isimli bu kitap, yerli sosyolojinin ustalar\u0131 Kemal Tahir ve Baykan Sezer taraf\u0131ndan in\u015fa edilen, Ertan E\u011fribel, H. Bayram Ka\u00e7mazo\u011flu,<span class=\"excerpt-hellip\"> [\u2026]<\/span><\/p>\n","protected":false},"featured_media":0,"template":"","meta":{"_monsterinsights_skip_tracking":false,"_monsterinsights_sitenote_active":false,"_monsterinsights_sitenote_note":"","_monsterinsights_sitenote_category":0},"product_brand":[],"product_cat":[12312,12304],"product_tag":[],"class_list":{"0":"post-704817","1":"product","2":"type-product","3":"status-publish","5":"product_cat-diger","6":"product_cat-tarih","7":"pa_cilt-ciltsiz","8":"pa_tur-kitap","9":"pa_yayinevi-ani-yayincilik","10":"pa_yazar-sezgin-kizilcelik","12":"first","13":"instock","14":"sale","15":"shipping-taxable","16":"purchasable","17":"product-type-simple"},"_links":{"self":[{"href":"https:\/\/roveyayinevi.com.tr\/index.php\/wp-json\/wp\/v2\/product\/704817","targetHints":{"allow":["GET"]}}],"collection":[{"href":"https:\/\/roveyayinevi.com.tr\/index.php\/wp-json\/wp\/v2\/product"}],"about":[{"href":"https:\/\/roveyayinevi.com.tr\/index.php\/wp-json\/wp\/v2\/types\/product"}],"wp:attachment":[{"href":"https:\/\/roveyayinevi.com.tr\/index.php\/wp-json\/wp\/v2\/media?parent=704817"}],"wp:term":[{"taxonomy":"product_brand","embeddable":true,"href":"https:\/\/roveyayinevi.com.tr\/index.php\/wp-json\/wp\/v2\/product_brand?post=704817"},{"taxonomy":"product_cat","embeddable":true,"href":"https:\/\/roveyayinevi.com.tr\/index.php\/wp-json\/wp\/v2\/product_cat?post=704817"},{"taxonomy":"product_tag","embeddable":true,"href":"https:\/\/roveyayinevi.com.tr\/index.php\/wp-json\/wp\/v2\/product_tag?post=704817"}],"curies":[{"name":"wp","href":"https:\/\/api.w.org\/{rel}","templated":true}]}}