{"id":704816,"date":"2025-08-27T15:39:12","date_gmt":"2025-08-27T12:39:12","guid":{"rendered":"https:\/\/roveyayinevi.com.tr\/index.php\/urun\/benim-babam-omur-adam\/"},"modified":"2026-04-16T02:13:36","modified_gmt":"2026-04-15T23:13:36","slug":"benim-babam-omur-adam","status":"publish","type":"product","link":"https:\/\/roveyayinevi.com.tr\/index.php\/urun\/benim-babam-omur-adam\/","title":{"rendered":"Benim Babam \u00d6m\u00fcr Adam"},"content":{"rendered":"<p>Arkada\u015f\u0131 \u015eair Amca\u2019yla meydandaki dut a\u011fac\u0131 alt\u0131nda bulu\u015fmay\u0131 seven Fiko\u2019nun hayallerine giden yol, mor bir ku\u015fakt\u0131r. Babas\u0131n\u0131n verdi\u011fi \u00fc\u00e7 kar\u0131\u015f uzunlu\u011fundaki ku\u015fa\u011f\u0131 iki hafta boyunca kaybetmemesi gerekmektedir. \u0130yi de, akl\u0131 be\u015f kar\u0131\u015f havadaki Fiko bu i\u015fi ba\u015farabilir mi?.. Yaz tatili boyunca s\u00fcrece\u011fi bal rengi bisikletin hayali bir yandan, aileye yeni kat\u0131lacak bebe\u011fin yaratt\u0131\u011f\u0131 kar\u0131\u015f\u0131k duygular bir yandan; Fiko\u2019nun akl\u0131 kar\u0131\u015fm\u0131\u015ft\u0131r bir kere\u2026 <\/p>\n","protected":false},"excerpt":{"rendered":"<p>Arkada\u015f\u0131 \u015eair Amca\u2019yla meydandaki dut a\u011fac\u0131 alt\u0131nda bulu\u015fmay\u0131 seven Fiko\u2019nun hayallerine giden yol, mor bir ku\u015fakt\u0131r. Babas\u0131n\u0131n verdi\u011fi \u00fc\u00e7 kar\u0131\u015f uzunlu\u011fundaki ku\u015fa\u011f\u0131 iki hafta boyunca kaybetmemesi<span class=\"excerpt-hellip\"> [\u2026]<\/span><\/p>\n","protected":false},"featured_media":0,"template":"","meta":{"_monsterinsights_skip_tracking":false,"_monsterinsights_sitenote_active":false,"_monsterinsights_sitenote_note":"","_monsterinsights_sitenote_category":0},"product_brand":[],"product_cat":[12274,12284],"product_tag":[],"class_list":{"0":"post-704816","1":"product","2":"type-product","3":"status-publish","5":"product_cat-cocuk-ve-genclik-kitaplari","6":"product_cat-hikayeler","7":"pa_cilt-ciltsiz","8":"pa_tur-kitap","9":"pa_yayinevi-gunisigi-kitapligi","10":"pa_yazar-omer-acik","12":"first","13":"instock","14":"sale","15":"shipping-taxable","16":"purchasable","17":"product-type-simple"},"_links":{"self":[{"href":"https:\/\/roveyayinevi.com.tr\/index.php\/wp-json\/wp\/v2\/product\/704816","targetHints":{"allow":["GET"]}}],"collection":[{"href":"https:\/\/roveyayinevi.com.tr\/index.php\/wp-json\/wp\/v2\/product"}],"about":[{"href":"https:\/\/roveyayinevi.com.tr\/index.php\/wp-json\/wp\/v2\/types\/product"}],"wp:attachment":[{"href":"https:\/\/roveyayinevi.com.tr\/index.php\/wp-json\/wp\/v2\/media?parent=704816"}],"wp:term":[{"taxonomy":"product_brand","embeddable":true,"href":"https:\/\/roveyayinevi.com.tr\/index.php\/wp-json\/wp\/v2\/product_brand?post=704816"},{"taxonomy":"product_cat","embeddable":true,"href":"https:\/\/roveyayinevi.com.tr\/index.php\/wp-json\/wp\/v2\/product_cat?post=704816"},{"taxonomy":"product_tag","embeddable":true,"href":"https:\/\/roveyayinevi.com.tr\/index.php\/wp-json\/wp\/v2\/product_tag?post=704816"}],"curies":[{"name":"wp","href":"https:\/\/api.w.org\/{rel}","templated":true}]}}