{"id":704814,"date":"2025-08-27T15:39:11","date_gmt":"2025-08-27T12:39:11","guid":{"rendered":"https:\/\/roveyayinevi.com.tr\/index.php\/urun\/jane-eyre-4\/"},"modified":"2026-04-16T02:13:36","modified_gmt":"2026-04-15T23:13:36","slug":"jane-eyre-4","status":"publish","type":"product","link":"https:\/\/roveyayinevi.com.tr\/index.php\/urun\/jane-eyre-4\/","title":{"rendered":"Jane Eyre"},"content":{"rendered":"<p>Jane Eyre has been considered a masterpiece of feminist literature. It has a tremendous emotional appeal and is one of the greatest works of Victorian fiction. The story is woven around a governess, Jane Eyre, the orphan daughter of a poor parson. She lives under the care of her aunt Mrs Reed in Gateshead Hall who ill-treats her and sends her to a boarding school where she excels in studies and finally is appointed as a governess to a little French girl, Adele, the ward of the master of Thornfield Hall, Edward Rochester. Despite her simplicity and innocence, she captures the heart of her enigmatic employer, Edward Rochester. But soon she discovers he has a secret that could jeopardise any hope of happiness between them. Will Jane Eyre&#8217;s story have an happy ending? The reader enjoys the melodrama which is beautifully fused in the story.Binbir \u00c7i\u00e7ek, \u00e7ocuklara ve gen\u00e7lere y\u00f6nelik dil yay\u0131nc\u0131l\u0131\u011f\u0131nda \u00fclkemizin \u00f6nde gelen markalar\u0131ndan biri. Her ge\u00e7en g\u00fcn daha da geni\u015fletti\u011fimiz \u00fcr\u00fcn yelpazemize \u015fimdi de d\u00fcnya klasiklerinin seviyelendirilmi\u015f okuma kitaplar\u0131n\u0131 ekliyor ve dil e\u011fitimine de\u011fer kat\u0131yoruz.Bu seride yer alan kitaplar hem i\u00e7erikleri hem de i\u00e7erdikleri kelime say\u0131s\u0131 bak\u0131m\u0131ndan basitle\u015ftirilmi\u015f ve okuyucunun ihtiya\u00e7lar\u0131 do\u011frultusunda yeniden d\u00fczenlenmi\u015ftir. Temel ama\u00e7 kelime bilgisinin geli\u015ftirilmesi, c\u00fcmle yap\u0131s\u0131n\u0131n sindirilmesi ve okuma becerilerinin ilerlemesini sa\u011flamakt\u0131r. T\u00fcm kitaplar\u0131n sonunda bir s\u00f6zl\u00fck ve \u00e7e\u015fitli aktivitelere de yer verilmi\u015ftir.<\/p>\n","protected":false},"excerpt":{"rendered":"<p>Jane Eyre has been considered a masterpiece of feminist literature. It has a tremendous emotional appeal and is one of the greatest works of Victorian fiction.<span class=\"excerpt-hellip\"> [\u2026]<\/span><\/p>\n","protected":false},"featured_media":0,"template":"","meta":{"_monsterinsights_skip_tracking":false,"_monsterinsights_sitenote_active":false,"_monsterinsights_sitenote_note":"","_monsterinsights_sitenote_category":0},"product_brand":[],"product_cat":[12274,12467],"product_tag":[],"class_list":{"0":"post-704814","1":"product","2":"type-product","3":"status-publish","5":"product_cat-cocuk-ve-genclik-kitaplari","6":"product_cat-dunya-klasikleri","7":"pa_cilt-ciltsiz","8":"pa_tur-kitap","9":"pa_yayinevi-1001-cicek-kitaplar","10":"pa_yazar-charlotte-bronte","12":"first","13":"instock","14":"sale","15":"shipping-taxable","16":"purchasable","17":"product-type-simple"},"_links":{"self":[{"href":"https:\/\/roveyayinevi.com.tr\/index.php\/wp-json\/wp\/v2\/product\/704814","targetHints":{"allow":["GET"]}}],"collection":[{"href":"https:\/\/roveyayinevi.com.tr\/index.php\/wp-json\/wp\/v2\/product"}],"about":[{"href":"https:\/\/roveyayinevi.com.tr\/index.php\/wp-json\/wp\/v2\/types\/product"}],"wp:attachment":[{"href":"https:\/\/roveyayinevi.com.tr\/index.php\/wp-json\/wp\/v2\/media?parent=704814"}],"wp:term":[{"taxonomy":"product_brand","embeddable":true,"href":"https:\/\/roveyayinevi.com.tr\/index.php\/wp-json\/wp\/v2\/product_brand?post=704814"},{"taxonomy":"product_cat","embeddable":true,"href":"https:\/\/roveyayinevi.com.tr\/index.php\/wp-json\/wp\/v2\/product_cat?post=704814"},{"taxonomy":"product_tag","embeddable":true,"href":"https:\/\/roveyayinevi.com.tr\/index.php\/wp-json\/wp\/v2\/product_tag?post=704814"}],"curies":[{"name":"wp","href":"https:\/\/api.w.org\/{rel}","templated":true}]}}