{"id":704813,"date":"2025-08-27T15:39:11","date_gmt":"2025-08-27T12:39:11","guid":{"rendered":"https:\/\/roveyayinevi.com.tr\/index.php\/urun\/uygarlik-ahlak-ve-egitim\/"},"modified":"2026-04-16T02:13:36","modified_gmt":"2026-04-15T23:13:36","slug":"uygarlik-ahlak-ve-egitim","status":"publish","type":"product","link":"https:\/\/roveyayinevi.com.tr\/index.php\/urun\/uygarlik-ahlak-ve-egitim\/","title":{"rendered":"Uygarl\u0131k, Ahlak ve E\u011fitim"},"content":{"rendered":"<p>Bu metinde, uygarl\u0131\u011f\u0131, Bat\u0131 uygarl\u0131\u011f\u0131na indirgemenin yanl\u0131\u015fl\u0131\u011f\u0131ndan s\u00f6z edilmi\u015f, d\u00fcnyaya Do\u011fu uygarl\u0131\u011f\u0131 ve Bat\u0131 uygarl\u0131\u011f\u0131n\u0131n penceresinden bakman\u0131n daha do\u011fru olaca\u011f\u0131na vurgu yap\u0131lm\u0131\u015f, s\u00f6z konusu uygarl\u0131klar\u0131n temel \u00f6zellikleri ve birbirlerinden farkl\u0131l\u0131klar\u0131 irdelenmi\u015f, \u00e7a\u011f\u0131m\u0131zda ba\u015fat hale gelen Bat\u0131 uygarl\u0131\u011f\u0131n\u0131n ele\u015ftirel bir de\u011ferlendirmesi yap\u0131lm\u0131\u015f, onun sefaletinden s\u00f6z edilmi\u015f, insan\u0131n cevheri ve toplumun temeli olan ahl\u00e2k\u0131n \u00e7a\u011f\u0131m\u0131zda de\u011fersizle\u015ftirilmesine ve kap\u0131 d\u0131\u015far\u0131 edilmesine dikkat \u00e7ekilmi\u015f, ahl\u00e2kl\u0131 insan\u0131n kaybolu\u015funa de\u011finilmi\u015f, bug\u00fcn yayg\u0131n olan e\u011fitim sisteminin insan\u0131 bozdu\u011funa, huzursuz ve ne\u015fesiz yapt\u0131\u011f\u0131na odaklan\u0131lm\u0131\u015ft\u0131r. \ufffcTan\u0131t\u0131m Metni<\/p>\n","protected":false},"excerpt":{"rendered":"<p>Bu metinde, uygarl\u0131\u011f\u0131, Bat\u0131 uygarl\u0131\u011f\u0131na indirgemenin yanl\u0131\u015fl\u0131\u011f\u0131ndan s\u00f6z edilmi\u015f, d\u00fcnyaya Do\u011fu uygarl\u0131\u011f\u0131 ve Bat\u0131 uygarl\u0131\u011f\u0131n\u0131n penceresinden bakman\u0131n daha do\u011fru olaca\u011f\u0131na vurgu yap\u0131lm\u0131\u015f, s\u00f6z konusu uygarl\u0131klar\u0131n temel<span class=\"excerpt-hellip\"> [\u2026]<\/span><\/p>\n","protected":false},"featured_media":0,"template":"","meta":{"_monsterinsights_skip_tracking":false,"_monsterinsights_sitenote_active":false,"_monsterinsights_sitenote_note":"","_monsterinsights_sitenote_category":0},"product_brand":[],"product_cat":[12835,12324],"product_tag":[],"class_list":{"0":"post-704813","1":"product","2":"type-product","3":"status-publish","5":"product_cat-genel-sosyoloji","6":"product_cat-sosyoloji","7":"pa_cilt-ciltsiz","8":"pa_tur-kitap","9":"pa_yayinevi-ani-yayincilik","10":"pa_yazar-sezgin-kizilcelik","12":"first","13":"instock","14":"sale","15":"shipping-taxable","16":"purchasable","17":"product-type-simple"},"_links":{"self":[{"href":"https:\/\/roveyayinevi.com.tr\/index.php\/wp-json\/wp\/v2\/product\/704813","targetHints":{"allow":["GET"]}}],"collection":[{"href":"https:\/\/roveyayinevi.com.tr\/index.php\/wp-json\/wp\/v2\/product"}],"about":[{"href":"https:\/\/roveyayinevi.com.tr\/index.php\/wp-json\/wp\/v2\/types\/product"}],"wp:attachment":[{"href":"https:\/\/roveyayinevi.com.tr\/index.php\/wp-json\/wp\/v2\/media?parent=704813"}],"wp:term":[{"taxonomy":"product_brand","embeddable":true,"href":"https:\/\/roveyayinevi.com.tr\/index.php\/wp-json\/wp\/v2\/product_brand?post=704813"},{"taxonomy":"product_cat","embeddable":true,"href":"https:\/\/roveyayinevi.com.tr\/index.php\/wp-json\/wp\/v2\/product_cat?post=704813"},{"taxonomy":"product_tag","embeddable":true,"href":"https:\/\/roveyayinevi.com.tr\/index.php\/wp-json\/wp\/v2\/product_tag?post=704813"}],"curies":[{"name":"wp","href":"https:\/\/api.w.org\/{rel}","templated":true}]}}