{"id":704809,"date":"2025-08-27T15:39:09","date_gmt":"2025-08-27T12:39:09","guid":{"rendered":"https:\/\/roveyayinevi.com.tr\/index.php\/urun\/ucus-denemeleri\/"},"modified":"2026-04-16T02:13:36","modified_gmt":"2026-04-15T23:13:36","slug":"ucus-denemeleri","status":"publish","type":"product","link":"https:\/\/roveyayinevi.com.tr\/index.php\/urun\/ucus-denemeleri\/","title":{"rendered":"U\u00e7u\u015f Denemeleri"},"content":{"rendered":"<p>\u0130brahim Tenekeci&#8217;yi bilenler bilir. Edirne \u015eeyhi Ne\u015fati&#8217;nin deyimi ile m\u00fccella aynalarda bile g\u00f6r\u00fcnmeyecek kadar benli\u011finden s\u0131yr\u0131lm\u0131\u015ft\u0131r. \u0130\u00e7 \u00e2leminden her g\u00fcn devr-i \u00e2lem seyahati yapar. D\u0131\u015f \u00e2lemde, onu sadece evi ile i\u015fyeri aras\u0131nda ya\u015f\u0131yor san\u0131rs\u0131n\u0131z. \u0130\u00e7 \u00e2lemde ise her g\u00fcn sefer vard\u0131r. U\u00e7u\u015f Denemeleri, d\u0131\u015ftan bak\u0131\u015fta bu \u00e2leme ait notlar gibidir. Fakat asl\u0131nda i\u00e7i \u00e2lemin notlar\u0131 bunlar. Tayy-\u0131 zaman etti\u011fi i\u00e7in aram\u0131zda ya\u015fayan, asl\u0131nda K\u00e2tip \u00c7elebi ile sohbet etmi\u015f \u0130brahim \u00c7elebi&#8217;ye selam!  H\u00fcsrev Hatemi, T\u00fcrk Edebiyat\u0131 dergisi <\/p>\n","protected":false},"excerpt":{"rendered":"<p>\u0130brahim Tenekeci&#8217;yi bilenler bilir. Edirne \u015eeyhi Ne\u015fati&#8217;nin deyimi ile m\u00fccella aynalarda bile g\u00f6r\u00fcnmeyecek kadar benli\u011finden s\u0131yr\u0131lm\u0131\u015ft\u0131r. \u0130\u00e7 \u00e2leminden her g\u00fcn devr-i \u00e2lem seyahati yapar. D\u0131\u015f \u00e2lemde,<span class=\"excerpt-hellip\"> [\u2026]<\/span><\/p>\n","protected":false},"featured_media":0,"template":"","meta":{"_monsterinsights_skip_tracking":false,"_monsterinsights_sitenote_active":false,"_monsterinsights_sitenote_note":"","_monsterinsights_sitenote_category":0},"product_brand":[],"product_cat":[12777,12291],"product_tag":[],"class_list":{"0":"post-704809","1":"product","2":"type-product","3":"status-publish","5":"product_cat-deneme","6":"product_cat-edebiyat","7":"pa_cilt-ciltsiz","8":"pa_tur-kitap","9":"pa_yayinevi-profil-kitap","10":"pa_yazar-ibrahim-tenekeci","12":"first","13":"instock","14":"sale","15":"shipping-taxable","16":"purchasable","17":"product-type-simple"},"_links":{"self":[{"href":"https:\/\/roveyayinevi.com.tr\/index.php\/wp-json\/wp\/v2\/product\/704809","targetHints":{"allow":["GET"]}}],"collection":[{"href":"https:\/\/roveyayinevi.com.tr\/index.php\/wp-json\/wp\/v2\/product"}],"about":[{"href":"https:\/\/roveyayinevi.com.tr\/index.php\/wp-json\/wp\/v2\/types\/product"}],"wp:attachment":[{"href":"https:\/\/roveyayinevi.com.tr\/index.php\/wp-json\/wp\/v2\/media?parent=704809"}],"wp:term":[{"taxonomy":"product_brand","embeddable":true,"href":"https:\/\/roveyayinevi.com.tr\/index.php\/wp-json\/wp\/v2\/product_brand?post=704809"},{"taxonomy":"product_cat","embeddable":true,"href":"https:\/\/roveyayinevi.com.tr\/index.php\/wp-json\/wp\/v2\/product_cat?post=704809"},{"taxonomy":"product_tag","embeddable":true,"href":"https:\/\/roveyayinevi.com.tr\/index.php\/wp-json\/wp\/v2\/product_tag?post=704809"}],"curies":[{"name":"wp","href":"https:\/\/api.w.org\/{rel}","templated":true}]}}