{"id":704804,"date":"2025-08-27T15:39:07","date_gmt":"2025-08-27T12:39:07","guid":{"rendered":"https:\/\/roveyayinevi.com.tr\/index.php\/urun\/benim-hikayem-2\/"},"modified":"2026-04-16T02:13:36","modified_gmt":"2026-04-15T23:13:36","slug":"benim-hikayem-2","status":"publish","type":"product","link":"https:\/\/roveyayinevi.com.tr\/index.php\/urun\/benim-hikayem-2\/","title":{"rendered":"Benim Hikayem"},"content":{"rendered":"<p>Hikaye yazmak istiyor ama nereden ba\u015flayaca\u011f\u0131n\u0131 bilmiyor musun? Zihnin fikirlerle dolup ta\u015fsa da masan\u0131n ba\u015f\u0131na ge\u00e7ince bunlar\u0131 nas\u0131l yaz\u0131ya d\u00f6kece\u011fin konusunda endi\u015feli misin? B\u00fcy\u00fck bir heyecanla hik\u00e2yeni yazmaya ba\u015flay\u0131p sonra bir noktada t\u0131kan\u0131yor musun? \u0130\u015fte o zaman bu kitap tam sana g\u00f6re!Yazmak i\u00e7in sadece hayal g\u00fcc\u00fcne sahip olmak yetmez. Harika bir fikri ola\u011fan\u00fcst\u00fc bir hik\u00e2yeye d\u00f6n\u00fc\u015ft\u00fcrebilmek i\u00e7in izlemen gereken baz\u0131 \u00f6nemli ad\u0131mlar var. G\u00f6r\u00fclmemi\u015f giri\u015flere, g\u00f6rkemli geli\u015fmelere ve s\u00fcper sonlara imza atarak belki de hayat\u0131n\u0131n en g\u00fczel hik\u00e2yesini yazabilirsin\u2026Simon Cheshire\u2019\u0131n yazmak isteyen ya da yaz\u0131 konusunda kendisini geli\u015ftirmeyi ama\u00e7layan okurlar i\u00e7in \u00f6zel olarak haz\u0131rlad\u0131\u011f\u0131 bu kapsaml\u0131 kitap, t\u00fcr\u00fcn\u00fcn en iyi \u00f6rneklerinden olup zevkli al\u0131\u015ft\u0131rmalar ve renkli g\u00f6rseller e\u015fli\u011finde kurmacan\u0131n do\u011fas\u0131n\u0131 anlat\u0131yor. Kitab\u0131 eline alan her ya\u015ftan okurun i\u00e7indeki gizli yazar\u0131 uyand\u0131rmay\u0131 hedefleyen Benim Hik\u00e2yem, ayn\u0131 zamanda \u00f6\u011fretmenlerin s\u0131n\u0131f i\u00e7i \u00e7al\u0131\u015fmalar\u0131nda da kullanabilecekleri bir el kitab\u0131 niteli\u011fi ta\u015f\u0131yor.\u0130lham verici ve yol g\u00f6sterici \u00f6neriler, iyi bir kurgu, capcanl\u0131 karakterler ve yarat\u0131c\u0131 hik\u00e2yeler i\u00e7in pek \u00e7ok fikir Benim Hik\u00e2yem\u2019de gen\u00e7 yazar adaylar\u0131n\u0131 bekliyor.Benim Hikayem, tan\u0131nan bir yazar olman i\u00e7in sana yard\u0131mc\u0131 olacak ilham verici fikirlerle dolup ta\u015f\u0131yor. Havada u\u00e7u\u015fup duran bu fikir balonlar\u0131ndan birka\u00e7\u0131n\u0131 yakalamaya ne dersin?Haydi o zaman! \u015eimdi kaleme sar\u0131l\u0131p hayalindeki hikayeyi k\u00e2\u011f\u0131da d\u00f6kme vakti. Ne duruyorsun, bunca zamand\u0131r ba\u015fkalar\u0131n\u0131n hik\u00e2yelerini okudu\u011fun yeter.Art\u0131k yazma s\u0131ras\u0131 sende!<\/p>\n","protected":false},"excerpt":{"rendered":"<p>Hikaye yazmak istiyor ama nereden ba\u015flayaca\u011f\u0131n\u0131 bilmiyor musun? Zihnin fikirlerle dolup ta\u015fsa da masan\u0131n ba\u015f\u0131na ge\u00e7ince bunlar\u0131 nas\u0131l yaz\u0131ya d\u00f6kece\u011fin konusunda endi\u015feli misin? B\u00fcy\u00fck bir heyecanla<span class=\"excerpt-hellip\"> [\u2026]<\/span><\/p>\n","protected":false},"featured_media":0,"template":"","meta":{"_monsterinsights_skip_tracking":false,"_monsterinsights_sitenote_active":false,"_monsterinsights_sitenote_note":"","_monsterinsights_sitenote_category":0},"product_brand":[],"product_cat":[12274,12631],"product_tag":[],"class_list":{"0":"post-704804","1":"product","2":"type-product","3":"status-publish","5":"product_cat-cocuk-ve-genclik-kitaplari","6":"product_cat-diger-cocuk-ve-genclik-kitaplari","7":"pa_cilt-ciltsiz","8":"pa_tur-kitap","9":"pa_yayinevi-tudem-yayinlari","10":"pa_yazar-simon-cheshire","12":"first","13":"instock","14":"sale","15":"shipping-taxable","16":"purchasable","17":"product-type-simple"},"_links":{"self":[{"href":"https:\/\/roveyayinevi.com.tr\/index.php\/wp-json\/wp\/v2\/product\/704804","targetHints":{"allow":["GET"]}}],"collection":[{"href":"https:\/\/roveyayinevi.com.tr\/index.php\/wp-json\/wp\/v2\/product"}],"about":[{"href":"https:\/\/roveyayinevi.com.tr\/index.php\/wp-json\/wp\/v2\/types\/product"}],"wp:attachment":[{"href":"https:\/\/roveyayinevi.com.tr\/index.php\/wp-json\/wp\/v2\/media?parent=704804"}],"wp:term":[{"taxonomy":"product_brand","embeddable":true,"href":"https:\/\/roveyayinevi.com.tr\/index.php\/wp-json\/wp\/v2\/product_brand?post=704804"},{"taxonomy":"product_cat","embeddable":true,"href":"https:\/\/roveyayinevi.com.tr\/index.php\/wp-json\/wp\/v2\/product_cat?post=704804"},{"taxonomy":"product_tag","embeddable":true,"href":"https:\/\/roveyayinevi.com.tr\/index.php\/wp-json\/wp\/v2\/product_tag?post=704804"}],"curies":[{"name":"wp","href":"https:\/\/api.w.org\/{rel}","templated":true}]}}