{"id":704802,"date":"2025-08-27T15:39:06","date_gmt":"2025-08-27T12:39:06","guid":{"rendered":"https:\/\/roveyayinevi.com.tr\/index.php\/urun\/saldirgani-hos-tutmak\/"},"modified":"2026-04-16T02:13:36","modified_gmt":"2026-04-15T23:13:36","slug":"saldirgani-hos-tutmak","status":"publish","type":"product","link":"https:\/\/roveyayinevi.com.tr\/index.php\/urun\/saldirgani-hos-tutmak\/","title":{"rendered":"Sald\u0131rgan\u0131 Ho\u015f Tutmak"},"content":{"rendered":"<p>Erendiz Atas\u00fc\u2019n\u00fcn 2004 -2015 aras\u0131 kaleme ald\u0131\u011f\u0131 yaz\u0131lardan derlenen Sald\u0131rgan\u0131 Ho\u015f Tutmak, on bir y\u0131ll\u0131k T\u00fcrkiye panoramas\u0131 seriyor okurun \u00f6n\u00fcne. Kad\u0131n m\u00fccadelesinden erkek \u015fiddetine, 12 Eyl\u00fcl Referandumu\u2019ndan Kemal K\u0131l\u0131\u00e7daro\u011flu\u2019na yaz\u0131lan mektuba, I\u015e\u0130D ter\u00f6r\u00fcnden Ortado\u011fu\u2019nun son on y\u0131ldaki d\u00f6n\u00fc\u015f\u00fcm\u00fcne kadar baz\u0131lar\u0131 daha \u00f6nce yay\u0131mlanm\u0131\u015f baz\u0131lar\u0131 ilk defa yay\u0131mlanan bu yaz\u0131lar, par\u00e7alar\u0131na ayr\u0131lm\u0131\u015f bir resme b\u00fct\u00fcnc\u00fcl bir bak\u0131\u015f sunuyor. <\/p>\n","protected":false},"excerpt":{"rendered":"<p>Erendiz Atas\u00fc\u2019n\u00fcn 2004 -2015 aras\u0131 kaleme ald\u0131\u011f\u0131 yaz\u0131lardan derlenen Sald\u0131rgan\u0131 Ho\u015f Tutmak, on bir y\u0131ll\u0131k T\u00fcrkiye panoramas\u0131 seriyor okurun \u00f6n\u00fcne. Kad\u0131n m\u00fccadelesinden erkek \u015fiddetine, 12 Eyl\u00fcl<span class=\"excerpt-hellip\"> [\u2026]<\/span><\/p>\n","protected":false},"featured_media":0,"template":"","meta":{"_monsterinsights_skip_tracking":false,"_monsterinsights_sitenote_active":false,"_monsterinsights_sitenote_note":"","_monsterinsights_sitenote_category":0},"product_brand":[],"product_cat":[12777,12291],"product_tag":[],"class_list":{"0":"post-704802","1":"product","2":"type-product","3":"status-publish","5":"product_cat-deneme","6":"product_cat-edebiyat","7":"pa_cilt-ciltsiz","8":"pa_tur-kitap","9":"pa_yayinevi-can-yayinlari","10":"pa_yazar-erendiz-atasu","12":"first","13":"instock","14":"sale","15":"shipping-taxable","16":"purchasable","17":"product-type-simple"},"_links":{"self":[{"href":"https:\/\/roveyayinevi.com.tr\/index.php\/wp-json\/wp\/v2\/product\/704802","targetHints":{"allow":["GET"]}}],"collection":[{"href":"https:\/\/roveyayinevi.com.tr\/index.php\/wp-json\/wp\/v2\/product"}],"about":[{"href":"https:\/\/roveyayinevi.com.tr\/index.php\/wp-json\/wp\/v2\/types\/product"}],"wp:attachment":[{"href":"https:\/\/roveyayinevi.com.tr\/index.php\/wp-json\/wp\/v2\/media?parent=704802"}],"wp:term":[{"taxonomy":"product_brand","embeddable":true,"href":"https:\/\/roveyayinevi.com.tr\/index.php\/wp-json\/wp\/v2\/product_brand?post=704802"},{"taxonomy":"product_cat","embeddable":true,"href":"https:\/\/roveyayinevi.com.tr\/index.php\/wp-json\/wp\/v2\/product_cat?post=704802"},{"taxonomy":"product_tag","embeddable":true,"href":"https:\/\/roveyayinevi.com.tr\/index.php\/wp-json\/wp\/v2\/product_tag?post=704802"}],"curies":[{"name":"wp","href":"https:\/\/api.w.org\/{rel}","templated":true}]}}