{"id":704796,"date":"2025-08-27T15:39:04","date_gmt":"2025-08-27T12:39:04","guid":{"rendered":"https:\/\/roveyayinevi.com.tr\/index.php\/urun\/dogruluk-kitabi\/"},"modified":"2026-04-16T02:13:36","modified_gmt":"2026-04-15T23:13:36","slug":"dogruluk-kitabi","status":"publish","type":"product","link":"https:\/\/roveyayinevi.com.tr\/index.php\/urun\/dogruluk-kitabi\/","title":{"rendered":"Do\u011fruluk Kitab\u0131"},"content":{"rendered":"<p>&#8216;Do\u011fruluk&#8217; diye \u00e7evirebilece\u011fimiz s\u0131dk, bilhassa \u00e7a\u011fda en \u00e7ok ihtiyac\u0131m\u0131z olan \u015fey. Fakat sadece s\u00f6z\u00fcm\u00fczde do\u011fruluk de\u011fil bu, do\u011fru s\u00f6z\u00fcn yan\u0131nda do\u011fru davran\u0131\u015f\u0131 da i\u00e7eren kapsaml\u0131 bir hal. Uydurulmu\u015f, \u00e7arp\u0131t\u0131lm\u0131\u015f veya yapmac\u0131k her t\u00fcrl\u00fc beyan ve tav\u0131rdan ar\u0131nm\u0131\u015f olmak demek. Gizli veya a\u00e7\u0131k b\u00fct\u00fcn hallerin tek bir \u00f6l\u00e7\u00fcte g\u00f6re, d\u00fcr\u00fcst ve samimi olma \u00f6l\u00e7\u00fct\u00fcne yani ihlasa g\u00f6re tart\u0131lmas\u0131 demek.Ariflere g\u00f6re hem ki\u015fisel hem de toplumsal terakki, s\u00f6z, tav\u0131r ve davran\u0131\u015flarda do\u011frulu\u011fu ilke edinmenin yan\u0131nda en gizli niyetlerimiz ve kararlar\u0131m\u0131zda da Allah&#8217;\u0131n sad\u0131k bir kulu olarak ya\u015famam\u0131za ba\u011fl\u0131. Eylemlerimizdeki do\u011fruluk pay\u0131n\u0131 bilmek ise her \u015feyden \u00f6nce, &#8216;sad\u0131k&#8217; ve &#8216;s\u0131dd\u0131k&#8217; bir peygamberin \u00fcmmeti olabilemmemizin gere\u011fi. Erken d\u00f6nem mutasavv\u0131flar\u0131ndan Ebu Said Harraz, bu eserinde, bir yandan b\u00fct\u00fcn davran\u0131\u015flar\u0131m\u0131zda kendini g\u00f6steren do\u011frulu\u011fun pe\u015fine d\u00fc\u015ferken ayn\u0131 zamanda &#8216;yalanc\u0131 ki\u015filik&#8217;ten de nas\u0131l korunabilece\u011fimizi g\u00f6steriyor. <\/p>\n","protected":false},"excerpt":{"rendered":"<p>&#8216;Do\u011fruluk&#8217; diye \u00e7evirebilece\u011fimiz s\u0131dk, bilhassa \u00e7a\u011fda en \u00e7ok ihtiyac\u0131m\u0131z olan \u015fey. Fakat sadece s\u00f6z\u00fcm\u00fczde do\u011fruluk de\u011fil bu, do\u011fru s\u00f6z\u00fcn yan\u0131nda do\u011fru davran\u0131\u015f\u0131 da i\u00e7eren kapsaml\u0131 bir<span class=\"excerpt-hellip\"> [\u2026]<\/span><\/p>\n","protected":false},"featured_media":0,"template":"","meta":{"_monsterinsights_skip_tracking":false,"_monsterinsights_sitenote_active":false,"_monsterinsights_sitenote_note":"","_monsterinsights_sitenote_category":0},"product_brand":[],"product_cat":[12718,12719,12720],"product_tag":[],"class_list":{"0":"post-704796","1":"product","2":"type-product","3":"status-publish","5":"product_cat-din","6":"product_cat-islam","7":"product_cat-tasavvuf-mezhepler-tarikatlar","8":"pa_cilt-ciltsiz","9":"pa_tur-kitap","10":"pa_yayinevi-hayykitap","11":"pa_yazar-ebu-said-harraz","13":"first","14":"instock","15":"sale","16":"shipping-taxable","17":"purchasable","18":"product-type-simple"},"_links":{"self":[{"href":"https:\/\/roveyayinevi.com.tr\/index.php\/wp-json\/wp\/v2\/product\/704796","targetHints":{"allow":["GET"]}}],"collection":[{"href":"https:\/\/roveyayinevi.com.tr\/index.php\/wp-json\/wp\/v2\/product"}],"about":[{"href":"https:\/\/roveyayinevi.com.tr\/index.php\/wp-json\/wp\/v2\/types\/product"}],"wp:attachment":[{"href":"https:\/\/roveyayinevi.com.tr\/index.php\/wp-json\/wp\/v2\/media?parent=704796"}],"wp:term":[{"taxonomy":"product_brand","embeddable":true,"href":"https:\/\/roveyayinevi.com.tr\/index.php\/wp-json\/wp\/v2\/product_brand?post=704796"},{"taxonomy":"product_cat","embeddable":true,"href":"https:\/\/roveyayinevi.com.tr\/index.php\/wp-json\/wp\/v2\/product_cat?post=704796"},{"taxonomy":"product_tag","embeddable":true,"href":"https:\/\/roveyayinevi.com.tr\/index.php\/wp-json\/wp\/v2\/product_tag?post=704796"}],"curies":[{"name":"wp","href":"https:\/\/api.w.org\/{rel}","templated":true}]}}