{"id":704790,"date":"2025-08-27T15:39:02","date_gmt":"2025-08-27T12:39:02","guid":{"rendered":"https:\/\/roveyayinevi.com.tr\/index.php\/urun\/sozcuklerin-bilinci\/"},"modified":"2026-04-16T02:13:35","modified_gmt":"2026-04-15T23:13:35","slug":"sozcuklerin-bilinci","status":"publish","type":"product","link":"https:\/\/roveyayinevi.com.tr\/index.php\/urun\/sozcuklerin-bilinci\/","title":{"rendered":"S\u00f6zc\u00fcklerin Bilinci"},"content":{"rendered":"<p>\u0130nsan kavram\u0131n\u0131 t\u00fcm uluslardan ve \u0131rklardan ba\u011f\u0131ms\u0131z \u015fekilde ele alan Elias Canetti&#8217;nin, tan\u0131kl\u0131k etti\u011fi d\u00fcnyay\u0131 m\u00fcthi\u015f bir zekayla irdeleyen ve g\u00fcncelli\u011fini asla yitirmeyen denemeleri, onun bir filozof ve bir yazar olarak de\u011ferini bir kez daha ortaya koyuyor. Kafka, Konf\u00fc\u00e7y\u00fcs, B\u00fcchner, Tolstoy, Karl Kraus gibi isimler ile Hiro\u015fima ve Hitler gibi insanl\u0131\u011f\u0131n ba\u015f\u0131na gelebilecek en korkun\u00e7 y\u0131k\u0131mlar hakk\u0131ndaki yorumlar\u0131n yan\u0131 s\u0131ra, g\u00fcncelerin yaz\u0131lmas\u0131na ya da bir roman\u0131n olu\u015fumuna ili\u015fkin d\u00fc\u015f\u00fcncelerin payla\u015f\u0131ld\u0131\u011f\u0131 S\u00f6zc\u00fcklerin Bilinci, bu \u00f6zelli\u011fiyle \u00e7ok geni\u015f bir alan\u0131 kapsayarak deneme t\u00fcr\u00fcn\u00fcn \u00f6zg\u00fcn \u00f6rneklerini ortaya koyuyor.Canetti, birbirinden \u00e7ok farkl\u0131 konular\u0131n bir eserde yan yana gelmesinin tesad\u00fcf olmad\u0131\u011f\u0131n\u0131 belirterek, olas\u0131 ele\u015ftirilere \u00f6ns\u00f6zde \u015f\u00f6yle cevap veriyor:&#8221;Toplumsal ile \u00f6zeli birbirinden ay\u0131rabilmek art\u0131k olanaks\u0131zla\u015ft\u0131; s\u0131n\u0131rlar eskiden hi\u00e7 duyulmad\u0131k bi\u00e7imde kar\u0131\u015fmakta. \u0130nsanl\u0131\u011f\u0131n d\u00fc\u015fmanlar\u0131 h\u0131zla g\u00fc\u00e7 kazand\u0131lar ve d\u00fcnyay\u0131 y\u0131kmak gibi bir son ere\u011fe h\u0131zla yakla\u015f\u0131r oldular; bunlara bakmay\u0131p yaln\u0131zca bizim i\u00e7in h\u00e2l\u00e2 bir anlam ta\u015f\u0131yan tinsel \u00f6rnekleri g\u00f6zlemlemekle yetinmek diye bir \u015fey olas\u0131 de\u011fil&#8230;&#8221;<\/p>\n","protected":false},"excerpt":{"rendered":"<p>\u0130nsan kavram\u0131n\u0131 t\u00fcm uluslardan ve \u0131rklardan ba\u011f\u0131ms\u0131z \u015fekilde ele alan Elias Canetti&#8217;nin, tan\u0131kl\u0131k etti\u011fi d\u00fcnyay\u0131 m\u00fcthi\u015f bir zekayla irdeleyen ve g\u00fcncelli\u011fini asla yitirmeyen denemeleri, onun bir<span class=\"excerpt-hellip\"> [\u2026]<\/span><\/p>\n","protected":false},"featured_media":0,"template":"","meta":{"_monsterinsights_skip_tracking":false,"_monsterinsights_sitenote_active":false,"_monsterinsights_sitenote_note":"","_monsterinsights_sitenote_category":0},"product_brand":[],"product_cat":[12777,12291],"product_tag":[],"class_list":{"0":"post-704790","1":"product","2":"type-product","3":"status-publish","5":"product_cat-deneme","6":"product_cat-edebiyat","7":"pa_cilt-ciltsiz","8":"pa_tur-kitap","9":"pa_yayinevi-sel-yayincilik","10":"pa_yazar-elias-canetti","12":"first","13":"instock","14":"sale","15":"shipping-taxable","16":"purchasable","17":"product-type-simple"},"_links":{"self":[{"href":"https:\/\/roveyayinevi.com.tr\/index.php\/wp-json\/wp\/v2\/product\/704790","targetHints":{"allow":["GET"]}}],"collection":[{"href":"https:\/\/roveyayinevi.com.tr\/index.php\/wp-json\/wp\/v2\/product"}],"about":[{"href":"https:\/\/roveyayinevi.com.tr\/index.php\/wp-json\/wp\/v2\/types\/product"}],"wp:attachment":[{"href":"https:\/\/roveyayinevi.com.tr\/index.php\/wp-json\/wp\/v2\/media?parent=704790"}],"wp:term":[{"taxonomy":"product_brand","embeddable":true,"href":"https:\/\/roveyayinevi.com.tr\/index.php\/wp-json\/wp\/v2\/product_brand?post=704790"},{"taxonomy":"product_cat","embeddable":true,"href":"https:\/\/roveyayinevi.com.tr\/index.php\/wp-json\/wp\/v2\/product_cat?post=704790"},{"taxonomy":"product_tag","embeddable":true,"href":"https:\/\/roveyayinevi.com.tr\/index.php\/wp-json\/wp\/v2\/product_tag?post=704790"}],"curies":[{"name":"wp","href":"https:\/\/api.w.org\/{rel}","templated":true}]}}