{"id":704789,"date":"2025-08-27T15:39:01","date_gmt":"2025-08-27T12:39:01","guid":{"rendered":"https:\/\/roveyayinevi.com.tr\/index.php\/urun\/101-ninni\/"},"modified":"2026-04-16T02:13:35","modified_gmt":"2026-04-15T23:13:35","slug":"101-ninni","status":"publish","type":"product","link":"https:\/\/roveyayinevi.com.tr\/index.php\/urun\/101-ninni\/","title":{"rendered":"101 Ninni"},"content":{"rendered":"<p>Ninniler, be\u015fik t\u00fcrk\u00fcleridir\u2026 Bebekleri sakinle\u015ftirmek, uyutmak, e\u011flendirmek i\u00e7in anneler taraf\u0131ndan s\u00f6ylenir. S\u00f6ylenen ninninin na\u011fmesini ve ritmini anne belirler. Bebe\u011fin durumuna g\u00f6re sesini al\u00e7alt\u0131r, y\u00fckseltir; s\u00f6yleyi\u015fini h\u0131zland\u0131r\u0131r ya da yava\u015flat\u0131r. B\u00f6ylece bebek, anadiliyle tan\u0131\u015f\u0131rken m\u00fczik zevkini de tatmaya ba\u015flar.<\/p>\n","protected":false},"excerpt":{"rendered":"<p>Ninniler, be\u015fik t\u00fcrk\u00fcleridir\u2026 Bebekleri sakinle\u015ftirmek, uyutmak, e\u011flendirmek i\u00e7in anneler taraf\u0131ndan s\u00f6ylenir. S\u00f6ylenen ninninin na\u011fmesini ve ritmini anne belirler. Bebe\u011fin durumuna g\u00f6re sesini al\u00e7alt\u0131r, y\u00fckseltir; s\u00f6yleyi\u015fini h\u0131zland\u0131r\u0131r<span class=\"excerpt-hellip\"> [\u2026]<\/span><\/p>\n","protected":false},"featured_media":0,"template":"","meta":{"_monsterinsights_skip_tracking":false,"_monsterinsights_sitenote_active":false,"_monsterinsights_sitenote_note":"","_monsterinsights_sitenote_category":0},"product_brand":[],"product_cat":[17996,12364],"product_tag":[],"class_list":{"0":"post-704789","1":"product","2":"type-product","3":"status-publish","5":"product_cat-ebeveyn-kitaplari","6":"product_cat-genel-konular","7":"pa_cilt-ciltsiz","8":"pa_tur-kitap","9":"pa_yayinevi-can-cocuk-yayinlari","10":"pa_yazar-suleyman-bulut","12":"first","13":"instock","14":"sale","15":"shipping-taxable","16":"purchasable","17":"product-type-simple"},"_links":{"self":[{"href":"https:\/\/roveyayinevi.com.tr\/index.php\/wp-json\/wp\/v2\/product\/704789","targetHints":{"allow":["GET"]}}],"collection":[{"href":"https:\/\/roveyayinevi.com.tr\/index.php\/wp-json\/wp\/v2\/product"}],"about":[{"href":"https:\/\/roveyayinevi.com.tr\/index.php\/wp-json\/wp\/v2\/types\/product"}],"wp:attachment":[{"href":"https:\/\/roveyayinevi.com.tr\/index.php\/wp-json\/wp\/v2\/media?parent=704789"}],"wp:term":[{"taxonomy":"product_brand","embeddable":true,"href":"https:\/\/roveyayinevi.com.tr\/index.php\/wp-json\/wp\/v2\/product_brand?post=704789"},{"taxonomy":"product_cat","embeddable":true,"href":"https:\/\/roveyayinevi.com.tr\/index.php\/wp-json\/wp\/v2\/product_cat?post=704789"},{"taxonomy":"product_tag","embeddable":true,"href":"https:\/\/roveyayinevi.com.tr\/index.php\/wp-json\/wp\/v2\/product_tag?post=704789"}],"curies":[{"name":"wp","href":"https:\/\/api.w.org\/{rel}","templated":true}]}}