{"id":704788,"date":"2025-08-27T15:39:01","date_gmt":"2025-08-27T12:39:01","guid":{"rendered":"https:\/\/roveyayinevi.com.tr\/index.php\/urun\/benim-yazarlarim\/"},"modified":"2026-04-16T02:13:35","modified_gmt":"2026-04-15T23:13:35","slug":"benim-yazarlarim","status":"publish","type":"product","link":"https:\/\/roveyayinevi.com.tr\/index.php\/urun\/benim-yazarlarim\/","title":{"rendered":"Benim Yazarlar\u0131m"},"content":{"rendered":"<p>Erendiz Atas\u00fc uzun y\u0131llar boyunca roman ve \u00f6yk\u00fclerinin yan\u0131 s\u0131ra Varl\u0131k, Papir\u00fcs, Cumhuriyet Kitap, \u00c7a\u011fda\u015f T\u00fcrk Dili gibi \u00e7e\u015fitli dergi ve gazetelerde kitap ele\u015ftirileri yazm\u0131\u015ft\u0131r. Benim Yazarlar\u0131m i\u015fte bu zengin se\u00e7kiden olu\u015fturulmu\u015f \u00e7ok y\u00f6nl\u00fc bir ba\u015fvuru kayna\u011f\u0131 niteli\u011fi ta\u015f\u0131r. <\/p>\n","protected":false},"excerpt":{"rendered":"<p>Erendiz Atas\u00fc uzun y\u0131llar boyunca roman ve \u00f6yk\u00fclerinin yan\u0131 s\u0131ra Varl\u0131k, Papir\u00fcs, Cumhuriyet Kitap, \u00c7a\u011fda\u015f T\u00fcrk Dili gibi \u00e7e\u015fitli dergi ve gazetelerde kitap ele\u015ftirileri yazm\u0131\u015ft\u0131r. Benim<span class=\"excerpt-hellip\"> [\u2026]<\/span><\/p>\n","protected":false},"featured_media":0,"template":"","meta":{"_monsterinsights_skip_tracking":false,"_monsterinsights_sitenote_active":false,"_monsterinsights_sitenote_note":"","_monsterinsights_sitenote_category":0},"product_brand":[],"product_cat":[12777,12291],"product_tag":[],"class_list":{"0":"post-704788","1":"product","2":"type-product","3":"status-publish","5":"product_cat-deneme","6":"product_cat-edebiyat","7":"pa_cilt-ciltsiz","8":"pa_tur-kitap","9":"pa_yayinevi-can-yayinlari","10":"pa_yazar-erendiz-atasu","12":"first","13":"instock","14":"sale","15":"shipping-taxable","16":"purchasable","17":"product-type-simple"},"_links":{"self":[{"href":"https:\/\/roveyayinevi.com.tr\/index.php\/wp-json\/wp\/v2\/product\/704788","targetHints":{"allow":["GET"]}}],"collection":[{"href":"https:\/\/roveyayinevi.com.tr\/index.php\/wp-json\/wp\/v2\/product"}],"about":[{"href":"https:\/\/roveyayinevi.com.tr\/index.php\/wp-json\/wp\/v2\/types\/product"}],"wp:attachment":[{"href":"https:\/\/roveyayinevi.com.tr\/index.php\/wp-json\/wp\/v2\/media?parent=704788"}],"wp:term":[{"taxonomy":"product_brand","embeddable":true,"href":"https:\/\/roveyayinevi.com.tr\/index.php\/wp-json\/wp\/v2\/product_brand?post=704788"},{"taxonomy":"product_cat","embeddable":true,"href":"https:\/\/roveyayinevi.com.tr\/index.php\/wp-json\/wp\/v2\/product_cat?post=704788"},{"taxonomy":"product_tag","embeddable":true,"href":"https:\/\/roveyayinevi.com.tr\/index.php\/wp-json\/wp\/v2\/product_tag?post=704788"}],"curies":[{"name":"wp","href":"https:\/\/api.w.org\/{rel}","templated":true}]}}