{"id":704783,"date":"2025-08-27T15:38:59","date_gmt":"2025-08-27T12:38:59","guid":{"rendered":"https:\/\/roveyayinevi.com.tr\/index.php\/urun\/all-you-need-is-kill-oldur-yeter-1\/"},"modified":"2026-04-16T02:13:35","modified_gmt":"2026-04-15T23:13:35","slug":"all-you-need-is-kill-oldur-yeter-1","status":"publish","type":"product","link":"https:\/\/roveyayinevi.com.tr\/index.php\/urun\/all-you-need-is-kill-oldur-yeter-1\/","title":{"rendered":"All You Need Is Kill &#8211; \u00d6ld\u00fcr Yeter 1"},"content":{"rendered":"<p>D\u00fcnya, Taklit\u00e7iler olarak bilinen uzayl\u0131lar\u0131n i\u015fgali alt\u0131ndad\u0131r. Bug\u00fcne kadar b\u00f6ylesine deh\u015fetli bir m\u00fccadeleye girmemi\u015f insanl\u0131\u011f\u0131n kaderi ise Birle\u015fik Savunma Ordusu&#8217;nun ellerinde\u2026 Sava\u015f\u0131n so\u011fuk y\u00fcz\u00fcyle hi\u00e7 kar\u015f\u0131la\u015fmam\u0131\u015f acemi bir asker olan Keyci Kiriya \u00e7arp\u0131\u015fmalarda hayat\u0131n\u0131 kaybeder ancak kendini ayn\u0131 g\u00fcn\u00fcn sabah\u0131nda, ayn\u0131 olaylar\u0131 yeniden ya\u015farken bulur; hem de tekrar tekrar. Bu sonsuz d\u00f6ng\u00fcn\u00fcn 158. seferinde ise gizemli bir m\u00fcttefikten, Metal Ceketli S\u00fcrt\u00fck olarak bilinen kad\u0131n asker Rita Vrataski&#8217;den bir mesaj al\u0131r&#8230; Acaba bu kad\u0131n, Keyci&#8217;nin kurtulu\u015fu mu yoksa son \u00f6l\u00fcm\u00fc m\u00fc anlam\u0131na gelmektedir?<\/p>\n","protected":false},"excerpt":{"rendered":"<p>D\u00fcnya, Taklit\u00e7iler olarak bilinen uzayl\u0131lar\u0131n i\u015fgali alt\u0131ndad\u0131r. Bug\u00fcne kadar b\u00f6ylesine deh\u015fetli bir m\u00fccadeleye girmemi\u015f insanl\u0131\u011f\u0131n kaderi ise Birle\u015fik Savunma Ordusu&#8217;nun ellerinde\u2026 Sava\u015f\u0131n so\u011fuk y\u00fcz\u00fcyle hi\u00e7 kar\u015f\u0131la\u015fmam\u0131\u015f<span class=\"excerpt-hellip\"> [\u2026]<\/span><\/p>\n","protected":false},"featured_media":0,"template":"","meta":{"_monsterinsights_skip_tracking":false,"_monsterinsights_sitenote_active":false,"_monsterinsights_sitenote_note":"","_monsterinsights_sitenote_category":0},"product_brand":[],"product_cat":[12416,12291],"product_tag":[],"class_list":{"0":"post-704783","1":"product","2":"type-product","3":"status-publish","5":"product_cat-cizgi-roman","6":"product_cat-edebiyat","7":"pa_cilt-ciltsiz","8":"pa_tur-kitap","9":"pa_yayinevi-akil-celen-kitaplar","10":"pa_yazar-hirosi-sakurazaka","12":"first","13":"instock","14":"sale","15":"shipping-taxable","16":"purchasable","17":"product-type-simple"},"_links":{"self":[{"href":"https:\/\/roveyayinevi.com.tr\/index.php\/wp-json\/wp\/v2\/product\/704783","targetHints":{"allow":["GET"]}}],"collection":[{"href":"https:\/\/roveyayinevi.com.tr\/index.php\/wp-json\/wp\/v2\/product"}],"about":[{"href":"https:\/\/roveyayinevi.com.tr\/index.php\/wp-json\/wp\/v2\/types\/product"}],"wp:attachment":[{"href":"https:\/\/roveyayinevi.com.tr\/index.php\/wp-json\/wp\/v2\/media?parent=704783"}],"wp:term":[{"taxonomy":"product_brand","embeddable":true,"href":"https:\/\/roveyayinevi.com.tr\/index.php\/wp-json\/wp\/v2\/product_brand?post=704783"},{"taxonomy":"product_cat","embeddable":true,"href":"https:\/\/roveyayinevi.com.tr\/index.php\/wp-json\/wp\/v2\/product_cat?post=704783"},{"taxonomy":"product_tag","embeddable":true,"href":"https:\/\/roveyayinevi.com.tr\/index.php\/wp-json\/wp\/v2\/product_tag?post=704783"}],"curies":[{"name":"wp","href":"https:\/\/api.w.org\/{rel}","templated":true}]}}