{"id":704781,"date":"2025-08-27T15:38:58","date_gmt":"2025-08-27T12:38:58","guid":{"rendered":"https:\/\/roveyayinevi.com.tr\/index.php\/urun\/canavar-pesinde-serisi-33-kargasa-dunyasi-seytani-yarasa-sivri-dis\/"},"modified":"2026-04-16T02:13:35","modified_gmt":"2026-04-15T23:13:35","slug":"canavar-pesinde-serisi-33-kargasa-dunyasi-seytani-yarasa-sivri-dis","status":"publish","type":"product","link":"https:\/\/roveyayinevi.com.tr\/index.php\/urun\/canavar-pesinde-serisi-33-kargasa-dunyasi-seytani-yarasa-sivri-dis\/","title":{"rendered":"Canavar Pe\u015finde Serisi 33 &#8211; Karga\u015fa D\u00fcnyas\u0131 (\u015eeytani Yarasa Sivri Di\u015f)"},"content":{"rendered":"<p>Yepyeni Canavar Pe\u015finde maceras\u0131na ho\u015f geldiniz: Karga\u015fa D\u00fcnyas\u0131 annesi, h\u00e2l\u00e2 k\u00f6t\u00fc b\u00fcy\u00fcc\u00fc Malvel&#8217;in elinde olan Tom&#8217;un, onu kurtarabilmesi i\u00e7in d\u00f6rt iksir malzemesi daha bulmas\u0131 gerek. Ama \u00f6nce kar\u015f\u0131s\u0131na \u00e7\u0131kan yeni Canavarla, yani \u015eeytani Yarasa Sivri Di\u015f&#8217;le y\u00fczle\u015fmeli. Sivri Di\u015f, ona yakla\u015fanlar\u0131n g\u00f6zlerini k\u00f6r ediyor. Bu korkun\u00e7 yarat\u0131kla g\u00f6rmeden sava\u015fmak zorunda olan Tom, onu yenebilecek mi?<\/p>\n","protected":false},"excerpt":{"rendered":"<p>Yepyeni Canavar Pe\u015finde maceras\u0131na ho\u015f geldiniz: Karga\u015fa D\u00fcnyas\u0131 annesi, h\u00e2l\u00e2 k\u00f6t\u00fc b\u00fcy\u00fcc\u00fc Malvel&#8217;in elinde olan Tom&#8217;un, onu kurtarabilmesi i\u00e7in d\u00f6rt iksir malzemesi daha bulmas\u0131 gerek. Ama<span class=\"excerpt-hellip\"> [\u2026]<\/span><\/p>\n","protected":false},"featured_media":0,"template":"","meta":{"_monsterinsights_skip_tracking":false,"_monsterinsights_sitenote_active":false,"_monsterinsights_sitenote_note":"","_monsterinsights_sitenote_category":0},"product_brand":[],"product_cat":[12274,12631],"product_tag":[],"class_list":{"0":"post-704781","1":"product","2":"type-product","3":"status-publish","5":"product_cat-cocuk-ve-genclik-kitaplari","6":"product_cat-diger-cocuk-ve-genclik-kitaplari","7":"pa_cilt-ciltsiz","8":"pa_tur-kitap","9":"pa_yayinevi-beyaz-balina-yayinlari","10":"pa_yazar-adam-blade","12":"first","13":"instock","14":"sale","15":"shipping-taxable","16":"purchasable","17":"product-type-simple"},"_links":{"self":[{"href":"https:\/\/roveyayinevi.com.tr\/index.php\/wp-json\/wp\/v2\/product\/704781","targetHints":{"allow":["GET"]}}],"collection":[{"href":"https:\/\/roveyayinevi.com.tr\/index.php\/wp-json\/wp\/v2\/product"}],"about":[{"href":"https:\/\/roveyayinevi.com.tr\/index.php\/wp-json\/wp\/v2\/types\/product"}],"wp:attachment":[{"href":"https:\/\/roveyayinevi.com.tr\/index.php\/wp-json\/wp\/v2\/media?parent=704781"}],"wp:term":[{"taxonomy":"product_brand","embeddable":true,"href":"https:\/\/roveyayinevi.com.tr\/index.php\/wp-json\/wp\/v2\/product_brand?post=704781"},{"taxonomy":"product_cat","embeddable":true,"href":"https:\/\/roveyayinevi.com.tr\/index.php\/wp-json\/wp\/v2\/product_cat?post=704781"},{"taxonomy":"product_tag","embeddable":true,"href":"https:\/\/roveyayinevi.com.tr\/index.php\/wp-json\/wp\/v2\/product_tag?post=704781"}],"curies":[{"name":"wp","href":"https:\/\/api.w.org\/{rel}","templated":true}]}}