{"id":704780,"date":"2025-08-27T15:38:57","date_gmt":"2025-08-27T12:38:57","guid":{"rendered":"https:\/\/roveyayinevi.com.tr\/index.php\/urun\/beyaz-zambaklar-ulkesi\/"},"modified":"2026-04-16T02:13:35","modified_gmt":"2026-04-15T23:13:35","slug":"beyaz-zambaklar-ulkesi","status":"publish","type":"product","link":"https:\/\/roveyayinevi.com.tr\/index.php\/urun\/beyaz-zambaklar-ulkesi\/","title":{"rendered":"Beyaz Zambaklar \u00dclkesi"},"content":{"rendered":"<p>Atat\u00fcrk&#8217;\u00fcn okudu\u011fu, Osmanl\u0131 T\u00fcrk\u00e7esiyle yaz\u0131lm\u0131\u015f kitaptan T\u00fcrk\u00e7eye aktar\u0131lan ve kendine \u00f6zg\u00fc \u00e7evirisiyle dikkat \u00e7eken Beyaz Zambaklar \u00dclkesi okuruyla bulu\u015fuyor. Elma Yay\u0131nevi taraf\u0131ndan sunulan bu eser yaln\u0131zca Arap harfli metnin \u00e7evrilmesi ve dilinin g\u00fcn\u00fcm\u00fcz T\u00fcrk\u00e7esine uyarlanmas\u0131ndan ibaret de\u011fildir. Yap\u0131tta ge\u00e7en \u00f6zel adlar, tarihsel olay ve olgular ara\u015ft\u0131r\u0131lm\u0131\u015f, bunlarla ilgili derlenen k\u0131sa bilgiler dipnotlarda g\u00f6sterilmi\u015ftir. Bu kitapta, eserle ilgili kimi ger\u00e7ekler de ilk kez okuyucunun kar\u015f\u0131s\u0131na \u00e7\u0131kacakt\u0131r. Mustafa Kemal Atat\u00fcrk taraf\u0131ndan askeri okullarda okutulmas\u0131 istenen ve \u00f6\u011frencilere tavsiye edilen Beyaz Zambaklar \u00dclkesi, d\u00f6nemsel bilgileri veren zengin dipnotlar\u0131, a\u00e7\u0131klamalar\u0131 ile bir tarih klasi\u011fi niteli\u011finde ve fark yaratacak aktar\u0131m\u0131yla bizlerle\u2026 <\/p>\n","protected":false},"excerpt":{"rendered":"<p>Atat\u00fcrk&#8217;\u00fcn okudu\u011fu, Osmanl\u0131 T\u00fcrk\u00e7esiyle yaz\u0131lm\u0131\u015f kitaptan T\u00fcrk\u00e7eye aktar\u0131lan ve kendine \u00f6zg\u00fc \u00e7evirisiyle dikkat \u00e7eken Beyaz Zambaklar \u00dclkesi okuruyla bulu\u015fuyor. Elma Yay\u0131nevi taraf\u0131ndan sunulan bu eser yaln\u0131zca<span class=\"excerpt-hellip\"> [\u2026]<\/span><\/p>\n","protected":false},"featured_media":0,"template":"","meta":{"_monsterinsights_skip_tracking":false,"_monsterinsights_sitenote_active":false,"_monsterinsights_sitenote_note":"","_monsterinsights_sitenote_category":0},"product_brand":[],"product_cat":[12835,12324],"product_tag":[],"class_list":{"0":"post-704780","1":"product","2":"type-product","3":"status-publish","5":"product_cat-genel-sosyoloji","6":"product_cat-sosyoloji","7":"pa_cilt-ciltsiz","8":"pa_tur-kitap","9":"pa_yayinevi-elma-yayinevi","10":"pa_yazar-grigoriy-petrov","12":"first","13":"instock","14":"sale","15":"shipping-taxable","16":"purchasable","17":"product-type-simple"},"_links":{"self":[{"href":"https:\/\/roveyayinevi.com.tr\/index.php\/wp-json\/wp\/v2\/product\/704780","targetHints":{"allow":["GET"]}}],"collection":[{"href":"https:\/\/roveyayinevi.com.tr\/index.php\/wp-json\/wp\/v2\/product"}],"about":[{"href":"https:\/\/roveyayinevi.com.tr\/index.php\/wp-json\/wp\/v2\/types\/product"}],"wp:attachment":[{"href":"https:\/\/roveyayinevi.com.tr\/index.php\/wp-json\/wp\/v2\/media?parent=704780"}],"wp:term":[{"taxonomy":"product_brand","embeddable":true,"href":"https:\/\/roveyayinevi.com.tr\/index.php\/wp-json\/wp\/v2\/product_brand?post=704780"},{"taxonomy":"product_cat","embeddable":true,"href":"https:\/\/roveyayinevi.com.tr\/index.php\/wp-json\/wp\/v2\/product_cat?post=704780"},{"taxonomy":"product_tag","embeddable":true,"href":"https:\/\/roveyayinevi.com.tr\/index.php\/wp-json\/wp\/v2\/product_tag?post=704780"}],"curies":[{"name":"wp","href":"https:\/\/api.w.org\/{rel}","templated":true}]}}