{"id":704779,"date":"2025-08-27T15:38:57","date_gmt":"2025-08-27T12:38:57","guid":{"rendered":"https:\/\/roveyayinevi.com.tr\/index.php\/urun\/goethe-ve-dunya-kulturleri\/"},"modified":"2026-04-16T02:13:35","modified_gmt":"2026-04-15T23:13:35","slug":"goethe-ve-dunya-kulturleri","status":"publish","type":"product","link":"https:\/\/roveyayinevi.com.tr\/index.php\/urun\/goethe-ve-dunya-kulturleri\/","title":{"rendered":"Goethe ve D\u00fcnya K\u00fclt\u00fcrleri"},"content":{"rendered":"<p>Alman edebiyat\u0131 sadece dahi \u015fairler, b\u00fcy\u00fck edebiyat\u00e7\u0131 ve romanc\u0131lar \u00e7\u0131kard\u0131\u011f\u0131 i\u00e7in b\u00fcy\u00fck de\u011fildir; aksine bu edebiyat ayn\u0131 zamanda b\u00fcy\u00fck edebiyat teorisyenleri, filologlar\u0131, m\u00fctercimleri, edebiyat bilimcileri ve uzmanlar\u0131 \u00e7\u0131kard\u0131\u011f\u0131 i\u00e7in de b\u00fcy\u00fckt\u00fcr. Hi\u00e7 \u015f\u00fcphesiz elinizdeki eserin yazar\u0131 Katharina Mommsen, bu meyanda b\u00fct\u00fcn fikri mesaisini Goethe&#8217;nin sanat ve d\u00fc\u015f\u00fcnce d\u00fcnyas\u0131na hasretmi\u015f yetkin uzmanlar\u0131n ba\u015f\u0131nda gelir. <\/p>\n","protected":false},"excerpt":{"rendered":"<p>Alman edebiyat\u0131 sadece dahi \u015fairler, b\u00fcy\u00fck edebiyat\u00e7\u0131 ve romanc\u0131lar \u00e7\u0131kard\u0131\u011f\u0131 i\u00e7in b\u00fcy\u00fck de\u011fildir; aksine bu edebiyat ayn\u0131 zamanda b\u00fcy\u00fck edebiyat teorisyenleri, filologlar\u0131, m\u00fctercimleri, edebiyat bilimcileri ve<span class=\"excerpt-hellip\"> [\u2026]<\/span><\/p>\n","protected":false},"featured_media":0,"template":"","meta":{"_monsterinsights_skip_tracking":false,"_monsterinsights_sitenote_active":false,"_monsterinsights_sitenote_note":"","_monsterinsights_sitenote_category":0},"product_brand":[],"product_cat":[12389,12388],"product_tag":[],"class_list":{"0":"post-704779","1":"product","2":"type-product","3":"status-publish","5":"product_cat-diger-felsefe","6":"product_cat-felsefe","7":"pa_tur-kitap","8":"pa_yayinevi-otuken-nesriyat","9":"pa_yazar-katharina-mommsen","11":"first","12":"instock","13":"sale","14":"shipping-taxable","15":"purchasable","16":"product-type-simple"},"_links":{"self":[{"href":"https:\/\/roveyayinevi.com.tr\/index.php\/wp-json\/wp\/v2\/product\/704779","targetHints":{"allow":["GET"]}}],"collection":[{"href":"https:\/\/roveyayinevi.com.tr\/index.php\/wp-json\/wp\/v2\/product"}],"about":[{"href":"https:\/\/roveyayinevi.com.tr\/index.php\/wp-json\/wp\/v2\/types\/product"}],"wp:attachment":[{"href":"https:\/\/roveyayinevi.com.tr\/index.php\/wp-json\/wp\/v2\/media?parent=704779"}],"wp:term":[{"taxonomy":"product_brand","embeddable":true,"href":"https:\/\/roveyayinevi.com.tr\/index.php\/wp-json\/wp\/v2\/product_brand?post=704779"},{"taxonomy":"product_cat","embeddable":true,"href":"https:\/\/roveyayinevi.com.tr\/index.php\/wp-json\/wp\/v2\/product_cat?post=704779"},{"taxonomy":"product_tag","embeddable":true,"href":"https:\/\/roveyayinevi.com.tr\/index.php\/wp-json\/wp\/v2\/product_tag?post=704779"}],"curies":[{"name":"wp","href":"https:\/\/api.w.org\/{rel}","templated":true}]}}