{"id":704767,"date":"2025-08-27T15:38:52","date_gmt":"2025-08-27T12:38:52","guid":{"rendered":"https:\/\/roveyayinevi.com.tr\/index.php\/urun\/cinarin-harika-dunyasi-2-yagmur-toplayan-semsiye\/"},"modified":"2026-04-16T02:13:35","modified_gmt":"2026-04-15T23:13:35","slug":"cinarin-harika-dunyasi-2-yagmur-toplayan-semsiye","status":"publish","type":"product","link":"https:\/\/roveyayinevi.com.tr\/index.php\/urun\/cinarin-harika-dunyasi-2-yagmur-toplayan-semsiye\/","title":{"rendered":"\u00c7\u0131nar&#8217;\u0131n Harika D\u00fcnyas\u0131 2: Ya\u011fmur Toplayan \u015eemsiye"},"content":{"rendered":"<p>\u00c7\u0131nar yine macera pe\u015finde! \u00c7\u0131nar ve Deniz, \u00e7evre koruma \u015fenli\u011finde tan\u0131\u015ft\u0131klar\u0131 Bar\u0131\u015f&#8217;la beraber, ya\u011fmur bulutlar\u0131n\u0131n pe\u015fine d\u00fc\u015f\u00fcyor. <\/p>\n","protected":false},"excerpt":{"rendered":"<p>\u00c7\u0131nar yine macera pe\u015finde! \u00c7\u0131nar ve Deniz, \u00e7evre koruma \u015fenli\u011finde tan\u0131\u015ft\u0131klar\u0131 Bar\u0131\u015f&#8217;la beraber, ya\u011fmur bulutlar\u0131n\u0131n pe\u015fine d\u00fc\u015f\u00fcyor.<\/p>\n","protected":false},"featured_media":0,"template":"","meta":{"_monsterinsights_skip_tracking":false,"_monsterinsights_sitenote_active":false,"_monsterinsights_sitenote_note":"","_monsterinsights_sitenote_category":0},"product_brand":[],"product_cat":[12364],"product_tag":[],"class_list":{"0":"post-704767","1":"product","2":"type-product","3":"status-publish","5":"product_cat-genel-konular","6":"pa_cilt-ciltsiz","7":"pa_tur-kitap","8":"pa_yayinevi-fom-kitap","9":"pa_yazar-imren-tubcil","11":"first","12":"instock","13":"sale","14":"shipping-taxable","15":"purchasable","16":"product-type-simple"},"_links":{"self":[{"href":"https:\/\/roveyayinevi.com.tr\/index.php\/wp-json\/wp\/v2\/product\/704767","targetHints":{"allow":["GET"]}}],"collection":[{"href":"https:\/\/roveyayinevi.com.tr\/index.php\/wp-json\/wp\/v2\/product"}],"about":[{"href":"https:\/\/roveyayinevi.com.tr\/index.php\/wp-json\/wp\/v2\/types\/product"}],"wp:attachment":[{"href":"https:\/\/roveyayinevi.com.tr\/index.php\/wp-json\/wp\/v2\/media?parent=704767"}],"wp:term":[{"taxonomy":"product_brand","embeddable":true,"href":"https:\/\/roveyayinevi.com.tr\/index.php\/wp-json\/wp\/v2\/product_brand?post=704767"},{"taxonomy":"product_cat","embeddable":true,"href":"https:\/\/roveyayinevi.com.tr\/index.php\/wp-json\/wp\/v2\/product_cat?post=704767"},{"taxonomy":"product_tag","embeddable":true,"href":"https:\/\/roveyayinevi.com.tr\/index.php\/wp-json\/wp\/v2\/product_tag?post=704767"}],"curies":[{"name":"wp","href":"https:\/\/api.w.org\/{rel}","templated":true}]}}