{"id":704765,"date":"2025-08-27T15:38:51","date_gmt":"2025-08-27T12:38:51","guid":{"rendered":"https:\/\/roveyayinevi.com.tr\/index.php\/urun\/isikli-ev\/"},"modified":"2026-04-16T02:13:35","modified_gmt":"2026-04-15T23:13:35","slug":"isikli-ev","status":"publish","type":"product","link":"https:\/\/roveyayinevi.com.tr\/index.php\/urun\/isikli-ev\/","title":{"rendered":"I\u015f\u0131kl\u0131 Ev"},"content":{"rendered":"<p>Bir yaz g\u00fcn\u00fc. \u0130ngiltere\u2019den Avrupa\u2019ya ge\u00e7en bir feribotun g\u00fcvertesindeki orta ya\u015fl\u0131 adam, e\u015finden bo\u015fanmas\u0131n\u0131n ard\u0131ndan Ren k\u0131y\u0131s\u0131nda tatil yapmak \u00fczere yolda. G\u00fczergah belli. Otel rezervasyonlar\u0131 yap\u0131lm\u0131\u015f. Her \u015fey planlanm\u0131\u015f. Feribotta bir yolcuyla tan\u0131\u015f\u0131yor. Yeni arkada\u015f\u0131n\u0131 yol \u00fczerindeki evine b\u0131rakmay\u0131 kabul ediyor. Kiral\u0131k arabas\u0131yla feribottan \u00e7\u0131kmak \u00fczereyken, yan\u0131ndaki misafiri, \u201cSenin de bazen i\u00e7ine bir \u015feylerin ters gidece\u011fine dair bir his do\u011fuyor mu?\u201d diye soruyor. <\/p>\n","protected":false},"excerpt":{"rendered":"<p>Bir yaz g\u00fcn\u00fc. \u0130ngiltere\u2019den Avrupa\u2019ya ge\u00e7en bir feribotun g\u00fcvertesindeki orta ya\u015fl\u0131 adam, e\u015finden bo\u015fanmas\u0131n\u0131n ard\u0131ndan Ren k\u0131y\u0131s\u0131nda tatil yapmak \u00fczere yolda. G\u00fczergah belli. Otel rezervasyonlar\u0131 yap\u0131lm\u0131\u015f.<span class=\"excerpt-hellip\"> [\u2026]<\/span><\/p>\n","protected":false},"featured_media":0,"template":"","meta":{"_monsterinsights_skip_tracking":false,"_monsterinsights_sitenote_active":false,"_monsterinsights_sitenote_note":"","_monsterinsights_sitenote_category":0},"product_brand":[],"product_cat":[12291,12711],"product_tag":[],"class_list":{"0":"post-704765","1":"product","2":"type-product","3":"status-publish","5":"product_cat-edebiyat","6":"product_cat-roman-oyku","7":"pa_tur-kitap","8":"pa_yayinevi-kirmizi-kedi-yayinevi","9":"pa_yazar-alison-moore","11":"first","12":"instock","13":"sale","14":"shipping-taxable","15":"purchasable","16":"product-type-simple"},"_links":{"self":[{"href":"https:\/\/roveyayinevi.com.tr\/index.php\/wp-json\/wp\/v2\/product\/704765","targetHints":{"allow":["GET"]}}],"collection":[{"href":"https:\/\/roveyayinevi.com.tr\/index.php\/wp-json\/wp\/v2\/product"}],"about":[{"href":"https:\/\/roveyayinevi.com.tr\/index.php\/wp-json\/wp\/v2\/types\/product"}],"wp:attachment":[{"href":"https:\/\/roveyayinevi.com.tr\/index.php\/wp-json\/wp\/v2\/media?parent=704765"}],"wp:term":[{"taxonomy":"product_brand","embeddable":true,"href":"https:\/\/roveyayinevi.com.tr\/index.php\/wp-json\/wp\/v2\/product_brand?post=704765"},{"taxonomy":"product_cat","embeddable":true,"href":"https:\/\/roveyayinevi.com.tr\/index.php\/wp-json\/wp\/v2\/product_cat?post=704765"},{"taxonomy":"product_tag","embeddable":true,"href":"https:\/\/roveyayinevi.com.tr\/index.php\/wp-json\/wp\/v2\/product_tag?post=704765"}],"curies":[{"name":"wp","href":"https:\/\/api.w.org\/{rel}","templated":true}]}}