{"id":704764,"date":"2025-08-27T15:38:50","date_gmt":"2025-08-27T12:38:50","guid":{"rendered":"https:\/\/roveyayinevi.com.tr\/index.php\/urun\/calisan-anne-ve-cocuk\/"},"modified":"2026-04-16T02:13:35","modified_gmt":"2026-04-15T23:13:35","slug":"calisan-anne-ve-cocuk","status":"publish","type":"product","link":"https:\/\/roveyayinevi.com.tr\/index.php\/urun\/calisan-anne-ve-cocuk\/","title":{"rendered":"\u00c7al\u0131\u015fan Anne ve \u00c7ocuk"},"content":{"rendered":"<p>Bu kitab\u0131 yazmam\u0131n birbirine ba\u011fl\u0131 iki amac\u0131 var: Psikolojik dan\u0131\u015fma alan\u0131n\u0131 i\u015flevsel olarak ortaya koymak ve \u00e7al\u0131\u015fan annelerin, bu alandaki g\u00f6r\u00fc\u015flerden yararlanmas\u0131n\u0131 sa\u011flamak. \ufffcTan\u0131t\u0131m Metni<\/p>\n","protected":false},"excerpt":{"rendered":"<p>Bu kitab\u0131 yazmam\u0131n birbirine ba\u011fl\u0131 iki amac\u0131 var: Psikolojik dan\u0131\u015fma alan\u0131n\u0131 i\u015flevsel olarak ortaya koymak ve \u00e7al\u0131\u015fan annelerin, bu alandaki g\u00f6r\u00fc\u015flerden yararlanmas\u0131n\u0131 sa\u011flamak. \ufffcTan\u0131t\u0131m Metni<\/p>\n","protected":false},"featured_media":0,"template":"","meta":{"_monsterinsights_skip_tracking":false,"_monsterinsights_sitenote_active":false,"_monsterinsights_sitenote_note":"","_monsterinsights_sitenote_category":0},"product_brand":[],"product_cat":[17996,12364],"product_tag":[],"class_list":{"0":"post-704764","1":"product","2":"type-product","3":"status-publish","5":"product_cat-ebeveyn-kitaplari","6":"product_cat-genel-konular","7":"pa_cilt-ciltsiz","8":"pa_tur-kitap","9":"pa_yayinevi-remzi-kitabevi","10":"pa_yazar-binnur-yesilyaprak","12":"first","13":"instock","14":"sale","15":"shipping-taxable","16":"purchasable","17":"product-type-simple"},"_links":{"self":[{"href":"https:\/\/roveyayinevi.com.tr\/index.php\/wp-json\/wp\/v2\/product\/704764","targetHints":{"allow":["GET"]}}],"collection":[{"href":"https:\/\/roveyayinevi.com.tr\/index.php\/wp-json\/wp\/v2\/product"}],"about":[{"href":"https:\/\/roveyayinevi.com.tr\/index.php\/wp-json\/wp\/v2\/types\/product"}],"wp:attachment":[{"href":"https:\/\/roveyayinevi.com.tr\/index.php\/wp-json\/wp\/v2\/media?parent=704764"}],"wp:term":[{"taxonomy":"product_brand","embeddable":true,"href":"https:\/\/roveyayinevi.com.tr\/index.php\/wp-json\/wp\/v2\/product_brand?post=704764"},{"taxonomy":"product_cat","embeddable":true,"href":"https:\/\/roveyayinevi.com.tr\/index.php\/wp-json\/wp\/v2\/product_cat?post=704764"},{"taxonomy":"product_tag","embeddable":true,"href":"https:\/\/roveyayinevi.com.tr\/index.php\/wp-json\/wp\/v2\/product_tag?post=704764"}],"curies":[{"name":"wp","href":"https:\/\/api.w.org\/{rel}","templated":true}]}}