{"id":704762,"date":"2025-08-27T15:38:50","date_gmt":"2025-08-27T12:38:50","guid":{"rendered":"https:\/\/roveyayinevi.com.tr\/index.php\/urun\/resim-sanati-tarihinde-devrimler-ve-karsidevrimler\/"},"modified":"2026-04-16T02:13:35","modified_gmt":"2026-04-15T23:13:35","slug":"resim-sanati-tarihinde-devrimler-ve-karsidevrimler","status":"publish","type":"product","link":"https:\/\/roveyayinevi.com.tr\/index.php\/urun\/resim-sanati-tarihinde-devrimler-ve-karsidevrimler\/","title":{"rendered":"Resim Sanat\u0131 Tarihinde Devrimler ve Kar\u015f\u0131devrimler"},"content":{"rendered":"<p>Atilla Cemal E\u015fen, bu kitab\u0131nda resim sanat\u0131n\u0131 ilkel kom\u00fcnal toplumlardaki ma\u011fara resimlerinden g\u00fcn\u00fcm\u00fcze kadarki s\u00fcre\u00e7te ekonomi ve politikayla etkile\u015fimi temelinde ele al\u0131yor. Tektanr\u0131l\u0131 dinlerin, Frans\u0131z \u0130htilali\u2019nin, sosyalist devrimlerin ve nazizmin resim sanat\u0131na etkilerini materyalist bir bak\u0131\u015f a\u00e7\u0131s\u0131yla inceliyor.Yazar, emperyalizmin etkisiyle 20. y\u00fczy\u0131l\u0131n ikinci yar\u0131s\u0131ndan itibaren k\u00fclt\u00fcr ve sanat hayat\u0131na giren postmodernizmi ayr\u0131nt\u0131l\u0131 olarak de\u011ferlendirip mahk\u00fbm ediyor. <\/p>\n","protected":false},"excerpt":{"rendered":"<p>Atilla Cemal E\u015fen, bu kitab\u0131nda resim sanat\u0131n\u0131 ilkel kom\u00fcnal toplumlardaki ma\u011fara resimlerinden g\u00fcn\u00fcm\u00fcze kadarki s\u00fcre\u00e7te ekonomi ve politikayla etkile\u015fimi temelinde ele al\u0131yor. Tektanr\u0131l\u0131 dinlerin, Frans\u0131z \u0130htilali\u2019nin,<span class=\"excerpt-hellip\"> [\u2026]<\/span><\/p>\n","protected":false},"featured_media":0,"template":"","meta":{"_monsterinsights_skip_tracking":false,"_monsterinsights_sitenote_active":false,"_monsterinsights_sitenote_note":"","_monsterinsights_sitenote_category":0},"product_brand":[],"product_cat":[40414,12408],"product_tag":[],"class_list":{"0":"post-704762","1":"product","2":"type-product","3":"status-publish","5":"product_cat-referans-kitaplar-sanat","6":"product_cat-sanat","7":"pa_tur-kitap","8":"pa_yayinevi-kaynak-yayinlari","9":"pa_yazar-atilla-cemal-esen","11":"first","12":"instock","13":"sale","14":"shipping-taxable","15":"purchasable","16":"product-type-simple"},"_links":{"self":[{"href":"https:\/\/roveyayinevi.com.tr\/index.php\/wp-json\/wp\/v2\/product\/704762","targetHints":{"allow":["GET"]}}],"collection":[{"href":"https:\/\/roveyayinevi.com.tr\/index.php\/wp-json\/wp\/v2\/product"}],"about":[{"href":"https:\/\/roveyayinevi.com.tr\/index.php\/wp-json\/wp\/v2\/types\/product"}],"wp:attachment":[{"href":"https:\/\/roveyayinevi.com.tr\/index.php\/wp-json\/wp\/v2\/media?parent=704762"}],"wp:term":[{"taxonomy":"product_brand","embeddable":true,"href":"https:\/\/roveyayinevi.com.tr\/index.php\/wp-json\/wp\/v2\/product_brand?post=704762"},{"taxonomy":"product_cat","embeddable":true,"href":"https:\/\/roveyayinevi.com.tr\/index.php\/wp-json\/wp\/v2\/product_cat?post=704762"},{"taxonomy":"product_tag","embeddable":true,"href":"https:\/\/roveyayinevi.com.tr\/index.php\/wp-json\/wp\/v2\/product_tag?post=704762"}],"curies":[{"name":"wp","href":"https:\/\/api.w.org\/{rel}","templated":true}]}}