{"id":704761,"date":"2025-08-27T15:38:49","date_gmt":"2025-08-27T12:38:49","guid":{"rendered":"https:\/\/roveyayinevi.com.tr\/index.php\/urun\/bozoknagme\/"},"modified":"2026-04-16T02:13:35","modified_gmt":"2026-04-15T23:13:35","slug":"bozoknagme","status":"publish","type":"product","link":"https:\/\/roveyayinevi.com.tr\/index.php\/urun\/bozoknagme\/","title":{"rendered":"Bozokna\u011fme"},"content":{"rendered":"<p>A\u015fk esteti\u011fine dair bir dilbeste olan T\u00fcrk k\u00fclt\u00fcr\u00fc, mukaddes bir medeniyet dairesinde \u015fekillenerek, medrese, tekke, konak sel\u00e2ml\u0131klar\u0131, k\u00f6y odalar\u0131 ve \u015fifah\u00ee mahsullerden nasiplenerek sohbetin n\u00e2m\u00fctenah\u00ee huzurunda g\u00f6n\u00fcller yapm\u0131\u015f ve ufuklar\u0131 ku\u015fatm\u0131\u015ft\u0131r. \u00dcsl\u00fbp ise aziz bir nasip olarak g\u00f6n\u00fcl m\u00fclk\u00fcn\u00fc tezyin etmi\u015ftir. B\u00f6ylece gelenek, has evl\u00e2tlar yeti\u015ftirerek yeni \u015feylerin s\u00f6ylenmesine ruhsat vermi\u015ftir. Fakat bu kem\u00e2l devrinin ard\u0131ndan, zeval, pek yaman gelmi\u015f ve ikb\u00e2li idbara d\u00f6nd\u00fcrm\u00fc\u015ft\u00fcr. Gelenek, direnerek varl\u0131\u011f\u0131n\u0131 s\u00fcrd\u00fcrmekle birlikte, yoz bir h\u00e2lete tercih edilmi\u015f ve bizi millet k\u0131lan varl\u0131k \u015fartnamesi i\u00e7inde yer alan na\u00eef unsurlar s\u00fbikasde u\u011frat\u0131lm\u0131\u015ft\u0131r. Osmanl\u0131 T\u00fcrkiye&#8217;sinin dillere destan g\u00fczelli\u011fe sahip son \u015fehri Yozgat dahi, ziyade nasipliler ve bahtl\u0131lar aras\u0131ndayken, heyhat ki, hazana d\u00f6nen \u00f6m\u00fcr bahar\u0131 gibi gur\u00fbba y\u00fcz tutmu\u015f, y\u00fcksek bir k\u00fclt\u00fcrle birlikte tarih\u00ee dokusu zedelenmi\u015ftir. Yozgat, hayli zamand\u0131r, bir r\u00fcyadan arta kalman\u0131n h\u00fczn\u00fc i\u00e7indeki \u015fehirdir! Bu bak\u0131mdan Yozgat, kay\u0131p \u015fehirdir! Yozgatl\u0131lar ise yata\u011f\u0131na k\u0131rg\u0131n \u0131rmaklar mis\u00e2li kaybettiklerinin mel\u00e2li and\u0131ran hasreti i\u00e7indedirler! Yozgat, art\u0131k sadece hat\u0131ralarda ve kuy\u00fbd-\u0131 kad\u00eemenin evr\u00e2k-\u0131 per\u00ee\u015f\u00e2n\u0131 aras\u0131nda ya\u015famaktad\u0131r! S. Burhanettin Kapusuzo\u011flu k\u00fclt\u00fcr tarihi ara\u015ft\u0131rmalar\u0131na m\u00fctevaz\u0131 bir katk\u0131 yapabilme arzusuyla, kendi tabiriyle &#8220;ke\u015fk\u00fclde birikenlerden bir k\u0131sm\u0131n\u0131&#8221; bir araya getirmi\u015f, k\u00fclt\u00fcr meseleleri \u00e7er\u00e7evesinde Yozgat&#8217;\u0131n na\u011fmelerdeki ahengini ve iman\u0131m\u0131z\u0131n na\u011fmelere akseden saltanat\u0131n\u0131 nispeten de olsa aksettirmeye \u00e7al\u0131\u015fm\u0131\u015ft\u0131r. Bozokna\u011fme bu h\u00e2liyle, hi\u00e7 ge\u00e7meyen ge\u00e7mi\u015fin, eskimeyen yeninin yani gelene\u011fin kap\u0131s\u0131n\u0131 aral\u0131yor ve okuyucuyu h\u00e2f\u0131za tazelemeye davet ediyor! \u00c7\u00fcnk\u00fc Dem Bu Demdir&#8230; \ufffcTan\u0131t\u0131m Metni<\/p>\n","protected":false},"excerpt":{"rendered":"<p>A\u015fk esteti\u011fine dair bir dilbeste olan T\u00fcrk k\u00fclt\u00fcr\u00fc, mukaddes bir medeniyet dairesinde \u015fekillenerek, medrese, tekke, konak sel\u00e2ml\u0131klar\u0131, k\u00f6y odalar\u0131 ve \u015fifah\u00ee mahsullerden nasiplenerek sohbetin n\u00e2m\u00fctenah\u00ee huzurunda<span class=\"excerpt-hellip\"> [\u2026]<\/span><\/p>\n","protected":false},"featured_media":0,"template":"","meta":{"_monsterinsights_skip_tracking":false,"_monsterinsights_sitenote_active":false,"_monsterinsights_sitenote_note":"","_monsterinsights_sitenote_category":0},"product_brand":[],"product_cat":[12312,12304],"product_tag":[],"class_list":{"0":"post-704761","1":"product","2":"type-product","3":"status-publish","5":"product_cat-diger","6":"product_cat-tarih","7":"pa_cilt-ciltsiz","8":"pa_tur-kitap","9":"pa_yayinevi-otuken-nesriyat","10":"pa_yazar-s-burhanettin-kapusuzoglu","12":"first","13":"instock","14":"sale","15":"shipping-taxable","16":"purchasable","17":"product-type-simple"},"_links":{"self":[{"href":"https:\/\/roveyayinevi.com.tr\/index.php\/wp-json\/wp\/v2\/product\/704761","targetHints":{"allow":["GET"]}}],"collection":[{"href":"https:\/\/roveyayinevi.com.tr\/index.php\/wp-json\/wp\/v2\/product"}],"about":[{"href":"https:\/\/roveyayinevi.com.tr\/index.php\/wp-json\/wp\/v2\/types\/product"}],"wp:attachment":[{"href":"https:\/\/roveyayinevi.com.tr\/index.php\/wp-json\/wp\/v2\/media?parent=704761"}],"wp:term":[{"taxonomy":"product_brand","embeddable":true,"href":"https:\/\/roveyayinevi.com.tr\/index.php\/wp-json\/wp\/v2\/product_brand?post=704761"},{"taxonomy":"product_cat","embeddable":true,"href":"https:\/\/roveyayinevi.com.tr\/index.php\/wp-json\/wp\/v2\/product_cat?post=704761"},{"taxonomy":"product_tag","embeddable":true,"href":"https:\/\/roveyayinevi.com.tr\/index.php\/wp-json\/wp\/v2\/product_tag?post=704761"}],"curies":[{"name":"wp","href":"https:\/\/api.w.org\/{rel}","templated":true}]}}