{"id":704759,"date":"2025-08-27T15:38:48","date_gmt":"2025-08-27T12:38:48","guid":{"rendered":"https:\/\/roveyayinevi.com.tr\/index.php\/urun\/bir-kavganin-tasviri-anlatilar-ii\/"},"modified":"2026-04-16T02:13:35","modified_gmt":"2026-04-15T23:13:35","slug":"bir-kavganin-tasviri-anlatilar-ii","status":"publish","type":"product","link":"https:\/\/roveyayinevi.com.tr\/index.php\/urun\/bir-kavganin-tasviri-anlatilar-ii\/","title":{"rendered":"Bir Kavgan\u0131n Tasviri \/ Anlat\u0131lar II"},"content":{"rendered":"<p>1904-1909 y\u0131llar\u0131 aras\u0131nda kaleme al\u0131nan ve Kafka\u2019n\u0131n d\u00fcnyas\u0131na a\u00e7\u0131lan bir kap\u0131 olarak an\u0131lan Bir Kavgan\u0131n Tasviri\u2019ndeki otuz be\u015f anlat\u0131, \u00f6z\u00fcnde yaln\u0131z olan bireyin, \u201cKafkaesk\u201d d\u00fcnyan\u0131n \u00e7\u0131kmaz sokaklar\u0131nda var olma \u00e7abalar\u0131n\u0131, korkular\u0131n\u0131, umutsuzluklar\u0131n\u0131 ve a\u00e7mazlar\u0131n\u0131 duru bir dille g\u00f6zler \u00f6n\u00fcne seriyor.    20. y\u00fczy\u0131l edebiyat\u0131n\u0131 derinden etkileyen Kafka, insan\u0131n yabanc\u0131la\u015fma duygusunun, varolu\u015fun karanl\u0131k boyutlar\u0131n\u0131 e\u015fsiz mizah anlay\u0131\u015f\u0131yla, kendisinden ne \u00f6nce ne de sonra ula\u015f\u0131labilen bir yo\u011funlukla betimliyor.  <\/p>\n","protected":false},"excerpt":{"rendered":"<p>1904-1909 y\u0131llar\u0131 aras\u0131nda kaleme al\u0131nan ve Kafka\u2019n\u0131n d\u00fcnyas\u0131na a\u00e7\u0131lan bir kap\u0131 olarak an\u0131lan Bir Kavgan\u0131n Tasviri\u2019ndeki otuz be\u015f anlat\u0131, \u00f6z\u00fcnde yaln\u0131z olan bireyin, \u201cKafkaesk\u201d d\u00fcnyan\u0131n \u00e7\u0131kmaz<span class=\"excerpt-hellip\"> [\u2026]<\/span><\/p>\n","protected":false},"featured_media":0,"template":"","meta":{"_monsterinsights_skip_tracking":false,"_monsterinsights_sitenote_active":false,"_monsterinsights_sitenote_note":"","_monsterinsights_sitenote_category":0},"product_brand":[],"product_cat":[18545,12291],"product_tag":[],"class_list":{"0":"post-704759","1":"product","2":"type-product","3":"status-publish","5":"product_cat-anlati","6":"product_cat-edebiyat","7":"pa_cilt-ciltsiz","8":"pa_tur-kitap","9":"pa_yayinevi-can-yayinlari","10":"pa_yazar-franz-kafka","12":"first","13":"instock","14":"sale","15":"shipping-taxable","16":"purchasable","17":"product-type-simple"},"_links":{"self":[{"href":"https:\/\/roveyayinevi.com.tr\/index.php\/wp-json\/wp\/v2\/product\/704759","targetHints":{"allow":["GET"]}}],"collection":[{"href":"https:\/\/roveyayinevi.com.tr\/index.php\/wp-json\/wp\/v2\/product"}],"about":[{"href":"https:\/\/roveyayinevi.com.tr\/index.php\/wp-json\/wp\/v2\/types\/product"}],"wp:attachment":[{"href":"https:\/\/roveyayinevi.com.tr\/index.php\/wp-json\/wp\/v2\/media?parent=704759"}],"wp:term":[{"taxonomy":"product_brand","embeddable":true,"href":"https:\/\/roveyayinevi.com.tr\/index.php\/wp-json\/wp\/v2\/product_brand?post=704759"},{"taxonomy":"product_cat","embeddable":true,"href":"https:\/\/roveyayinevi.com.tr\/index.php\/wp-json\/wp\/v2\/product_cat?post=704759"},{"taxonomy":"product_tag","embeddable":true,"href":"https:\/\/roveyayinevi.com.tr\/index.php\/wp-json\/wp\/v2\/product_tag?post=704759"}],"curies":[{"name":"wp","href":"https:\/\/api.w.org\/{rel}","templated":true}]}}