{"id":704756,"date":"2025-08-27T15:38:47","date_gmt":"2025-08-27T12:38:47","guid":{"rendered":"https:\/\/roveyayinevi.com.tr\/index.php\/urun\/cin-muzigi\/"},"modified":"2026-04-16T02:13:35","modified_gmt":"2026-04-15T23:13:35","slug":"cin-muzigi","status":"publish","type":"product","link":"https:\/\/roveyayinevi.com.tr\/index.php\/urun\/cin-muzigi\/","title":{"rendered":"\u00c7in M\u00fczi\u011fi"},"content":{"rendered":"<p>M\u00fczik insanlar\u0131n d\u00fc\u015f\u00fcncelerini, estetik kavram\u0131n\u0131 ve insano\u011flunun g\u00fczel sanatlarla olan ili\u015fkisini yans\u0131t\u0131r. M\u00fczik bize, kendine \u00f6zg\u00fc bir yolla insanlar\u0131n birbirinden farkl\u0131 k\u00fclt\u00fcrlerini ve d\u00fcnyadaki farkl\u0131 alg\u0131lar\u0131 sunar. Bundan dolay\u0131 insanl\u0131\u011f\u0131n uygarl\u0131k tarihinde de\u011feri tart\u0131\u015f\u0131lmaz bir olgudur. <\/p>\n","protected":false},"excerpt":{"rendered":"<p>M\u00fczik insanlar\u0131n d\u00fc\u015f\u00fcncelerini, estetik kavram\u0131n\u0131 ve insano\u011flunun g\u00fczel sanatlarla olan ili\u015fkisini yans\u0131t\u0131r. M\u00fczik bize, kendine \u00f6zg\u00fc bir yolla insanlar\u0131n birbirinden farkl\u0131 k\u00fclt\u00fcrlerini ve d\u00fcnyadaki farkl\u0131 alg\u0131lar\u0131<span class=\"excerpt-hellip\"> [\u2026]<\/span><\/p>\n","protected":false},"featured_media":0,"template":"","meta":{"_monsterinsights_skip_tracking":false,"_monsterinsights_sitenote_active":false,"_monsterinsights_sitenote_note":"","_monsterinsights_sitenote_category":0},"product_brand":[],"product_cat":[14591,14556],"product_tag":[],"class_list":{"0":"post-704756","1":"product","2":"type-product","3":"status-publish","5":"product_cat-genel-kavramlar-kuram-ve-tarihce","6":"product_cat-muzik","7":"pa_tur-kitap","8":"pa_yayinevi-kaynak-yayinlari","9":"pa_yazar-jin-jie","11":"first","12":"instock","13":"sale","14":"shipping-taxable","15":"purchasable","16":"product-type-simple"},"_links":{"self":[{"href":"https:\/\/roveyayinevi.com.tr\/index.php\/wp-json\/wp\/v2\/product\/704756","targetHints":{"allow":["GET"]}}],"collection":[{"href":"https:\/\/roveyayinevi.com.tr\/index.php\/wp-json\/wp\/v2\/product"}],"about":[{"href":"https:\/\/roveyayinevi.com.tr\/index.php\/wp-json\/wp\/v2\/types\/product"}],"wp:attachment":[{"href":"https:\/\/roveyayinevi.com.tr\/index.php\/wp-json\/wp\/v2\/media?parent=704756"}],"wp:term":[{"taxonomy":"product_brand","embeddable":true,"href":"https:\/\/roveyayinevi.com.tr\/index.php\/wp-json\/wp\/v2\/product_brand?post=704756"},{"taxonomy":"product_cat","embeddable":true,"href":"https:\/\/roveyayinevi.com.tr\/index.php\/wp-json\/wp\/v2\/product_cat?post=704756"},{"taxonomy":"product_tag","embeddable":true,"href":"https:\/\/roveyayinevi.com.tr\/index.php\/wp-json\/wp\/v2\/product_tag?post=704756"}],"curies":[{"name":"wp","href":"https:\/\/api.w.org\/{rel}","templated":true}]}}