{"id":704754,"date":"2025-08-27T15:38:46","date_gmt":"2025-08-27T12:38:46","guid":{"rendered":"https:\/\/roveyayinevi.com.tr\/index.php\/urun\/gazeteci-cocuk\/"},"modified":"2026-04-16T02:13:35","modified_gmt":"2026-04-15T23:13:35","slug":"gazeteci-cocuk","status":"publish","type":"product","link":"https:\/\/roveyayinevi.com.tr\/index.php\/urun\/gazeteci-cocuk\/","title":{"rendered":"Gazeteci \u00c7ocuk"},"content":{"rendered":"<p>Amerika\u2019n\u0131n Memphis kentinde ya\u015fayan 11 ya\u015f\u0131ndaki Victor, kasaban\u0131n en iyi beyzbol oyuncular\u0131ndand\u0131r, ancak konu\u015fmas\u0131, oyunculu\u011fu gibi de\u011fildir. Kekelemeden, kendi ad\u0131 da dahil olmak \u00fczere, tek bir kelime bile s\u00f6yleyemez. Gazete da\u011f\u0131tan bir arkada\u015f\u0131n\u0131n g\u00f6revini temmuz ay\u0131 boyunca \u00fcstlendi\u011finde, bir k\u0131sm\u0131 sorunlu olan m\u00fc\u015fterilerle ileti\u015fim kurmak zorunda kalaca\u011f\u0131n\u0131 bilir. Bilmedi\u011fiyse gazete da\u011f\u0131tman\u0131n sand\u0131\u011f\u0131 kadar kolay ge\u00e7meyece\u011fi, tan\u0131\u015faca\u011f\u0131 insanlar\u0131n ve o yaz ya\u015fanacak olaylar\u0131n onun hayat\u0131n\u0131 de\u011fi\u015ftirecek olmas\u0131d\u0131r. Yazar\u0131n kendi ya\u015fam\u00f6yk\u00fcs\u00fcne dayanarak yazd\u0131\u011f\u0131 bu roman, bize cesur bir \u00e7ocu\u011fu ve hayat\u0131na giren tuhaf karakterleri tan\u0131t\u0131rken kekemelerin d\u00fcnyas\u0131na ilgin\u00e7 bir pencere a\u00e7\u0131yor. Kekemelerin zihinlerindeki kelimeleri d\u0131\u015fa vuramamalar\u0131n\u0131n nas\u0131l bir durum oldu\u011funu Victor\u2019un etkileyici hik\u00e2yesiyle ortaya koyuyor. Gazeteci \u00c7ocuk, s\u00fcr\u00fckleyici oldu\u011fu kadar dokunakl\u0131 bir gen\u00e7lik roman\u0131. Gazeteci \u00c7ocuk, Ulusal Aile Yay\u0131nlar\u0131 Onur \u00d6d\u00fcl\u00fc\u2019n\u00fc ve Amerikan K\u00fct\u00fcphaneler Birli\u011fi Dikkate De\u011fer Kitap \u00d6d\u00fcl\u00fc\u2019n\u00fc ald\u0131. Amazon.com\u2019da 2013 Y\u0131l\u0131n\u0131n En \u0130yi Gen\u00e7lik Kitab\u0131, BookPage.com\u2019da 2014 En \u0130yi \u00c7ocuk Kitab\u0131 se\u00e7ildi. Uluslararas\u0131 Okuma Derne\u011fi taraf\u0131ndan haz\u0131rlanan \u00d6\u011fretmen ve Gen\u00e7lerin Se\u00e7imi listelerine girdi.<\/p>\n","protected":false},"excerpt":{"rendered":"<p>Amerika\u2019n\u0131n Memphis kentinde ya\u015fayan 11 ya\u015f\u0131ndaki Victor, kasaban\u0131n en iyi beyzbol oyuncular\u0131ndand\u0131r, ancak konu\u015fmas\u0131, oyunculu\u011fu gibi de\u011fildir. Kekelemeden, kendi ad\u0131 da dahil olmak \u00fczere, tek bir<span class=\"excerpt-hellip\"> [\u2026]<\/span><\/p>\n","protected":false},"featured_media":0,"template":"","meta":{"_monsterinsights_skip_tracking":false,"_monsterinsights_sitenote_active":false,"_monsterinsights_sitenote_note":"","_monsterinsights_sitenote_category":0},"product_brand":[],"product_cat":[12275,12274],"product_tag":[],"class_list":{"0":"post-704754","1":"product","2":"type-product","3":"status-publish","5":"product_cat-6-12-yas-kitaplari","6":"product_cat-cocuk-ve-genclik-kitaplari","7":"pa_cilt-ciltsiz","8":"pa_tur-kitap","9":"pa_yayinevi-kirmizi-kedi-yayinevi","10":"pa_yazar-vince-vawter","12":"first","13":"instock","14":"sale","15":"shipping-taxable","16":"purchasable","17":"product-type-simple"},"_links":{"self":[{"href":"https:\/\/roveyayinevi.com.tr\/index.php\/wp-json\/wp\/v2\/product\/704754","targetHints":{"allow":["GET"]}}],"collection":[{"href":"https:\/\/roveyayinevi.com.tr\/index.php\/wp-json\/wp\/v2\/product"}],"about":[{"href":"https:\/\/roveyayinevi.com.tr\/index.php\/wp-json\/wp\/v2\/types\/product"}],"wp:attachment":[{"href":"https:\/\/roveyayinevi.com.tr\/index.php\/wp-json\/wp\/v2\/media?parent=704754"}],"wp:term":[{"taxonomy":"product_brand","embeddable":true,"href":"https:\/\/roveyayinevi.com.tr\/index.php\/wp-json\/wp\/v2\/product_brand?post=704754"},{"taxonomy":"product_cat","embeddable":true,"href":"https:\/\/roveyayinevi.com.tr\/index.php\/wp-json\/wp\/v2\/product_cat?post=704754"},{"taxonomy":"product_tag","embeddable":true,"href":"https:\/\/roveyayinevi.com.tr\/index.php\/wp-json\/wp\/v2\/product_tag?post=704754"}],"curies":[{"name":"wp","href":"https:\/\/api.w.org\/{rel}","templated":true}]}}