{"id":704747,"date":"2025-08-27T15:38:43","date_gmt":"2025-08-27T12:38:43","guid":{"rendered":"https:\/\/roveyayinevi.com.tr\/index.php\/urun\/kedilerin-martilarin-ve-delilerin-zamani\/"},"modified":"2026-04-16T02:13:34","modified_gmt":"2026-04-15T23:13:34","slug":"kedilerin-martilarin-ve-delilerin-zamani","status":"publish","type":"product","link":"https:\/\/roveyayinevi.com.tr\/index.php\/urun\/kedilerin-martilarin-ve-delilerin-zamani\/","title":{"rendered":"Kedilerin, Mart\u0131lar\u0131n ve Delilerin Zaman\u0131"},"content":{"rendered":"<p>\u201cMoskova\u2019y\u0131, Leningrad\u2019\u0131, K\u0131rg\u0131zistan\u2019\u0131n ba\u015fkenti Alma Ata\u2019y\u0131, hep o a\u015fkla birlikte dola\u015ft\u0131m, kar\u015f\u0131 koymaktan vazge\u00e7tim, benimle birlikte otel odalar\u0131na, da\u011f ba\u015flar\u0131na, Sovyet kooperatiflerinin m\u00fckellef sofralar\u0131na, Naz\u0131m Hikmet\u2019in cenazesini kald\u0131rd\u0131klar\u0131 geni\u015f avluya, Moskova\u2019n\u0131n Arbat Soka\u011f\u0131\u2019ndaki sanat\u00e7\u0131lar\u0131n tuvallerine girmesine izin verdim. O uzun yolculuktan d\u00f6nd\u00fc\u011f\u00fcmde, \u2018Hadi bana anlat,\u2019 dedi. \u2018Neler ya\u015fad\u0131n?\u2019 Galiba bu a\u015fk\u0131n bu kadar uzun s\u00fcrmesinin s\u0131rr\u0131 buydu, benim hi\u00e7 durmadan hikayeler anlatmam. \u015eimdi onu hep bir sevi\u015fme sonras\u0131 dinginli\u011finde, benim hikayelerimi dinlerken an\u0131msad\u0131\u011f\u0131ma g\u00f6re, \u00f6yle olmal\u0131.\u201d <\/p>\n","protected":false},"excerpt":{"rendered":"<p>\u201cMoskova\u2019y\u0131, Leningrad\u2019\u0131, K\u0131rg\u0131zistan\u2019\u0131n ba\u015fkenti Alma Ata\u2019y\u0131, hep o a\u015fkla birlikte dola\u015ft\u0131m, kar\u015f\u0131 koymaktan vazge\u00e7tim, benimle birlikte otel odalar\u0131na, da\u011f ba\u015flar\u0131na, Sovyet kooperatiflerinin m\u00fckellef sofralar\u0131na, Naz\u0131m Hikmet\u2019in<span class=\"excerpt-hellip\"> [\u2026]<\/span><\/p>\n","protected":false},"featured_media":0,"template":"","meta":{"_monsterinsights_skip_tracking":false,"_monsterinsights_sitenote_active":false,"_monsterinsights_sitenote_note":"","_monsterinsights_sitenote_category":0},"product_brand":[],"product_cat":[12291,12711],"product_tag":[],"class_list":{"0":"post-704747","1":"product","2":"type-product","3":"status-publish","5":"product_cat-edebiyat","6":"product_cat-roman-oyku","7":"pa_tur-kitap","8":"pa_yayinevi-kirmizi-kedi-yayinevi","9":"pa_yazar-isil-ozgenturk","11":"first","12":"instock","13":"sale","14":"shipping-taxable","15":"purchasable","16":"product-type-simple"},"_links":{"self":[{"href":"https:\/\/roveyayinevi.com.tr\/index.php\/wp-json\/wp\/v2\/product\/704747","targetHints":{"allow":["GET"]}}],"collection":[{"href":"https:\/\/roveyayinevi.com.tr\/index.php\/wp-json\/wp\/v2\/product"}],"about":[{"href":"https:\/\/roveyayinevi.com.tr\/index.php\/wp-json\/wp\/v2\/types\/product"}],"wp:attachment":[{"href":"https:\/\/roveyayinevi.com.tr\/index.php\/wp-json\/wp\/v2\/media?parent=704747"}],"wp:term":[{"taxonomy":"product_brand","embeddable":true,"href":"https:\/\/roveyayinevi.com.tr\/index.php\/wp-json\/wp\/v2\/product_brand?post=704747"},{"taxonomy":"product_cat","embeddable":true,"href":"https:\/\/roveyayinevi.com.tr\/index.php\/wp-json\/wp\/v2\/product_cat?post=704747"},{"taxonomy":"product_tag","embeddable":true,"href":"https:\/\/roveyayinevi.com.tr\/index.php\/wp-json\/wp\/v2\/product_tag?post=704747"}],"curies":[{"name":"wp","href":"https:\/\/api.w.org\/{rel}","templated":true}]}}