{"id":704744,"date":"2025-08-27T15:38:42","date_gmt":"2025-08-27T12:38:42","guid":{"rendered":"https:\/\/roveyayinevi.com.tr\/index.php\/urun\/pengu-kostum-partisi\/"},"modified":"2026-04-16T02:13:34","modified_gmt":"2026-04-15T23:13:34","slug":"pengu-kostum-partisi","status":"publish","type":"product","link":"https:\/\/roveyayinevi.com.tr\/index.php\/urun\/pengu-kostum-partisi\/","title":{"rendered":"Pengu &#8211; Kost\u00fcm Partisi"},"content":{"rendered":"<p>Pengu hayat\u0131nda ilk defa g\u00f6z doktoruna gidece\u011fi i\u00e7in \u00e7ok heyecanl\u0131. Acaba doktor muayene s\u0131ras\u0131nda can\u0131n\u0131 ac\u0131tacak m\u0131 diye endi\u015fe edip duruyor. Ah, ke\u015fke yan\u0131nda \u00e7ok istedi\u011fi ama babas\u0131n\u0131n bir t\u00fcrl\u00fc almak bilmedi\u011fi o oyuncak da olsayd\u0131\u2026 Sahi, Pengu hayalini kurup durdu\u011fu oyunca\u011fa sahip oldu\u011funda her \u015fey \u00e7ok mu g\u00fczel olacak?.. <\/p>\n","protected":false},"excerpt":{"rendered":"<p>Pengu hayat\u0131nda ilk defa g\u00f6z doktoruna gidece\u011fi i\u00e7in \u00e7ok heyecanl\u0131. Acaba doktor muayene s\u0131ras\u0131nda can\u0131n\u0131 ac\u0131tacak m\u0131 diye endi\u015fe edip duruyor. Ah, ke\u015fke yan\u0131nda \u00e7ok istedi\u011fi<span class=\"excerpt-hellip\"> [\u2026]<\/span><\/p>\n","protected":false},"featured_media":0,"template":"","meta":{"_monsterinsights_skip_tracking":false,"_monsterinsights_sitenote_active":false,"_monsterinsights_sitenote_note":"","_monsterinsights_sitenote_category":0},"product_brand":[],"product_cat":[12274,12518],"product_tag":[],"class_list":{"0":"post-704744","1":"product","2":"type-product","3":"status-publish","5":"product_cat-cocuk-ve-genclik-kitaplari","6":"product_cat-okul-oncesi-kitaplar","7":"pa_tur-kitap","8":"pa_yayinevi-ucanbalik-yayincilik","9":"pa_yazar-selen-somer","11":"first","12":"instock","13":"sale","14":"shipping-taxable","15":"purchasable","16":"product-type-simple"},"_links":{"self":[{"href":"https:\/\/roveyayinevi.com.tr\/index.php\/wp-json\/wp\/v2\/product\/704744","targetHints":{"allow":["GET"]}}],"collection":[{"href":"https:\/\/roveyayinevi.com.tr\/index.php\/wp-json\/wp\/v2\/product"}],"about":[{"href":"https:\/\/roveyayinevi.com.tr\/index.php\/wp-json\/wp\/v2\/types\/product"}],"wp:attachment":[{"href":"https:\/\/roveyayinevi.com.tr\/index.php\/wp-json\/wp\/v2\/media?parent=704744"}],"wp:term":[{"taxonomy":"product_brand","embeddable":true,"href":"https:\/\/roveyayinevi.com.tr\/index.php\/wp-json\/wp\/v2\/product_brand?post=704744"},{"taxonomy":"product_cat","embeddable":true,"href":"https:\/\/roveyayinevi.com.tr\/index.php\/wp-json\/wp\/v2\/product_cat?post=704744"},{"taxonomy":"product_tag","embeddable":true,"href":"https:\/\/roveyayinevi.com.tr\/index.php\/wp-json\/wp\/v2\/product_tag?post=704744"}],"curies":[{"name":"wp","href":"https:\/\/api.w.org\/{rel}","templated":true}]}}