{"id":704742,"date":"2025-08-27T15:38:41","date_gmt":"2025-08-27T12:38:41","guid":{"rendered":"https:\/\/roveyayinevi.com.tr\/index.php\/urun\/musa-ve-akhenaton\/"},"modified":"2026-04-16T02:13:34","modified_gmt":"2026-04-15T23:13:34","slug":"musa-ve-akhenaton","status":"publish","type":"product","link":"https:\/\/roveyayinevi.com.tr\/index.php\/urun\/musa-ve-akhenaton\/","title":{"rendered":"Musa ve Akhenaton"},"content":{"rendered":"<p>Milattan \u00f6nce 14. asr\u0131n en tart\u0131\u015fmal\u0131 firavunlar\u0131ndand\u0131. 4. Amonhatep olarak ba\u015flad\u0131\u011f\u0131 iktidar y\u0131llar\u0131n\u0131 Akhenaton ad\u0131yla sonland\u0131rd\u0131. Bu de\u011fi\u015fimin nedeni Tanr\u0131 Amon\u2019a tap\u0131nmaktan vazge\u00e7ip Aton\u2019u tek tanr\u0131 olarak kabul etmesiydi. Kabulle kalmay\u0131p M\u0131s\u0131r\u2019daki di\u011fer inan\u00e7lar\u0131 ve tanr\u0131lar\u0131 yasaklad\u0131. Aton, bundan b\u00f6yle tek tanr\u0131 olacakt\u0131. <\/p>\n","protected":false},"excerpt":{"rendered":"<p>Milattan \u00f6nce 14. asr\u0131n en tart\u0131\u015fmal\u0131 firavunlar\u0131ndand\u0131. 4. Amonhatep olarak ba\u015flad\u0131\u011f\u0131 iktidar y\u0131llar\u0131n\u0131 Akhenaton ad\u0131yla sonland\u0131rd\u0131. Bu de\u011fi\u015fimin nedeni Tanr\u0131 Amon\u2019a tap\u0131nmaktan vazge\u00e7ip Aton\u2019u tek tanr\u0131<span class=\"excerpt-hellip\"> [\u2026]<\/span><\/p>\n","protected":false},"featured_media":0,"template":"","meta":{"_monsterinsights_skip_tracking":false,"_monsterinsights_sitenote_active":false,"_monsterinsights_sitenote_note":"","_monsterinsights_sitenote_category":0},"product_brand":[],"product_cat":[13590,12337],"product_tag":[],"class_list":{"0":"post-704742","1":"product","2":"type-product","3":"status-publish","5":"product_cat-arastirma-inceleme-politika-siyaset","6":"product_cat-politika-siyaset","7":"pa_cilt-ciltsiz","8":"pa_tur-kitap","9":"pa_yayinevi-omega","10":"pa_yazar-ahmed-osman","12":"first","13":"instock","14":"sale","15":"shipping-taxable","16":"purchasable","17":"product-type-simple"},"_links":{"self":[{"href":"https:\/\/roveyayinevi.com.tr\/index.php\/wp-json\/wp\/v2\/product\/704742","targetHints":{"allow":["GET"]}}],"collection":[{"href":"https:\/\/roveyayinevi.com.tr\/index.php\/wp-json\/wp\/v2\/product"}],"about":[{"href":"https:\/\/roveyayinevi.com.tr\/index.php\/wp-json\/wp\/v2\/types\/product"}],"wp:attachment":[{"href":"https:\/\/roveyayinevi.com.tr\/index.php\/wp-json\/wp\/v2\/media?parent=704742"}],"wp:term":[{"taxonomy":"product_brand","embeddable":true,"href":"https:\/\/roveyayinevi.com.tr\/index.php\/wp-json\/wp\/v2\/product_brand?post=704742"},{"taxonomy":"product_cat","embeddable":true,"href":"https:\/\/roveyayinevi.com.tr\/index.php\/wp-json\/wp\/v2\/product_cat?post=704742"},{"taxonomy":"product_tag","embeddable":true,"href":"https:\/\/roveyayinevi.com.tr\/index.php\/wp-json\/wp\/v2\/product_tag?post=704742"}],"curies":[{"name":"wp","href":"https:\/\/api.w.org\/{rel}","templated":true}]}}