{"id":704740,"date":"2025-08-27T15:38:40","date_gmt":"2025-08-27T12:38:40","guid":{"rendered":"https:\/\/roveyayinevi.com.tr\/index.php\/urun\/bebek-koala-banyoda\/"},"modified":"2026-04-16T02:13:34","modified_gmt":"2026-04-15T23:13:34","slug":"bebek-koala-banyoda","status":"publish","type":"product","link":"https:\/\/roveyayinevi.com.tr\/index.php\/urun\/bebek-koala-banyoda\/","title":{"rendered":"Bebek Koala &#8211; Banyoda"},"content":{"rendered":"<p>Yumu\u015fak kapa\u011f\u0131, reng\u00e2renk kal\u0131n sayfalar\u0131 ile 1 ya\u015f ve \u00fczeri minikler i\u00e7in 3 boyutlu bir d\u00fcnya: Bebek Koala!Zeki, heyecanl\u0131 ve merakl\u0131 olan iki ya\u015f\u0131ndaki Bebek Koala&#8217;n\u0131n, en sevdi\u011fi arkada\u015f\u0131 minik hamster ile birlikte g\u00fcnl\u00fck hayattaki rutin geli\u015fmelerin ya da zorluklar\u0131n nas\u0131l da \u00fcstesinden gelebildi\u011fini g\u00f6receksiniz. Ayr\u0131ca banyo yapmak, hediye almak, dostluk, sevgi gibi kavramlar\u0131 \u00e7izgiler sayesinde e\u011flenceli bir dille \u00f6\u011fretebildi\u011fini g\u00f6receksiniz. Hi\u00e7 \u00e7\u0131karmad\u0131\u011f\u0131 renkli kurdeleleriyle, \u00f6zellikle k\u0131z \u00e7ocuklar\u0131n\u0131n kendini \u00f6zde\u015fle\u015ftirebilece\u011fi, e\u011flenceli oldu\u011fu kadar \u00f6\u011fretmeyi de ama\u00e7layan Bebek Koala\u2026 <\/p>\n","protected":false},"excerpt":{"rendered":"<p>Yumu\u015fak kapa\u011f\u0131, reng\u00e2renk kal\u0131n sayfalar\u0131 ile 1 ya\u015f ve \u00fczeri minikler i\u00e7in 3 boyutlu bir d\u00fcnya: Bebek Koala!Zeki, heyecanl\u0131 ve merakl\u0131 olan iki ya\u015f\u0131ndaki Bebek Koala&#8217;n\u0131n,<span class=\"excerpt-hellip\"> [\u2026]<\/span><\/p>\n","protected":false},"featured_media":0,"template":"","meta":{"_monsterinsights_skip_tracking":false,"_monsterinsights_sitenote_active":false,"_monsterinsights_sitenote_note":"","_monsterinsights_sitenote_category":0},"product_brand":[],"product_cat":[12274,12284],"product_tag":[],"class_list":{"0":"post-704740","1":"product","2":"type-product","3":"status-publish","5":"product_cat-cocuk-ve-genclik-kitaplari","6":"product_cat-hikayeler","7":"pa_cilt-ciltsiz","8":"pa_tur-kitap","9":"pa_yayinevi-mandolin-yayinlari","10":"pa_yazar-nadia-berkane","12":"first","13":"instock","14":"sale","15":"shipping-taxable","16":"purchasable","17":"product-type-simple"},"_links":{"self":[{"href":"https:\/\/roveyayinevi.com.tr\/index.php\/wp-json\/wp\/v2\/product\/704740","targetHints":{"allow":["GET"]}}],"collection":[{"href":"https:\/\/roveyayinevi.com.tr\/index.php\/wp-json\/wp\/v2\/product"}],"about":[{"href":"https:\/\/roveyayinevi.com.tr\/index.php\/wp-json\/wp\/v2\/types\/product"}],"wp:attachment":[{"href":"https:\/\/roveyayinevi.com.tr\/index.php\/wp-json\/wp\/v2\/media?parent=704740"}],"wp:term":[{"taxonomy":"product_brand","embeddable":true,"href":"https:\/\/roveyayinevi.com.tr\/index.php\/wp-json\/wp\/v2\/product_brand?post=704740"},{"taxonomy":"product_cat","embeddable":true,"href":"https:\/\/roveyayinevi.com.tr\/index.php\/wp-json\/wp\/v2\/product_cat?post=704740"},{"taxonomy":"product_tag","embeddable":true,"href":"https:\/\/roveyayinevi.com.tr\/index.php\/wp-json\/wp\/v2\/product_tag?post=704740"}],"curies":[{"name":"wp","href":"https:\/\/api.w.org\/{rel}","templated":true}]}}