{"id":704736,"date":"2025-08-27T15:38:39","date_gmt":"2025-08-27T12:38:39","guid":{"rendered":"https:\/\/roveyayinevi.com.tr\/index.php\/urun\/bu-bir-kitap\/"},"modified":"2026-04-08T02:17:51","modified_gmt":"2026-04-07T23:17:51","slug":"bu-bir-kitap","status":"publish","type":"product","link":"https:\/\/roveyayinevi.com.tr\/index.php\/urun\/bu-bir-kitap\/","title":{"rendered":"Bu Bir Kitap"},"content":{"rendered":"<p>Biri kitap m\u0131 dedi!?..Kitabevindeki yeni \u00e7\u0131kanlar raf\u0131ndan alarak elinizde tuttu\u011funuz ya da internette al\u0131\u015fveri\u015f yaparken g\u00f6z\u00fcn\u00fcze \u00e7arpt\u0131\u011f\u0131 i\u00e7in tan\u0131t\u0131m yaz\u0131s\u0131n\u0131 okumaya ba\u015flad\u0131\u011f\u0131n\u0131z bu kitap, internete girebiliyor mu? E-posta g\u00f6nderebiliyor mu? Mesaj atabiliyor mu? Tabii ki hay\u0131r! Neden mi? \u00c7\u00fcnk\u00fc bu bir kitap da ondan\u2026 Peki, dijital d\u00fcnyan\u0131n bizlere sundu\u011fu ola\u011fan\u00fcst\u00fc f\u0131rsatlardan yararlan\u0131p s\u00fcrekli daha fazlas\u0131n\u0131 istemek varken, \u201cmodas\u0131 ge\u00e7mi\u015f\u201d eski bir mecrada tak\u0131l\u0131p kalmak da nesi?.. <\/p>\n","protected":false},"excerpt":{"rendered":"<p>Biri kitap m\u0131 dedi!?..Kitabevindeki yeni \u00e7\u0131kanlar raf\u0131ndan alarak elinizde tuttu\u011funuz ya da internette al\u0131\u015fveri\u015f yaparken g\u00f6z\u00fcn\u00fcze \u00e7arpt\u0131\u011f\u0131 i\u00e7in tan\u0131t\u0131m yaz\u0131s\u0131n\u0131 okumaya ba\u015flad\u0131\u011f\u0131n\u0131z bu kitap, internete girebiliyor<span class=\"excerpt-hellip\"> [\u2026]<\/span><\/p>\n","protected":false},"featured_media":0,"template":"","meta":{"_monsterinsights_skip_tracking":false,"_monsterinsights_sitenote_active":false,"_monsterinsights_sitenote_note":"","_monsterinsights_sitenote_category":0},"product_brand":[],"product_cat":[12274,12284],"product_tag":[],"class_list":{"0":"post-704736","1":"product","2":"type-product","3":"status-publish","5":"product_cat-cocuk-ve-genclik-kitaplari","6":"product_cat-hikayeler","7":"pa_tur-kitap","8":"pa_yayinevi-ucanbalik-yayincilik","9":"pa_yazar-lane-smith","11":"first","12":"instock","13":"sale","14":"shipping-taxable","15":"purchasable","16":"product-type-simple"},"_links":{"self":[{"href":"https:\/\/roveyayinevi.com.tr\/index.php\/wp-json\/wp\/v2\/product\/704736","targetHints":{"allow":["GET"]}}],"collection":[{"href":"https:\/\/roveyayinevi.com.tr\/index.php\/wp-json\/wp\/v2\/product"}],"about":[{"href":"https:\/\/roveyayinevi.com.tr\/index.php\/wp-json\/wp\/v2\/types\/product"}],"wp:attachment":[{"href":"https:\/\/roveyayinevi.com.tr\/index.php\/wp-json\/wp\/v2\/media?parent=704736"}],"wp:term":[{"taxonomy":"product_brand","embeddable":true,"href":"https:\/\/roveyayinevi.com.tr\/index.php\/wp-json\/wp\/v2\/product_brand?post=704736"},{"taxonomy":"product_cat","embeddable":true,"href":"https:\/\/roveyayinevi.com.tr\/index.php\/wp-json\/wp\/v2\/product_cat?post=704736"},{"taxonomy":"product_tag","embeddable":true,"href":"https:\/\/roveyayinevi.com.tr\/index.php\/wp-json\/wp\/v2\/product_tag?post=704736"}],"curies":[{"name":"wp","href":"https:\/\/api.w.org\/{rel}","templated":true}]}}