{"id":704733,"date":"2025-08-27T15:38:37","date_gmt":"2025-08-27T12:38:37","guid":{"rendered":"https:\/\/roveyayinevi.com.tr\/index.php\/urun\/amerika-4\/"},"modified":"2026-04-16T02:13:34","modified_gmt":"2026-04-15T23:13:34","slug":"amerika-4","status":"publish","type":"product","link":"https:\/\/roveyayinevi.com.tr\/index.php\/urun\/amerika-4\/","title":{"rendered":"Amerika"},"content":{"rendered":"<p>Amerika, b\u00fcy\u00fck yazar Kafka&#8217;n\u0131n ilk roman\u0131. Franz Kafka&#8217;n\u0131n 1912&#8217;de yazmaya ba\u015flad\u0131\u011f\u0131 ve Kay\u0131p ad\u0131n\u0131 verdi\u011fi bu eser, yazar\u0131n \u00f6l\u00fcm\u00fcnden sonra arkada\u015f\u0131 Mac Brod taraf\u0131ndan 1927&#8217;de Amerika ad\u0131yla yay\u0131mland\u0131. \ufffcTan\u0131t\u0131m Metni<\/p>\n","protected":false},"excerpt":{"rendered":"<p>Amerika, b\u00fcy\u00fck yazar Kafka&#8217;n\u0131n ilk roman\u0131. Franz Kafka&#8217;n\u0131n 1912&#8217;de yazmaya ba\u015flad\u0131\u011f\u0131 ve Kay\u0131p ad\u0131n\u0131 verdi\u011fi bu eser, yazar\u0131n \u00f6l\u00fcm\u00fcnden sonra arkada\u015f\u0131 Mac Brod taraf\u0131ndan 1927&#8217;de Amerika<span class=\"excerpt-hellip\"> [\u2026]<\/span><\/p>\n","protected":false},"featured_media":0,"template":"","meta":{"_monsterinsights_skip_tracking":false,"_monsterinsights_sitenote_active":false,"_monsterinsights_sitenote_note":"","_monsterinsights_sitenote_category":0},"product_brand":[],"product_cat":[12782,12291],"product_tag":[],"class_list":{"0":"post-704733","1":"product","2":"type-product","3":"status-publish","5":"product_cat-alman-edebiyati","6":"product_cat-edebiyat","7":"pa_cilt-ciltsiz","8":"pa_tur-kitap","9":"pa_yayinevi-can-yayinlari","10":"pa_yazar-franz-kafka","12":"first","13":"instock","14":"sale","15":"shipping-taxable","16":"purchasable","17":"product-type-simple"},"_links":{"self":[{"href":"https:\/\/roveyayinevi.com.tr\/index.php\/wp-json\/wp\/v2\/product\/704733","targetHints":{"allow":["GET"]}}],"collection":[{"href":"https:\/\/roveyayinevi.com.tr\/index.php\/wp-json\/wp\/v2\/product"}],"about":[{"href":"https:\/\/roveyayinevi.com.tr\/index.php\/wp-json\/wp\/v2\/types\/product"}],"wp:attachment":[{"href":"https:\/\/roveyayinevi.com.tr\/index.php\/wp-json\/wp\/v2\/media?parent=704733"}],"wp:term":[{"taxonomy":"product_brand","embeddable":true,"href":"https:\/\/roveyayinevi.com.tr\/index.php\/wp-json\/wp\/v2\/product_brand?post=704733"},{"taxonomy":"product_cat","embeddable":true,"href":"https:\/\/roveyayinevi.com.tr\/index.php\/wp-json\/wp\/v2\/product_cat?post=704733"},{"taxonomy":"product_tag","embeddable":true,"href":"https:\/\/roveyayinevi.com.tr\/index.php\/wp-json\/wp\/v2\/product_tag?post=704733"}],"curies":[{"name":"wp","href":"https:\/\/api.w.org\/{rel}","templated":true}]}}