{"id":704731,"date":"2025-08-27T15:38:36","date_gmt":"2025-08-27T12:38:36","guid":{"rendered":"https:\/\/roveyayinevi.com.tr\/index.php\/urun\/mukaddes-belde-mekke\/"},"modified":"2026-04-16T02:13:34","modified_gmt":"2026-04-15T23:13:34","slug":"mukaddes-belde-mekke","status":"publish","type":"product","link":"https:\/\/roveyayinevi.com.tr\/index.php\/urun\/mukaddes-belde-mekke\/","title":{"rendered":"Mukaddes Belde Mekke"},"content":{"rendered":"<p>\u201cMecaza g\u00f6re Mekke, ar\u015f\u0131n yery\u00fcz\u00fcndeki temsilcisidir. T\u0131pk\u0131 meleklerin g\u00f6klerde Allah\u2019\u0131n ar\u015f\u0131n\u0131 tavaf etmeleri gibi, insanlar da yery\u00fcz\u00fcnde Kabe\u2019yi tavaf ederler. Mekke, yaln\u0131zca cennete giden yol de\u011fil, yery\u00fcz\u00fcndeki cennetin kendisidir. Bir \u2018k\u0131s\u0131r vadi\u2019de yer alsa da \u00f6z\u00fc ba\u015fka bir yerdedir. Mekke yaln\u0131zca bir \u015fehir de\u011fil, metafizik bir fikirdir. Bu y\u00fczden melekler \u00c2dem\u2019in yarat\u0131lmas\u0131 \u00f6ncesinden beri hac yaparlar.\u201d <\/p>\n","protected":false},"excerpt":{"rendered":"<p>\u201cMecaza g\u00f6re Mekke, ar\u015f\u0131n yery\u00fcz\u00fcndeki temsilcisidir. T\u0131pk\u0131 meleklerin g\u00f6klerde Allah\u2019\u0131n ar\u015f\u0131n\u0131 tavaf etmeleri gibi, insanlar da yery\u00fcz\u00fcnde Kabe\u2019yi tavaf ederler. Mekke, yaln\u0131zca cennete giden yol de\u011fil,<span class=\"excerpt-hellip\"> [\u2026]<\/span><\/p>\n","protected":false},"featured_media":0,"template":"","meta":{"_monsterinsights_skip_tracking":false,"_monsterinsights_sitenote_active":false,"_monsterinsights_sitenote_note":"","_monsterinsights_sitenote_category":0},"product_brand":[],"product_cat":[16789,12718,12719],"product_tag":[],"class_list":{"0":"post-704731","1":"product","2":"type-product","3":"status-publish","5":"product_cat-diger-islam","6":"product_cat-din","7":"product_cat-islam","8":"pa_tur-kitap","9":"pa_yayinevi-etkilesim-yayinlari","10":"pa_yazar-ziyauddin-serdar","12":"first","13":"instock","14":"sale","15":"shipping-taxable","16":"purchasable","17":"product-type-simple"},"_links":{"self":[{"href":"https:\/\/roveyayinevi.com.tr\/index.php\/wp-json\/wp\/v2\/product\/704731","targetHints":{"allow":["GET"]}}],"collection":[{"href":"https:\/\/roveyayinevi.com.tr\/index.php\/wp-json\/wp\/v2\/product"}],"about":[{"href":"https:\/\/roveyayinevi.com.tr\/index.php\/wp-json\/wp\/v2\/types\/product"}],"wp:attachment":[{"href":"https:\/\/roveyayinevi.com.tr\/index.php\/wp-json\/wp\/v2\/media?parent=704731"}],"wp:term":[{"taxonomy":"product_brand","embeddable":true,"href":"https:\/\/roveyayinevi.com.tr\/index.php\/wp-json\/wp\/v2\/product_brand?post=704731"},{"taxonomy":"product_cat","embeddable":true,"href":"https:\/\/roveyayinevi.com.tr\/index.php\/wp-json\/wp\/v2\/product_cat?post=704731"},{"taxonomy":"product_tag","embeddable":true,"href":"https:\/\/roveyayinevi.com.tr\/index.php\/wp-json\/wp\/v2\/product_tag?post=704731"}],"curies":[{"name":"wp","href":"https:\/\/api.w.org\/{rel}","templated":true}]}}