{"id":704730,"date":"2025-08-27T15:38:36","date_gmt":"2025-08-27T12:38:36","guid":{"rendered":"https:\/\/roveyayinevi.com.tr\/index.php\/urun\/turk-dilinde-edatlar\/"},"modified":"2026-04-16T02:13:34","modified_gmt":"2026-04-15T23:13:34","slug":"turk-dilinde-edatlar","status":"publish","type":"product","link":"https:\/\/roveyayinevi.com.tr\/index.php\/urun\/turk-dilinde-edatlar\/","title":{"rendered":"T\u00fcrk Dilinde Edatlar"},"content":{"rendered":"<p>T\u00fcrk Dilinde Edatlar Prof. Dr. Necmettin Hac\u0131emino\u011flu\u2019nun do\u00e7entlik \u00e7al\u0131\u015fmas\u0131 olarak haz\u0131rlam\u0131\u015f oldu\u011fu eserdir. T\u00fcrk Dili ve Edebiyat\u0131 b\u00f6l\u00fcm\u00fc \u00f6\u011frencileri, edebiyat \u00f6\u011fretmenleri ve bu alanda \u00e7al\u0131\u015fan bilim adamlar\u0131 i\u00e7in bir kaynak eser niteli\u011fi ta\u015f\u0131yan kitab\u0131n yakla\u015f\u0131k 25 y\u0131ld\u0131r bask\u0131s\u0131 yap\u0131lmam\u0131\u015f ve eksikli\u011fi de hep hissedilmi\u015ftir. <\/p>\n","protected":false},"excerpt":{"rendered":"<p>T\u00fcrk Dilinde Edatlar Prof. Dr. Necmettin Hac\u0131emino\u011flu\u2019nun do\u00e7entlik \u00e7al\u0131\u015fmas\u0131 olarak haz\u0131rlam\u0131\u015f oldu\u011fu eserdir. T\u00fcrk Dili ve Edebiyat\u0131 b\u00f6l\u00fcm\u00fc \u00f6\u011frencileri, edebiyat \u00f6\u011fretmenleri ve bu alanda \u00e7al\u0131\u015fan bilim<span class=\"excerpt-hellip\"> [\u2026]<\/span><\/p>\n","protected":false},"featured_media":0,"template":"","meta":{"_monsterinsights_skip_tracking":false,"_monsterinsights_sitenote_active":false,"_monsterinsights_sitenote_note":"","_monsterinsights_sitenote_category":0},"product_brand":[],"product_cat":[20225,12291],"product_tag":[],"class_list":{"0":"post-704730","1":"product","2":"type-product","3":"status-publish","5":"product_cat-dil-bilim","6":"product_cat-edebiyat","7":"pa_tur-kitap","8":"pa_yayinevi-bilge-kultur-sanat","9":"pa_yazar-necmettin-hacieminoglu","11":"first","12":"instock","13":"sale","14":"shipping-taxable","15":"purchasable","16":"product-type-simple"},"_links":{"self":[{"href":"https:\/\/roveyayinevi.com.tr\/index.php\/wp-json\/wp\/v2\/product\/704730","targetHints":{"allow":["GET"]}}],"collection":[{"href":"https:\/\/roveyayinevi.com.tr\/index.php\/wp-json\/wp\/v2\/product"}],"about":[{"href":"https:\/\/roveyayinevi.com.tr\/index.php\/wp-json\/wp\/v2\/types\/product"}],"wp:attachment":[{"href":"https:\/\/roveyayinevi.com.tr\/index.php\/wp-json\/wp\/v2\/media?parent=704730"}],"wp:term":[{"taxonomy":"product_brand","embeddable":true,"href":"https:\/\/roveyayinevi.com.tr\/index.php\/wp-json\/wp\/v2\/product_brand?post=704730"},{"taxonomy":"product_cat","embeddable":true,"href":"https:\/\/roveyayinevi.com.tr\/index.php\/wp-json\/wp\/v2\/product_cat?post=704730"},{"taxonomy":"product_tag","embeddable":true,"href":"https:\/\/roveyayinevi.com.tr\/index.php\/wp-json\/wp\/v2\/product_tag?post=704730"}],"curies":[{"name":"wp","href":"https:\/\/api.w.org\/{rel}","templated":true}]}}