{"id":704729,"date":"2025-08-27T15:38:36","date_gmt":"2025-08-27T12:38:36","guid":{"rendered":"https:\/\/roveyayinevi.com.tr\/index.php\/urun\/insanciklar-3\/"},"modified":"2026-04-16T02:13:34","modified_gmt":"2026-04-15T23:13:34","slug":"insanciklar-3","status":"publish","type":"product","link":"https:\/\/roveyayinevi.com.tr\/index.php\/urun\/insanciklar-3\/","title":{"rendered":"\u0130nsanc\u0131klar"},"content":{"rendered":"<p>Y\u0131l 1846\u2019d\u0131r. Gen\u00e7 Dostoyevski, ilk roman\u0131 \u0130nsanc\u0131klar\u2019\u0131 tamamlar tamamlamaz ev arkada\u015f\u0131 yazar Grigorovi\u00e7\u2019e okutur. Grigorovi\u00e7 o kadar heyecanlan\u0131r ki birka\u00e7 kez kalk\u0131p Fyodor\u2019un boynuna sar\u0131lmak ister; fakat arkada\u015f\u0131n\u0131n a\u015f\u0131r\u0131 duygu g\u00f6sterilerinden ho\u015flanmad\u0131\u011f\u0131n\u0131 bildi\u011fi i\u00e7in yapmaz. Grigorovi\u00e7 ertesi g\u00fcn roman\u0131 yazar ve yay\u0131mc\u0131 Nekrasov\u2019a g\u00f6t\u00fcr\u00fcr; kitaptan \u00e7ok etkilenen Nekrasov da ele\u015ftirmen Belinski\u2019ye&#8230; &#8220;Yeni Gogol do\u011fdu!&#8221; der, Nekrasov, daha kap\u0131 a\u011fz\u0131nda.Ayn\u0131 g\u00fcn\u00fcn ak\u015fam\u0131, Belinski\u2019ye tekrar u\u011frad\u0131\u011f\u0131nda onu heyecan i\u00e7inde bulur: &#8220;Nerede kald\u0131n\u0131z? Nerede bu Dostoyevskiniz? Gen\u00e7 mi? Ka\u00e7 ya\u015f\u0131nda? Hemen getirin bana onu!&#8221; Belinski\u2019nin evine getirilen yirmi \u00fc\u00e7 ya\u015f\u0131ndaki gen\u00e7 yazar, daha sonra orada olanlar\u0131 \u015f\u00f6yle anlatacakt\u0131r: &#8220;Ve i\u015fte&#8230; beni onun yan\u0131na g\u00f6t\u00fcrd\u00fcler. Belinski\u2019yi birka\u00e7 y\u0131l \u00f6nce heyecanla okumu\u015ftum, ama bana \u00fcrk\u00fct\u00fcc\u00fc ve sert gelmi\u015fti ve benim \u0130nsanc\u0131klar\u2019\u0131mla alay edecek diye d\u00fc\u015f\u00fcn\u00fcyordum. Beni \u00e7ok sayg\u0131l\u0131 ve a\u011f\u0131rba\u015fl\u0131 bir \u015fekilde kar\u015f\u0131lad\u0131; ama daha bir dakika bile ge\u00e7meden her \u015fey bamba\u015fka oldu&#8230;Ate\u015fli ate\u015fli, alevli g\u00f6zlerle konu\u015fuyordu. &#8220;Siz kendiniz anl\u0131yor musunuz?&#8221; diyordu bana tekrar tekrar, al\u0131\u015fkanl\u0131\u011f\u0131 oldu\u011fu \u00fczere ba\u011f\u0131rarak, &#8220;Ne yazm\u0131\u015f oldu\u011funuzu anl\u0131yor musunuz?.. B\u00fct\u00fcn bu korkun\u00e7 ger\u00e7e\u011fi, bizlere g\u00f6stermi\u015f oldu\u011funuz bu ger\u00e7e\u011fi siz mi d\u00fc\u015f\u00fcnd\u00fcn\u00fcz? Olamaz, sizin gibi yirmi ya\u015f\u0131nda birinin b\u00fct\u00fcn bunlar\u0131 anlam\u0131\u015f olmas\u0131na imk\u00e2n yok&#8230; Ger\u00e7e\u011fi ke\u015ffetmi\u015f ve bir sanat\u00e7\u0131 olarak ilan etmi\u015fsiniz, size bir yetenek verilmi\u015f, yetene\u011finizin de\u011ferini bilin ve emin olun, siz b\u00fcy\u00fck bir yazar olacaks\u0131n\u0131z.&#8221; Y\u0131l 2013. 167 y\u0131l sonra Dostoyevski her ku\u015fa\u011f\u0131n ba\u015fucu yazarlar\u0131ndan olma \u00f6zelli\u011fini koruyor ve \u0130nsanc\u0131klar, onun d\u00fcnya edebiyat\u0131na ilk arma\u011fan\u0131&#8230;<\/p>\n","protected":false},"excerpt":{"rendered":"<p>Y\u0131l 1846\u2019d\u0131r. Gen\u00e7 Dostoyevski, ilk roman\u0131 \u0130nsanc\u0131klar\u2019\u0131 tamamlar tamamlamaz ev arkada\u015f\u0131 yazar Grigorovi\u00e7\u2019e okutur. Grigorovi\u00e7 o kadar heyecanlan\u0131r ki birka\u00e7 kez kalk\u0131p Fyodor\u2019un boynuna sar\u0131lmak ister;<span class=\"excerpt-hellip\"> [\u2026]<\/span><\/p>\n","protected":false},"featured_media":0,"template":"","meta":{"_monsterinsights_skip_tracking":false,"_monsterinsights_sitenote_active":false,"_monsterinsights_sitenote_note":"","_monsterinsights_sitenote_category":0},"product_brand":[],"product_cat":[12291,12711],"product_tag":[],"class_list":{"0":"post-704729","1":"product","2":"type-product","3":"status-publish","5":"product_cat-edebiyat","6":"product_cat-roman-oyku","7":"pa_cilt-ciltsiz","8":"pa_tur-kitap","9":"pa_yayinevi-can-yayinlari","10":"pa_yazar-fyodor-mihaylovic-dostoyevski","12":"first","13":"instock","14":"sale","15":"shipping-taxable","16":"purchasable","17":"product-type-simple"},"_links":{"self":[{"href":"https:\/\/roveyayinevi.com.tr\/index.php\/wp-json\/wp\/v2\/product\/704729","targetHints":{"allow":["GET"]}}],"collection":[{"href":"https:\/\/roveyayinevi.com.tr\/index.php\/wp-json\/wp\/v2\/product"}],"about":[{"href":"https:\/\/roveyayinevi.com.tr\/index.php\/wp-json\/wp\/v2\/types\/product"}],"wp:attachment":[{"href":"https:\/\/roveyayinevi.com.tr\/index.php\/wp-json\/wp\/v2\/media?parent=704729"}],"wp:term":[{"taxonomy":"product_brand","embeddable":true,"href":"https:\/\/roveyayinevi.com.tr\/index.php\/wp-json\/wp\/v2\/product_brand?post=704729"},{"taxonomy":"product_cat","embeddable":true,"href":"https:\/\/roveyayinevi.com.tr\/index.php\/wp-json\/wp\/v2\/product_cat?post=704729"},{"taxonomy":"product_tag","embeddable":true,"href":"https:\/\/roveyayinevi.com.tr\/index.php\/wp-json\/wp\/v2\/product_tag?post=704729"}],"curies":[{"name":"wp","href":"https:\/\/api.w.org\/{rel}","templated":true}]}}