{"id":704726,"date":"2025-08-27T15:38:34","date_gmt":"2025-08-27T12:38:34","guid":{"rendered":"https:\/\/roveyayinevi.com.tr\/index.php\/urun\/kis-patatesi-koftesi\/"},"modified":"2026-04-16T02:13:34","modified_gmt":"2026-04-15T23:13:34","slug":"kis-patatesi-koftesi","status":"publish","type":"product","link":"https:\/\/roveyayinevi.com.tr\/index.php\/urun\/kis-patatesi-koftesi\/","title":{"rendered":"K\u0131\u015f Patatesi K\u00f6ftesi"},"content":{"rendered":"<p>Frans\u0131z Eberhofer, disiplinsizlik nedeniyle M\u00fcnih polis te\u015fkilat\u0131ndan A\u015fa\u011f\u0131 Bavyera&#8217;daki memleketi Niederkaltenkirchen&#8217;e s\u00fcr\u00fclm\u00fc\u015ft\u00fcr. Masa ba\u015f\u0131nda katiplikle ge\u00e7en g\u00fcnlerinde nadiren \u00e7\u0131kt\u0131\u011f\u0131 devriyeleri, Wolfi&#8217;nin bar\u0131nda ya da top patlasa duymayacak kadar sa\u011f\u0131r olan b\u00fcy\u00fckannesi Lenerl&#8217;in sofras\u0131nda sonlanmaktad\u0131r. <\/p>\n","protected":false},"excerpt":{"rendered":"<p>Frans\u0131z Eberhofer, disiplinsizlik nedeniyle M\u00fcnih polis te\u015fkilat\u0131ndan A\u015fa\u011f\u0131 Bavyera&#8217;daki memleketi Niederkaltenkirchen&#8217;e s\u00fcr\u00fclm\u00fc\u015ft\u00fcr. Masa ba\u015f\u0131nda katiplikle ge\u00e7en g\u00fcnlerinde nadiren \u00e7\u0131kt\u0131\u011f\u0131 devriyeleri, Wolfi&#8217;nin bar\u0131nda ya da top patlasa<span class=\"excerpt-hellip\"> [\u2026]<\/span><\/p>\n","protected":false},"featured_media":0,"template":"","meta":{"_monsterinsights_skip_tracking":false,"_monsterinsights_sitenote_active":false,"_monsterinsights_sitenote_note":"","_monsterinsights_sitenote_category":0},"product_brand":[],"product_cat":[12782,12291],"product_tag":[],"class_list":{"0":"post-704726","1":"product","2":"type-product","3":"status-publish","5":"product_cat-alman-edebiyati","6":"product_cat-edebiyat","7":"pa_tur-kitap","8":"pa_yayinevi-pegasus-yayinlari","9":"pa_yazar-rita-falk","11":"first","12":"instock","13":"sale","14":"shipping-taxable","15":"purchasable","16":"product-type-simple"},"_links":{"self":[{"href":"https:\/\/roveyayinevi.com.tr\/index.php\/wp-json\/wp\/v2\/product\/704726","targetHints":{"allow":["GET"]}}],"collection":[{"href":"https:\/\/roveyayinevi.com.tr\/index.php\/wp-json\/wp\/v2\/product"}],"about":[{"href":"https:\/\/roveyayinevi.com.tr\/index.php\/wp-json\/wp\/v2\/types\/product"}],"wp:attachment":[{"href":"https:\/\/roveyayinevi.com.tr\/index.php\/wp-json\/wp\/v2\/media?parent=704726"}],"wp:term":[{"taxonomy":"product_brand","embeddable":true,"href":"https:\/\/roveyayinevi.com.tr\/index.php\/wp-json\/wp\/v2\/product_brand?post=704726"},{"taxonomy":"product_cat","embeddable":true,"href":"https:\/\/roveyayinevi.com.tr\/index.php\/wp-json\/wp\/v2\/product_cat?post=704726"},{"taxonomy":"product_tag","embeddable":true,"href":"https:\/\/roveyayinevi.com.tr\/index.php\/wp-json\/wp\/v2\/product_tag?post=704726"}],"curies":[{"name":"wp","href":"https:\/\/api.w.org\/{rel}","templated":true}]}}