{"id":704725,"date":"2025-08-27T15:38:34","date_gmt":"2025-08-27T12:38:34","guid":{"rendered":"https:\/\/roveyayinevi.com.tr\/index.php\/urun\/kalkinma-surecinde-calisma-ekonomisi-uzerine-dusunceler\/"},"modified":"2026-04-16T02:13:34","modified_gmt":"2026-04-15T23:13:34","slug":"kalkinma-surecinde-calisma-ekonomisi-uzerine-dusunceler","status":"publish","type":"product","link":"https:\/\/roveyayinevi.com.tr\/index.php\/urun\/kalkinma-surecinde-calisma-ekonomisi-uzerine-dusunceler\/","title":{"rendered":"Kalk\u0131nma S\u00fcrecinde \u00c7al\u0131\u015fma Ekonomisi \u00dczerine D\u00fc\u015f\u00fcnceler"},"content":{"rendered":"<p>\u0130stihdam durumunun, yoksulluktan kurtulma ve i\u015fg\u00fcc\u00fcne kat\u0131l\u0131m\u0131 te\u015fvikte temel belirleyici olmas\u0131ndan dolay\u0131 i\u015fg\u00fcc\u00fc piyasas\u0131 geli\u015fmekte olan \u00fclkelerde ekonomik ve sosyal ilerlemeyi belirlemede merkezi bir rol oynar. H\u00fck\u00fcmetler artan bir bi\u00e7imde insanca i\u015fi te\u015fvik eden politikalara \u00f6ncelik verirken, genellikle karma\u015f\u0131k olan i\u015fg\u00fcc\u00fc piyasalar\u0131 ve kalk\u0131nma aras\u0131ndaki ili\u015fki i\u00e7in daha iyi bir anlay\u0131\u015fa ihtiya\u00e7 vard\u0131r. <\/p>\n","protected":false},"excerpt":{"rendered":"<p>\u0130stihdam durumunun, yoksulluktan kurtulma ve i\u015fg\u00fcc\u00fcne kat\u0131l\u0131m\u0131 te\u015fvikte temel belirleyici olmas\u0131ndan dolay\u0131 i\u015fg\u00fcc\u00fc piyasas\u0131 geli\u015fmekte olan \u00fclkelerde ekonomik ve sosyal ilerlemeyi belirlemede merkezi bir rol oynar.<span class=\"excerpt-hellip\"> [\u2026]<\/span><\/p>\n","protected":false},"featured_media":0,"template":"","meta":{"_monsterinsights_skip_tracking":false,"_monsterinsights_sitenote_active":false,"_monsterinsights_sitenote_note":"","_monsterinsights_sitenote_category":0},"product_brand":[],"product_cat":[12573,12566],"product_tag":[],"class_list":{"0":"post-704725","1":"product","2":"type-product","3":"status-publish","5":"product_cat-akademik-kitaplar","6":"product_cat-egitim","7":"pa_tur-kitap","8":"pa_yayinevi-efil-yayinevi","9":"pa_yazar-kolektif","11":"first","12":"instock","13":"sale","14":"shipping-taxable","15":"purchasable","16":"product-type-simple"},"_links":{"self":[{"href":"https:\/\/roveyayinevi.com.tr\/index.php\/wp-json\/wp\/v2\/product\/704725","targetHints":{"allow":["GET"]}}],"collection":[{"href":"https:\/\/roveyayinevi.com.tr\/index.php\/wp-json\/wp\/v2\/product"}],"about":[{"href":"https:\/\/roveyayinevi.com.tr\/index.php\/wp-json\/wp\/v2\/types\/product"}],"wp:attachment":[{"href":"https:\/\/roveyayinevi.com.tr\/index.php\/wp-json\/wp\/v2\/media?parent=704725"}],"wp:term":[{"taxonomy":"product_brand","embeddable":true,"href":"https:\/\/roveyayinevi.com.tr\/index.php\/wp-json\/wp\/v2\/product_brand?post=704725"},{"taxonomy":"product_cat","embeddable":true,"href":"https:\/\/roveyayinevi.com.tr\/index.php\/wp-json\/wp\/v2\/product_cat?post=704725"},{"taxonomy":"product_tag","embeddable":true,"href":"https:\/\/roveyayinevi.com.tr\/index.php\/wp-json\/wp\/v2\/product_tag?post=704725"}],"curies":[{"name":"wp","href":"https:\/\/api.w.org\/{rel}","templated":true}]}}