{"id":704724,"date":"2025-08-27T15:38:33","date_gmt":"2025-08-27T12:38:33","guid":{"rendered":"https:\/\/roveyayinevi.com.tr\/index.php\/urun\/burma-gunleri\/"},"modified":"2026-04-16T02:13:34","modified_gmt":"2026-04-15T23:13:34","slug":"burma-gunleri","status":"publish","type":"product","link":"https:\/\/roveyayinevi.com.tr\/index.php\/urun\/burma-gunleri\/","title":{"rendered":"Burma G\u00fcnleri"},"content":{"rendered":"<p>Bu \u00fclkede bulunmam\u0131z\u0131n, h\u0131rs\u0131zl\u0131ktan ba\u015fka bir nedeni oldu\u011funu s\u00f6yleyebilir misiniz? Bu \u00f6ylesine kolay ki. \u0130ngiltere &#8216;nin memuru, Burmal\u0131 &#8216;n\u0131n kollar\u0131n\u0131 tutar, t\u00fcccar da adam\u0131n ceplerini bo\u015falt\u0131r. Britanya \u0130mparatorlu\u011fu, \u0130ngilizlerin, daha do\u011frusu Yahudi ve \u0130sko\u00e7 \u00e7etelerinin ticaret tekelleri kurmalann\u0131 sa\u011flayan bir arac\u0131dan ba\u015fka bir \u015fey de\u011fildir. \ufffc<\/p>\n","protected":false},"excerpt":{"rendered":"<p>Bu \u00fclkede bulunmam\u0131z\u0131n, h\u0131rs\u0131zl\u0131ktan ba\u015fka bir nedeni oldu\u011funu s\u00f6yleyebilir misiniz? Bu \u00f6ylesine kolay ki. \u0130ngiltere &#8216;nin memuru, Burmal\u0131 &#8216;n\u0131n kollar\u0131n\u0131 tutar, t\u00fcccar da adam\u0131n ceplerini bo\u015falt\u0131r.<span class=\"excerpt-hellip\"> [\u2026]<\/span><\/p>\n","protected":false},"featured_media":0,"template":"","meta":{"_monsterinsights_skip_tracking":false,"_monsterinsights_sitenote_active":false,"_monsterinsights_sitenote_note":"","_monsterinsights_sitenote_category":0},"product_brand":[],"product_cat":[12291,12866],"product_tag":[],"class_list":{"0":"post-704724","1":"product","2":"type-product","3":"status-publish","5":"product_cat-edebiyat","6":"product_cat-ingiliz-edebiyati","7":"pa_cilt-ciltsiz","8":"pa_tur-kitap","9":"pa_yayinevi-can-yayinlari","10":"pa_yazar-george-orwell","12":"first","13":"instock","14":"sale","15":"shipping-taxable","16":"purchasable","17":"product-type-simple"},"_links":{"self":[{"href":"https:\/\/roveyayinevi.com.tr\/index.php\/wp-json\/wp\/v2\/product\/704724","targetHints":{"allow":["GET"]}}],"collection":[{"href":"https:\/\/roveyayinevi.com.tr\/index.php\/wp-json\/wp\/v2\/product"}],"about":[{"href":"https:\/\/roveyayinevi.com.tr\/index.php\/wp-json\/wp\/v2\/types\/product"}],"wp:attachment":[{"href":"https:\/\/roveyayinevi.com.tr\/index.php\/wp-json\/wp\/v2\/media?parent=704724"}],"wp:term":[{"taxonomy":"product_brand","embeddable":true,"href":"https:\/\/roveyayinevi.com.tr\/index.php\/wp-json\/wp\/v2\/product_brand?post=704724"},{"taxonomy":"product_cat","embeddable":true,"href":"https:\/\/roveyayinevi.com.tr\/index.php\/wp-json\/wp\/v2\/product_cat?post=704724"},{"taxonomy":"product_tag","embeddable":true,"href":"https:\/\/roveyayinevi.com.tr\/index.php\/wp-json\/wp\/v2\/product_tag?post=704724"}],"curies":[{"name":"wp","href":"https:\/\/api.w.org\/{rel}","templated":true}]}}